{"id":107,"date":"2024-01-10T10:13:58","date_gmt":"2024-01-10T13:13:58","guid":{"rendered":"https:\/\/akioras.com.br\/modeloargon\/?page_id=107"},"modified":"2024-01-10T10:13:59","modified_gmt":"2024-01-10T13:13:59","slug":"pedido-certidao-de-notas","status":"publish","type":"page","link":"https:\/\/akioras.com.br\/modeloargon\/pedido-certidao-de-notas\/","title":{"rendered":"Pedido Certid\u00e3o de Notas"},"content":{"rendered":"\n<div class=\"wp-block-group alignwide is-layout-flow wp-block-group-is-layout-flow\">\n<!DOCTYPE html>\n<html lang=\"pt-br\">\n<head>\n    <meta charset=\"UTF-8\">\n    <meta name=\"viewport\" content=\"width=device-width, initial-scale=1.0\">\n   <script src=\"https:\/\/code.jquery.com\/jquery-3.3.1.min.js\" integrity=\"sha256-FgpCb\/KJQlLNfOu91ta32o\/NMZxltwRo8QtmkMRdAu8= sha256-T+aPohYXbm0fRYDpJLr+zJ9RmYTswGsahAoIsNiMld4=\" crossorigin=\"anonymous\"><\/script>\n    <script src=\"https:\/\/cdnjs.cloudflare.com\/ajax\/libs\/jquery.inputmask\/3.3.4\/jquery.inputmask.bundle.min.js\"><\/script>\n    <script src=\"https:\/\/kit.fontawesome.com\/99b128ddb7.js\" crossorigin=\"anonymous\"><\/script>\n    <link rel=\"stylesheet\" href=\"..\/wp-content\/themes\/titan-digital-agency\/argon\/css\/f.css\">\n<\/head>\n<body>\n    <div class=\"formContainer\">\n        <div class=\"contentForm\">\n            <!--<div class=\"titlePageForm\">\n                <h2>Pedido de Certid\u00e3o<\/h2>\n            <\/div>-->\n            <div class=\"progressForm\">\n                <div class=\"step\">\n                    <p>Dados Requerente<\/p>\n                    <div class=\"bullet\">\n                        <span>1<\/span>\n                    <\/div>\n                    <div class=\"check fas fa-check\"><\/div>\n                <\/div>\n                <div class=\"step\">\n                    <p>Dados Registrados<\/p>\n                    <div class=\"bullet\">\n                        <span>2<\/span>\n                    <\/div>\n                    <div class=\"check fas fa-check\"><\/div>\n                <\/div>\n                <div class=\"step\">\n                    <p>Dados Certid\u00e3o<\/p>\n                    <div class=\"bullet\">\n                        <span>3<\/span>\n                    <\/div>\n                    <div class=\"check fas fa-check\"><\/div>\n                <\/div>\n                <div class=\"step\">\n                    <p>Envio<\/p>\n                    <div class=\"bullet\">\n                        <span>4<\/span>\n                    <\/div>\n                    <div class=\"check fas fa-check\"><\/div>\n                <\/div>\n            <\/div>\n            <div class=\"formOuter\">\n                <form action=\"#\" id=\"meuFormulario\">\n                    <!-- PAGINA 01 -->\n                    <div class=\"pageForm slidepage\" id=\"page01\">\n                        <div class=\"titleForm\">Dados do Requerente<\/div>\n                        <div class=\"field\">\n                            <div class=\"label\">Nome<\/div>\n                            <input type=\"text\" name=\"nomeRequerente\" id=\"nomeRequerenteId\" required>\n                        <\/div>\n                        <div class=\"field\">\n                            <div class=\"label\">E-mail<\/div>\n                            <input type=\"email\" name=\"emailRequerente\" id=\"emailRequerenteId\" required>\n                        <\/div>\n                        <div class=\"field\">\n                            <div class=\"label\">Telefone<\/div>\n                            <input type=\"text\" name=\"telefoneRequerente\" id=\"telefoneRequerenteId\" required>\n                        <\/div>\n                        <div class=\"field nextBtn\">\n                            <button type=\"button\">PR\u00d3XIMO<\/button>\n                        <\/div>\n                    <\/div>\n                    <!-- FIM PAGINA 01 -->\n                    <!-- PAGINA 02 -->\n                    <div class=\"pageForm\" id=\"page02\">\n                        <div class=\"titleForm\">Dados do Registrado<\/div>\n                        <div class=\"field\">\n                            <div class=\"label\">Nome Outorgante<\/div>\n                            <input type=\"text\" name=\"nomeOutorgante\" id=\"nomeOutorganteId\" required>\n                        <\/div>\n                        <div class=\"field\" id=\"fieldRadio\">\n                            <div class=\"label\">Tipo Outorgante<\/div>\n                            <div class=\"radioInput\">\n                                <input type=\"radio\" id=\"cpfOutorganteId\" name=\"cpfCnpjOutorganteRadio\" value=\"Pessoa f\u00edsica\" required\/>\n                                <label for=\"Pessoa f\u00edsica\">Pessoa F\u00edsica<\/label>\n                            <\/div>\n                            <div class=\"radioInput\">\n                                <input type=\"radio\" id=\"cnpjOutorganteId\" name=\"cpfCnpjOutorganteRadio\" value=\"Pessoa jur\u00eddica\" required\/>\n                                <label for=\"Pessoa jur\u00eddica\">Pessoa Jur\u00eddica<\/label>\n                            <\/div>\n                        <\/div>\n                        <div class=\"field\">\n                            <div class=\"label\">CPF\/CNPJ Outorgante<\/div>\n                            <input type=\"text\" name=\"cpfCnpjOutorgante\" id=\"cpfCnpjOutorganteId\" required>\n                        <\/div>\n\n                        <div class=\"field\">\n                            <div class=\"label\">Nome Outorgado<\/div>\n                            <input type=\"text\" name=\"nomeOutorgado\" id=\"nomeOutorgadoId\" required>\n                        <\/div>\n                        <div class=\"field\" id=\"fieldRadio\">\n                            <div class=\"label\">Tipo Outorgante<\/div>\n                            <div class=\"radioInput\">\n                                <input type=\"radio\" id=\"cpfOutorgadoId\" name=\"cpfCnpjOutorgadoRadio\" value=\"Pessoa f\u00edsica\" required\/>\n                                <label for=\"Pessoa f\u00edsica\">Pessoa Fisica<\/label>\n                            <\/div>\n                            <div class=\"radioInput\">\n                                <input type=\"radio\" id=\"cnpjOutorgadoId\" name=\"cpfCnpjOutorgadoRadio\" value=\"Pessoa jur\u00eddica\" required\/>\n                                <label for=\"Pessoa jur\u00eddica\">Pessoa Juridica<\/label>\n                            <\/div>\n                        <\/div>\n                        <div class=\"field\">\n                            <div class=\"label\">CPF\/CNPJ Outorgado<\/div>\n                            <input type=\"text\" name=\"cpfCnpjOutorgado\" id=\"cpfCnpjOutorgadoId\" required>\n                        <\/div>\n                        <div class=\"field btns\">\n                            <button class=\"prev-1 prev\" type=\"button\">Voltar<\/button>\n                            <button class=\"next-1 next\" type=\"button\">PR\u00d3XIMO<\/button>\n                        <\/div>\n                    <\/div>\n                    <!-- FIM PAGINA 02 -->\n                    <!-- PAGINA 03 -->\n                    <div class=\"pageForm\" id=\"page03\">\n                        <div class=\"titleForm\">Dados da Certid\u00e3o<\/div>\n                        <div class=\"field\">\n                            <div class=\"label\">Livro<\/div>\n                            <input type=\"text\" name=\"livroNotas\" id=\"livroNotasId\" required>\n                        <\/div>\n                        <div class=\"field\">\n                            <div class=\"label\">Livro Complemento<\/div>\n                            <input type=\"text\" name=\"livroComplemento\" id=\"livroComplementoId\">\n                        <\/div>\n                        <div class=\"field\">\n                            <div class=\"label\">Folha inicial<\/div>\n                            <input type=\"text\" name=\"folhaInicial\" id=\"folhaInicialId\" required>\n                        <\/div>\n                        <div class=\"field\">\n                            <div class=\"label\">Folha Final<\/div>\n                            <input type=\"text\" name=\"folhaFinal\" id=\"folhaFinalId\">\n                        <\/div>\n                        <div class=\"field\">\n                            <div class=\"label\">Tipo de Ato<\/div>\n                            <select name=\"tipoAto\" id=\"tipoAtoId\" required>\n                                <option value=\"Procura\u00e7\u00e3o\">Procura\u00e7\u00e3o<\/option>\n                                <option value=\"Escritura\">Escritura<\/option>\n                                <option value=\"Testamento\">Testamento<\/option>\n                            <\/select>\n                        <\/div>\n                        <div class=\"field btns\">\n                            <button class=\"prev-2 prev\" type=\"button\">Voltar<\/button>\n                            <button class=\"next-2 next\" type=\"button\">PR\u00d3XIMO<\/button>\n                        <\/div>\n                    <\/div>\n                    <!-- FIM PAGINA 03 -->\n                    <!-- PAGINA 04 -->\n                    <div class=\"pageForm\" id=\"page04\">\n                        <div class=\"titleForm\">Dados do Pedido<\/div>\n                        <div class=\"field\" id=\"fieldRadio\">\n                            <div class=\"label\">Entrega<\/div>\n                            <div class=\"radioInput\">\n                                <input type=\"radio\" id=\"retirar\" name=\"entrega\" value=\"retirar\" required checked\/>\n                                <label for=\"retirar\">Retirar no Cart\u00f3rio<\/label>\n                            <\/div>\n                            <div class=\"radioInput\">\n                                <input type=\"radio\" id=\"receber\" name=\"entrega\" value=\"receber\" required\/>\n                                <label for=\"receber\">Receber em Casa<\/label>\n                            <\/div>\n                        <\/div>\n                    \n                        <!-- Campos de Endere\u00e7o (inicialmente ocultos) -->\n                        <div class=\"field\" id=\"cepField\">\n                            <div class=\"label\">CEP<\/div>\n                            <input type=\"text\" name=\"cepEntrega\" id=\"cepEntregaId\" required>\n                        <\/div>\n                        <div class=\"field\" id=\"enderecoField\" class=\"hidden\">\n                            <div>                            \n                                <div class=\"label\">Endere\u00e7o<\/div>\n                                <input type=\"text\" name=\"enderecoEntrega\" id=\"enderecoEntregaId\" required>\n                            <\/div>\n                            <div>\n                                <div class=\"label\">N\u00famero<\/div>\n                                <input type=\"text\" name=\"numeroEntrega\" id=\"numeroEntregaId\" required>\n                            <\/div>\n                        <\/div>\n                        <div class=\"field\" id=\"bairroField\" class=\"hidden\">\n                            <div class=\"label\">Bairro<\/div>\n                            <input type=\"text\" name=\"bairroEntrega\" id=\"bairroEntregaId\" required>\n                        <\/div>\n                        <div class=\"field\" id=\"cidadeField\" class=\"hidden\">\n                            <div class=\"label\">Cidade<\/div>\n                            <input type=\"text\" name=\"cidadeEntrega\" id=\"cidadeEntregaId\" required>\n                        <\/div>\n                        <div class=\"field\" id=\"estadoField\" class=\"hidden\">\n                            <div class=\"label\">Estado<\/div>\n                            <select name=\"estadoEntrega\" id=\"estadoEntregaId\" required>\n                                <option value=\"\" disabled selected>Selecione o Estado<\/option>\n                            <\/select>\n                        <\/div>\n                    \n                        <div class=\"field messageField\">\n                            <div class=\"label\">Mensagem<\/div>\n                            <textarea name=\"mensagem\" id=\"mensagemId\" cols=\"30\" rows=\"10\"><\/textarea>\n                        <\/div>\n                        <div class=\"field btns\">\n                            <button class=\"prev-3 prev\" type=\"button\">Voltar<\/button>\n                            <button class=\"submit\">Enviar<\/button>\n                        <\/div>\n                    <\/div>\n                    <!-- FIM PAGINA 04 -->\n                    \n                <\/form>\n            <\/div>\n        <\/div>\n    <\/div>\n<div class=\"popup centerPopup sucessPopupClass\" id=\"sucessPopup\">\n        <div class=\"iconPopup\">\n            <i class=\"fa fa-check\"><\/i>\n        <\/div>\n        <div class=\"titlePopup\">\n            <h3>Mensagem Enviada!<\/h3>\n        <\/div>\n        <div class=\"descricaoPopup\">\n            <p>Muito obrigado pelo seu pedido! Em breve entraremos em contato com voc\u00ea.<\/p>\n        <\/div>\n        <div class=\"buttonPopup\">\n            <button class=\"buttonPopupClose\">Ok<\/button>\n        <\/div>\n    <\/div>\n    <div class=\"popup centerPopup erroPopupClass\" id=\"erroPopup\">\n        <div class=\"iconPopup iconErroPopup\">\n            <i class=\"fa fa-exclamation-circle\"><\/i>\n        <\/div>\n        <div class=\"titlePopup\">\n            <h3>Sua mensagem n\u00e3o foi enviada!<\/h3>\n        <\/div>\n        <div class=\"descricaoPopup\">\n            <p>Erro ao enviar o formul\u00e1rio. Tente novamente mais tarde.<\/p>\n        <\/div>\n        <div class=\"buttonPopup\">\n            <button class=\"buttonPopupClose\">Ok<\/button>\n        <\/div>\n    <\/div>\n    <div class=\"overlay\" id=\"overlay\"><\/div>\n    <script src=\"..\/wp-content\/themes\/titan-digital-agency\/argon\/js\/forms\/formNotas.js\"><\/script>\n<\/body>\n<\/html>\n<\/div>\n","protected":false},"excerpt":{"rendered":"<p>Dados Requerente 1 Dados Registrados 2 Dados Certid\u00e3o 3 Envio 4 Dados do Requerente Nome E-mail Telefone PR\u00d3XIMO Dados do Registrado Nome Outorgante Tipo Outorgante Pessoa F\u00edsica Pessoa Jur\u00eddica CPF\/CNPJ Outorgante Nome Outorgado Tipo Outorgante Pessoa Fisica Pessoa Juridica CPF\/CNPJ Outorgado Voltar PR\u00d3XIMO Dados da Certid\u00e3o Livro Livro Complemento Folha inicial Folha Final Tipo de [&hellip;]<\/p>\n","protected":false},"author":1,"featured_media":0,"parent":0,"menu_order":0,"comment_status":"closed","ping_status":"closed","template":"","meta":{"footnotes":""},"class_list":["post-107","page","type-page","status-publish","hentry"],"yoast_head":"<!-- This site is optimized with the Yoast SEO plugin v22.5 - https:\/\/yoast.com\/wordpress\/plugins\/seo\/ -->\n<title>Pedido Certid\u00e3o de Notas - Argon Solu\u00e7\u00f5es em Tecnologia<\/title>\n<meta name=\"robots\" content=\"index, follow, max-snippet:-1, max-image-preview:large, max-video-preview:-1\" \/>\n<link rel=\"canonical\" href=\"https:\/\/akioras.com.br\/modeloargon\/pedido-certidao-de-notas\/\" \/>\n<meta property=\"og:locale\" content=\"pt_BR\" \/>\n<meta property=\"og:type\" content=\"article\" \/>\n<meta property=\"og:title\" content=\"Pedido Certid\u00e3o de Notas - Argon Solu\u00e7\u00f5es em Tecnologia\" \/>\n<meta property=\"og:description\" content=\"Dados Requerente 1 Dados Registrados 2 Dados Certid\u00e3o 3 Envio 4 Dados do Requerente Nome E-mail Telefone PR\u00d3XIMO Dados do Registrado Nome Outorgante Tipo Outorgante Pessoa F\u00edsica Pessoa Jur\u00eddica CPF\/CNPJ Outorgante Nome Outorgado Tipo Outorgante Pessoa Fisica Pessoa Juridica CPF\/CNPJ Outorgado Voltar PR\u00d3XIMO Dados da Certid\u00e3o Livro Livro Complemento Folha inicial Folha Final Tipo de [&hellip;]\" \/>\n<meta property=\"og:url\" content=\"https:\/\/akioras.com.br\/modeloargon\/pedido-certidao-de-notas\/\" \/>\n<meta property=\"og:site_name\" content=\"Argon Solu\u00e7\u00f5es em Tecnologia\" \/>\n<meta property=\"article:modified_time\" content=\"2024-01-10T13:13:59+00:00\" \/>\n<meta name=\"twitter:card\" content=\"summary_large_image\" \/>\n<meta name=\"twitter:label1\" content=\"Est. tempo de leitura\" \/>\n\t<meta name=\"twitter:data1\" content=\"1 minuto\" \/>\n<script type=\"application\/ld+json\" class=\"yoast-schema-graph\">{\"@context\":\"https:\/\/schema.org\",\"@graph\":[{\"@type\":\"WebPage\",\"@id\":\"https:\/\/akioras.com.br\/modeloargon\/pedido-certidao-de-notas\/\",\"url\":\"https:\/\/akioras.com.br\/modeloargon\/pedido-certidao-de-notas\/\",\"name\":\"Pedido Certid\u00e3o de Notas - Argon Solu\u00e7\u00f5es em Tecnologia\",\"isPartOf\":{\"@id\":\"https:\/\/akioras.com.br\/modeloargon\/#website\"},\"datePublished\":\"2024-01-10T13:13:58+00:00\",\"dateModified\":\"2024-01-10T13:13:59+00:00\",\"breadcrumb\":{\"@id\":\"https:\/\/akioras.com.br\/modeloargon\/pedido-certidao-de-notas\/#breadcrumb\"},\"inLanguage\":\"pt-BR\",\"potentialAction\":[{\"@type\":\"ReadAction\",\"target\":[\"https:\/\/akioras.com.br\/modeloargon\/pedido-certidao-de-notas\/\"]}]},{\"@type\":\"BreadcrumbList\",\"@id\":\"https:\/\/akioras.com.br\/modeloargon\/pedido-certidao-de-notas\/#breadcrumb\",\"itemListElement\":[{\"@type\":\"ListItem\",\"position\":1,\"name\":\"In\u00edcio\",\"item\":\"https:\/\/akioras.com.br\/modeloargon\/\"},{\"@type\":\"ListItem\",\"position\":2,\"name\":\"Pedido Certid\u00e3o de Notas\"}]},{\"@type\":\"WebSite\",\"@id\":\"https:\/\/akioras.com.br\/modeloargon\/#website\",\"url\":\"https:\/\/akioras.com.br\/modeloargon\/\",\"name\":\"Modelo Site Argon\",\"description\":\"O Modelo Argon \u00e9 apenas um exemplo, A Argon \u00e9 localizado na Av. Dom Pedro II, 1935 - Bairro Campestre, CEP 09080-111 - Santo Andr\u00e9 - SP\",\"publisher\":{\"@id\":\"https:\/\/akioras.com.br\/modeloargon\/#organization\"},\"alternateName\":\"Argon Solu\u00e7\u00f5es em Tecnologia\",\"potentialAction\":[{\"@type\":\"SearchAction\",\"target\":{\"@type\":\"EntryPoint\",\"urlTemplate\":\"https:\/\/akioras.com.br\/modeloargon\/?s={search_term_string}\"},\"query-input\":\"required name=search_term_string\"}],\"inLanguage\":\"pt-BR\"},{\"@type\":\"Organization\",\"@id\":\"https:\/\/akioras.com.br\/modeloargon\/#organization\",\"name\":\"Argon Solu\u00e7\u00f5es em Tecnologia\",\"url\":\"https:\/\/akioras.com.br\/modeloargon\/\",\"logo\":{\"@type\":\"ImageObject\",\"inLanguage\":\"pt-BR\",\"@id\":\"https:\/\/akioras.com.br\/modeloargon\/#\/schema\/logo\/image\/\",\"url\":\"https:\/\/akioras.com.br\/modeloargon\/wp-content\/uploads\/2024\/01\/logoVilaPrudente.jpg\",\"contentUrl\":\"https:\/\/akioras.com.br\/modeloargon\/wp-content\/uploads\/2024\/01\/logoVilaPrudente.jpg\",\"width\":310,\"height\":180,\"caption\":\"Argon Solu\u00e7\u00f5es em Tecnologia\"},\"image\":{\"@id\":\"https:\/\/akioras.com.br\/modeloargon\/#\/schema\/logo\/image\/\"}}]}<\/script>\n<!-- \/ Yoast SEO plugin. -->","yoast_head_json":{"title":"Pedido Certid\u00e3o de Notas - Argon Solu\u00e7\u00f5es em Tecnologia","robots":{"index":"index","follow":"follow","max-snippet":"max-snippet:-1","max-image-preview":"max-image-preview:large","max-video-preview":"max-video-preview:-1"},"canonical":"https:\/\/akioras.com.br\/modeloargon\/pedido-certidao-de-notas\/","og_locale":"pt_BR","og_type":"article","og_title":"Pedido Certid\u00e3o de Notas - Argon Solu\u00e7\u00f5es em Tecnologia","og_description":"Dados Requerente 1 Dados Registrados 2 Dados Certid\u00e3o 3 Envio 4 Dados do Requerente Nome E-mail Telefone PR\u00d3XIMO Dados do Registrado Nome Outorgante Tipo Outorgante Pessoa F\u00edsica Pessoa Jur\u00eddica CPF\/CNPJ Outorgante Nome Outorgado Tipo Outorgante Pessoa Fisica Pessoa Juridica CPF\/CNPJ Outorgado Voltar PR\u00d3XIMO Dados da Certid\u00e3o Livro Livro Complemento Folha inicial Folha Final Tipo de [&hellip;]","og_url":"https:\/\/akioras.com.br\/modeloargon\/pedido-certidao-de-notas\/","og_site_name":"Argon Solu\u00e7\u00f5es em Tecnologia","article_modified_time":"2024-01-10T13:13:59+00:00","twitter_card":"summary_large_image","twitter_misc":{"Est. tempo de leitura":"1 minuto"},"schema":{"@context":"https:\/\/schema.org","@graph":[{"@type":"WebPage","@id":"https:\/\/akioras.com.br\/modeloargon\/pedido-certidao-de-notas\/","url":"https:\/\/akioras.com.br\/modeloargon\/pedido-certidao-de-notas\/","name":"Pedido Certid\u00e3o de Notas - Argon Solu\u00e7\u00f5es em Tecnologia","isPartOf":{"@id":"https:\/\/akioras.com.br\/modeloargon\/#website"},"datePublished":"2024-01-10T13:13:58+00:00","dateModified":"2024-01-10T13:13:59+00:00","breadcrumb":{"@id":"https:\/\/akioras.com.br\/modeloargon\/pedido-certidao-de-notas\/#breadcrumb"},"inLanguage":"pt-BR","potentialAction":[{"@type":"ReadAction","target":["https:\/\/akioras.com.br\/modeloargon\/pedido-certidao-de-notas\/"]}]},{"@type":"BreadcrumbList","@id":"https:\/\/akioras.com.br\/modeloargon\/pedido-certidao-de-notas\/#breadcrumb","itemListElement":[{"@type":"ListItem","position":1,"name":"In\u00edcio","item":"https:\/\/akioras.com.br\/modeloargon\/"},{"@type":"ListItem","position":2,"name":"Pedido Certid\u00e3o de Notas"}]},{"@type":"WebSite","@id":"https:\/\/akioras.com.br\/modeloargon\/#website","url":"https:\/\/akioras.com.br\/modeloargon\/","name":"Modelo Site Argon","description":"O Modelo Argon \u00e9 apenas um exemplo, A Argon \u00e9 localizado na Av. Dom Pedro II, 1935 - Bairro Campestre, CEP 09080-111 - Santo Andr\u00e9 - SP","publisher":{"@id":"https:\/\/akioras.com.br\/modeloargon\/#organization"},"alternateName":"Argon Solu\u00e7\u00f5es em Tecnologia","potentialAction":[{"@type":"SearchAction","target":{"@type":"EntryPoint","urlTemplate":"https:\/\/akioras.com.br\/modeloargon\/?s={search_term_string}"},"query-input":"required name=search_term_string"}],"inLanguage":"pt-BR"},{"@type":"Organization","@id":"https:\/\/akioras.com.br\/modeloargon\/#organization","name":"Argon Solu\u00e7\u00f5es em Tecnologia","url":"https:\/\/akioras.com.br\/modeloargon\/","logo":{"@type":"ImageObject","inLanguage":"pt-BR","@id":"https:\/\/akioras.com.br\/modeloargon\/#\/schema\/logo\/image\/","url":"https:\/\/akioras.com.br\/modeloargon\/wp-content\/uploads\/2024\/01\/logoVilaPrudente.jpg","contentUrl":"https:\/\/akioras.com.br\/modeloargon\/wp-content\/uploads\/2024\/01\/logoVilaPrudente.jpg","width":310,"height":180,"caption":"Argon Solu\u00e7\u00f5es em Tecnologia"},"image":{"@id":"https:\/\/akioras.com.br\/modeloargon\/#\/schema\/logo\/image\/"}}]}},"_links":{"self":[{"href":"https:\/\/akioras.com.br\/modeloargon\/wp-json\/wp\/v2\/pages\/107","targetHints":{"allow":["GET"]}}],"collection":[{"href":"https:\/\/akioras.com.br\/modeloargon\/wp-json\/wp\/v2\/pages"}],"about":[{"href":"https:\/\/akioras.com.br\/modeloargon\/wp-json\/wp\/v2\/types\/page"}],"author":[{"embeddable":true,"href":"https:\/\/akioras.com.br\/modeloargon\/wp-json\/wp\/v2\/users\/1"}],"replies":[{"embeddable":true,"href":"https:\/\/akioras.com.br\/modeloargon\/wp-json\/wp\/v2\/comments?post=107"}],"version-history":[{"count":1,"href":"https:\/\/akioras.com.br\/modeloargon\/wp-json\/wp\/v2\/pages\/107\/revisions"}],"predecessor-version":[{"id":108,"href":"https:\/\/akioras.com.br\/modeloargon\/wp-json\/wp\/v2\/pages\/107\/revisions\/108"}],"wp:attachment":[{"href":"https:\/\/akioras.com.br\/modeloargon\/wp-json\/wp\/v2\/media?parent=107"}],"curies":[{"name":"wp","href":"https:\/\/api.w.org\/{rel}","templated":true}]}}