{"id":13,"date":"2024-01-03T09:37:49","date_gmt":"2024-01-03T12:37:49","guid":{"rendered":"https:\/\/akioras.com.br\/modeloargon\/?page_id=13"},"modified":"2024-01-11T08:34:54","modified_gmt":"2024-01-11T11:34:54","slug":"fale-conosco","status":"publish","type":"page","link":"https:\/\/akioras.com.br\/modeloargon\/fale-conosco\/","title":{"rendered":"Fale Conosco"},"content":{"rendered":"\n<div class=\"wp-block-group alignwide is-layout-flow wp-block-group-is-layout-flow\">\n<p class=\"has-text-align-left has-contrast-color has-text-color has-link-color wp-elements-3fa24268c3e8da71c2899e57ebf992a6\">Entre em contato para duvidas referente \u00e0:<br>2\u00aa Via, Retifica\u00e7\u00e3o, CRC:\u00a0<a href=\"mailto:certidao@argon.com.br\" target=\"_blank\" rel=\"noreferrer noopener\">certidao@<\/a><a href=\"mailto:certidao@cartoriovilaprudente.com.br\" target=\"_blank\" rel=\"noreferrer noopener\">argon.com.br<\/a><br>Nascimento, Casamento e \u00d3bito:\u00a0<a href=\"mailto:registrocivil@cartoriovilaprudente.com.br\" target=\"_blank\" rel=\"noreferrer noopener\">registrocivil@<\/a><a href=\"mailto:certidao@argon.com.br\" target=\"_blank\" rel=\"noreferrer noopener\">argon.com.br<\/a><br>Procura\u00e7\u00f5es:\u00a0<a href=\"mailto:firmas@cartoriovilaprudente.com.br\" target=\"_blank\" rel=\"noreferrer noopener\">procuracao@<\/a><a href=\"mailto:certidao@argon.com.br\" target=\"_blank\" rel=\"noreferrer noopener\">argon.com.br<\/a><br>Firmas e Autentica\u00e7\u00f5es:\u00a0<a href=\"mailto:firmas@cartoriovilaprudente.com.br\" target=\"_blank\" rel=\"noreferrer noopener\">firmas@<\/a><a href=\"mailto:certidao@argon.com.br\" target=\"_blank\" rel=\"noreferrer noopener\">argon.com.br<\/a><\/p>\n\n\n\n<p class=\"has-contrast-color has-text-color has-link-color wp-elements-2f2324d1b75789d7399c73f31fcc3d4c\">Estamos tamb\u00e9m no\u00a0<a href=\"#\">WhatsApp<\/a>\u00a0para facilitar o seu atendimento de segunda-feira \u00e0 sexta-feira, das 9:00 \u00e0s 17:00 horas\u00a0<a href=\"https:\/\/api.whatsapp.com\/message\/NRGSTNO6W4KMM1?autoload=1&amp;app_absent=0\"><\/a><a href=\"http:\/\/api.whatsapp.com\/send?1=pt_BR&amp;phone=5511964122490\">(11) 9 9999-9999<\/a>.<\/p>\n\n\n\n<p>Rua Ibitirama, 614 &#8211; Vila Prudente \u2013 S\u00e3o Paulo &#8211; SP &#8211; CEP: 03134-001 \/ Tel.:(11) 2271-3300<br>Atendimento: Seg a Sex: 9h &#8211; 17h | S\u00e1b: 9h &#8211; 12h<\/p>\n\n\n\n<p class=\"has-contrast-color has-text-color has-link-color wp-elements-3889a88287afc78aec346b1125548785\">Caso tenha o interesse em trabalhar conosco <a href=\"https:\/\/akioras.com.br\/modeloargon\/trabalhe-conosco\/\">envie o seu curr\u00edculo!<\/a><\/p>\n\n\n\n<div class=\"wp-block-contact-form-7-contact-form-selector\">\n<div class=\"wpcf7 no-js\" id=\"wpcf7-f20-o1\" lang=\"pt-BR\" dir=\"ltr\">\n<div class=\"screen-reader-response\"><p role=\"status\" aria-live=\"polite\" aria-atomic=\"true\"><\/p> <ul><\/ul><\/div>\n<form action=\"\/modeloargon\/wp-json\/wp\/v2\/pages\/13#wpcf7-f20-o1\" method=\"post\" class=\"wpcf7-form init\" aria-label=\"Formul\u00e1rios de contato\" novalidate=\"novalidate\" data-status=\"init\">\n<div style=\"display: none;\">\n<input type=\"hidden\" name=\"_wpcf7\" value=\"20\" \/>\n<input type=\"hidden\" name=\"_wpcf7_version\" value=\"5.9.3\" \/>\n<input type=\"hidden\" name=\"_wpcf7_locale\" value=\"pt_BR\" \/>\n<input type=\"hidden\" name=\"_wpcf7_unit_tag\" value=\"wpcf7-f20-o1\" \/>\n<input type=\"hidden\" name=\"_wpcf7_container_post\" value=\"0\" \/>\n<input type=\"hidden\" name=\"_wpcf7_posted_data_hash\" value=\"\" \/>\n<\/div>\n<div class=\"formContainer\">\n\t<div class=\"inputContainer\">\n\t\t<p class=\"inputLabelText\">Nome\n\t\t<\/p>\n\t\t<p><span class=\"wpcf7-form-control-wrap\" data-name=\"nome\"><input size=\"40\" class=\"wpcf7-form-control wpcf7-text contactFormInputs\" aria-invalid=\"false\" placeholder=\"Digite seu Nome\" value=\"\" type=\"text\" name=\"nome\" \/><\/span>\n\t\t<\/p>\n\t<\/div>\n\t<div class=\"inputContainer\">\n\t\t<p class=\"inputLabelText\">E-mail\n\t\t<\/p>\n\t\t<p><span class=\"wpcf7-form-control-wrap\" data-name=\"email\"><input size=\"40\" class=\"wpcf7-form-control wpcf7-email wpcf7-validates-as-required wpcf7-text wpcf7-validates-as-email contactFormInputs\" aria-required=\"true\" aria-invalid=\"false\" placeholder=\"Digite o seu melhor e-mail\" value=\"\" type=\"email\" name=\"email\" \/><\/span>\n\t\t<\/p>\n\t<\/div>\n\t<div class=\"inputContainer\">\n\t\t<p class=\"inputLabelText\">Finalidade\n\t\t<\/p>\n\t\t<p><span class=\"wpcf7-form-control-wrap\" data-name=\"finalidade\"><select class=\"wpcf7-form-control wpcf7-select wpcf7-validates-as-required contactFormInputs\" aria-required=\"true\" aria-invalid=\"false\" name=\"finalidade\"><option value=\"Informa\u00e7\u00e3o\">Informa\u00e7\u00e3o<\/option><option value=\"Sugest\u00e3o\">Sugest\u00e3o<\/option><option value=\"Reclama\u00e7\u00e3o\">Reclama\u00e7\u00e3o<\/option><\/select><\/span>\n\t\t<\/p>\n\t<\/div>\n\t<div class=\"inputContainer\">\n\t\t<p class=\"inputLabelText\">Assunto\n\t\t<\/p>\n\t\t<p><span class=\"wpcf7-form-control-wrap\" data-name=\"assunto\"><select class=\"wpcf7-form-control wpcf7-select wpcf7-validates-as-required contactFormInputs\" aria-required=\"true\" aria-invalid=\"false\" name=\"assunto\"><option value=\"Apostilamento\">Apostilamento<\/option><option value=\"Autentica\u00e7\u00e3o\">Autentica\u00e7\u00e3o<\/option><option value=\"Casamento\">Casamento<\/option><option value=\"Certid\u00e3o de Casamento\">Certid\u00e3o de Casamento<\/option><option value=\"Certid\u00e3o de Nascimento\">Certid\u00e3o de Nascimento<\/option><option value=\"Certid\u00e3o de \u00d3bito\">Certid\u00e3o de \u00d3bito<\/option><option value=\"Certid\u00e3o de Procura\u00e7\u00e3o\">Certid\u00e3o de Procura\u00e7\u00e3o<\/option><option value=\"Nascimento\">Nascimento<\/option><option value=\"\u00d3bito\">\u00d3bito<\/option><option value=\"Procura\u00e7\u00e3o\">Procura\u00e7\u00e3o<\/option><option value=\"Reconhecimento de Firmas\">Reconhecimento de Firmas<\/option><option value=\"Transfer\u00eancia de Ve\u00edculo\">Transfer\u00eancia de Ve\u00edculo<\/option><option value=\"Outros\">Outros<\/option><\/select><\/span>\n\t\t<\/p>\n\t<\/div>\n\t<div class=\"inputContainer\">\n\t\t<p class=\"inputLabelText\">Mensagem\n\t\t<\/p>\n\t\t<p><span class=\"wpcf7-form-control-wrap\" data-name=\"mensagem\"><textarea cols=\"40\" rows=\"10\" class=\"wpcf7-form-control wpcf7-textarea wpcf7-validates-as-required contactFormInputs\" aria-required=\"true\" aria-invalid=\"false\" placeholder=\"Digite sua mensagem\" name=\"mensagem\"><\/textarea><\/span>\n\t\t<\/p>\n\t<\/div>\n\t<p>[recaptcha]\n\t<\/p>\n\t<div class=\"inputContainer\">\n\t\t<p><input class=\"wpcf7-form-control wpcf7-submit has-spinner wp-element-button\" type=\"submit\" value=\"Enviar\" \/>\n\t\t<\/p>\n\t<\/div>\n<\/div><div class=\"wpcf7-response-output\" aria-hidden=\"true\"><\/div>\n<\/form>\n<\/div>\n<\/div>\n<\/div>\n","protected":false},"excerpt":{"rendered":"<p>Entre em contato para duvidas referente \u00e0:2\u00aa Via, Retifica\u00e7\u00e3o, CRC:\u00a0certidao@argon.com.brNascimento, Casamento e \u00d3bito:\u00a0registrocivil@argon.com.brProcura\u00e7\u00f5es:\u00a0procuracao@argon.com.brFirmas e Autentica\u00e7\u00f5es:\u00a0firmas@argon.com.br Estamos tamb\u00e9m no\u00a0WhatsApp\u00a0para facilitar o seu atendimento de segunda-feira \u00e0 sexta-feira, das 9:00 \u00e0s 17:00 horas\u00a0(11) 9 9999-9999. Rua Ibitirama, 614 &#8211; Vila Prudente \u2013 S\u00e3o Paulo &#8211; SP &#8211; CEP: 03134-001 \/ Tel.:(11) 2271-3300Atendimento: Seg a Sex: 9h &#8211; [&hellip;]<\/p>\n","protected":false},"author":1,"featured_media":0,"parent":0,"menu_order":0,"comment_status":"closed","ping_status":"closed","template":"","meta":{"footnotes":""},"class_list":["post-13","page","type-page","status-publish","hentry"],"yoast_head":"<!-- This site is optimized with the Yoast SEO plugin v22.5 - https:\/\/yoast.com\/wordpress\/plugins\/seo\/ -->\n<title>Entre em Contato - 26\u00b0 Registro Civil Cart\u00f3rio Vila Prudente - SP<\/title>\n<meta name=\"description\" content=\"O Modelo Argon \u00e9 apenas um exemplo, A Argon \u00e9 localizado na Av. Dom Pedro II, 1935 - Bairro Campestre, CEP 09080-111 - Santo Andr\u00e9 - SP\" \/>\n<meta name=\"robots\" content=\"index, follow, max-snippet:-1, max-image-preview:large, max-video-preview:-1\" \/>\n<link rel=\"canonical\" href=\"https:\/\/akioras.com.br\/modeloargon\/fale-conosco\/\" \/>\n<meta property=\"og:locale\" content=\"pt_BR\" \/>\n<meta property=\"og:type\" content=\"article\" \/>\n<meta property=\"og:title\" content=\"Entre em Contato - 26\u00b0 Registro Civil Cart\u00f3rio Vila Prudente - SP\" \/>\n<meta property=\"og:description\" content=\"O Modelo Argon \u00e9 apenas um exemplo, A Argon \u00e9 localizado na Av. Dom Pedro II, 1935 - Bairro Campestre, CEP 09080-111 - Santo Andr\u00e9 - SP\" \/>\n<meta property=\"og:url\" content=\"https:\/\/akioras.com.br\/modeloargon\/fale-conosco\/\" \/>\n<meta property=\"og:site_name\" content=\"Argon Solu\u00e7\u00f5es em Tecnologia\" \/>\n<meta property=\"article:modified_time\" content=\"2024-01-11T11:34:54+00:00\" \/>\n<meta name=\"twitter:card\" content=\"summary_large_image\" \/>\n<meta name=\"twitter:label1\" content=\"Est. tempo de leitura\" \/>\n\t<meta name=\"twitter:data1\" content=\"1 minuto\" \/>\n<script type=\"application\/ld+json\" class=\"yoast-schema-graph\">{\"@context\":\"https:\/\/schema.org\",\"@graph\":[{\"@type\":\"WebPage\",\"@id\":\"https:\/\/akioras.com.br\/modeloargon\/fale-conosco\/\",\"url\":\"https:\/\/akioras.com.br\/modeloargon\/fale-conosco\/\",\"name\":\"Entre em Contato - 26\u00b0 Registro Civil Cart\u00f3rio Vila Prudente - SP\",\"isPartOf\":{\"@id\":\"https:\/\/akioras.com.br\/modeloargon\/#website\"},\"datePublished\":\"2024-01-03T12:37:49+00:00\",\"dateModified\":\"2024-01-11T11:34:54+00:00\",\"description\":\"O Modelo Argon \u00e9 apenas um exemplo, A Argon \u00e9 localizado na Av. Dom Pedro II, 1935 - Bairro Campestre, CEP 09080-111 - Santo Andr\u00e9 - SP\",\"breadcrumb\":{\"@id\":\"https:\/\/akioras.com.br\/modeloargon\/fale-conosco\/#breadcrumb\"},\"inLanguage\":\"pt-BR\",\"potentialAction\":[{\"@type\":\"ReadAction\",\"target\":[\"https:\/\/akioras.com.br\/modeloargon\/fale-conosco\/\"]}]},{\"@type\":\"BreadcrumbList\",\"@id\":\"https:\/\/akioras.com.br\/modeloargon\/fale-conosco\/#breadcrumb\",\"itemListElement\":[{\"@type\":\"ListItem\",\"position\":1,\"name\":\"In\u00edcio\",\"item\":\"https:\/\/akioras.com.br\/modeloargon\/\"},{\"@type\":\"ListItem\",\"position\":2,\"name\":\"Fale Conosco\"}]},{\"@type\":\"WebSite\",\"@id\":\"https:\/\/akioras.com.br\/modeloargon\/#website\",\"url\":\"https:\/\/akioras.com.br\/modeloargon\/\",\"name\":\"Modelo Site Argon\",\"description\":\"O Modelo Argon \u00e9 apenas um exemplo, A Argon \u00e9 localizado na Av. Dom Pedro II, 1935 - Bairro Campestre, CEP 09080-111 - Santo Andr\u00e9 - SP\",\"publisher\":{\"@id\":\"https:\/\/akioras.com.br\/modeloargon\/#organization\"},\"alternateName\":\"Argon Solu\u00e7\u00f5es em Tecnologia\",\"potentialAction\":[{\"@type\":\"SearchAction\",\"target\":{\"@type\":\"EntryPoint\",\"urlTemplate\":\"https:\/\/akioras.com.br\/modeloargon\/?s={search_term_string}\"},\"query-input\":\"required name=search_term_string\"}],\"inLanguage\":\"pt-BR\"},{\"@type\":\"Organization\",\"@id\":\"https:\/\/akioras.com.br\/modeloargon\/#organization\",\"name\":\"Argon Solu\u00e7\u00f5es em Tecnologia\",\"url\":\"https:\/\/akioras.com.br\/modeloargon\/\",\"logo\":{\"@type\":\"ImageObject\",\"inLanguage\":\"pt-BR\",\"@id\":\"https:\/\/akioras.com.br\/modeloargon\/#\/schema\/logo\/image\/\",\"url\":\"https:\/\/akioras.com.br\/modeloargon\/wp-content\/uploads\/2024\/01\/logoVilaPrudente.jpg\",\"contentUrl\":\"https:\/\/akioras.com.br\/modeloargon\/wp-content\/uploads\/2024\/01\/logoVilaPrudente.jpg\",\"width\":310,\"height\":180,\"caption\":\"Argon Solu\u00e7\u00f5es em Tecnologia\"},\"image\":{\"@id\":\"https:\/\/akioras.com.br\/modeloargon\/#\/schema\/logo\/image\/\"}}]}<\/script>\n<!-- \/ Yoast SEO plugin. -->","yoast_head_json":{"title":"Entre em Contato - 26\u00b0 Registro Civil Cart\u00f3rio Vila Prudente - SP","description":"O Modelo Argon \u00e9 apenas um exemplo, A Argon \u00e9 localizado na Av. Dom Pedro II, 1935 - Bairro Campestre, CEP 09080-111 - Santo Andr\u00e9 - SP","robots":{"index":"index","follow":"follow","max-snippet":"max-snippet:-1","max-image-preview":"max-image-preview:large","max-video-preview":"max-video-preview:-1"},"canonical":"https:\/\/akioras.com.br\/modeloargon\/fale-conosco\/","og_locale":"pt_BR","og_type":"article","og_title":"Entre em Contato - 26\u00b0 Registro Civil Cart\u00f3rio Vila Prudente - SP","og_description":"O Modelo Argon \u00e9 apenas um exemplo, A Argon \u00e9 localizado na Av. Dom Pedro II, 1935 - Bairro Campestre, CEP 09080-111 - Santo Andr\u00e9 - SP","og_url":"https:\/\/akioras.com.br\/modeloargon\/fale-conosco\/","og_site_name":"Argon Solu\u00e7\u00f5es em Tecnologia","article_modified_time":"2024-01-11T11:34:54+00:00","twitter_card":"summary_large_image","twitter_misc":{"Est. tempo de leitura":"1 minuto"},"schema":{"@context":"https:\/\/schema.org","@graph":[{"@type":"WebPage","@id":"https:\/\/akioras.com.br\/modeloargon\/fale-conosco\/","url":"https:\/\/akioras.com.br\/modeloargon\/fale-conosco\/","name":"Entre em Contato - 26\u00b0 Registro Civil Cart\u00f3rio Vila Prudente - SP","isPartOf":{"@id":"https:\/\/akioras.com.br\/modeloargon\/#website"},"datePublished":"2024-01-03T12:37:49+00:00","dateModified":"2024-01-11T11:34:54+00:00","description":"O Modelo Argon \u00e9 apenas um exemplo, A Argon \u00e9 localizado na Av. Dom Pedro II, 1935 - Bairro Campestre, CEP 09080-111 - Santo Andr\u00e9 - SP","breadcrumb":{"@id":"https:\/\/akioras.com.br\/modeloargon\/fale-conosco\/#breadcrumb"},"inLanguage":"pt-BR","potentialAction":[{"@type":"ReadAction","target":["https:\/\/akioras.com.br\/modeloargon\/fale-conosco\/"]}]},{"@type":"BreadcrumbList","@id":"https:\/\/akioras.com.br\/modeloargon\/fale-conosco\/#breadcrumb","itemListElement":[{"@type":"ListItem","position":1,"name":"In\u00edcio","item":"https:\/\/akioras.com.br\/modeloargon\/"},{"@type":"ListItem","position":2,"name":"Fale Conosco"}]},{"@type":"WebSite","@id":"https:\/\/akioras.com.br\/modeloargon\/#website","url":"https:\/\/akioras.com.br\/modeloargon\/","name":"Modelo Site Argon","description":"O Modelo Argon \u00e9 apenas um exemplo, A Argon \u00e9 localizado na Av. Dom Pedro II, 1935 - Bairro Campestre, CEP 09080-111 - Santo Andr\u00e9 - SP","publisher":{"@id":"https:\/\/akioras.com.br\/modeloargon\/#organization"},"alternateName":"Argon Solu\u00e7\u00f5es em Tecnologia","potentialAction":[{"@type":"SearchAction","target":{"@type":"EntryPoint","urlTemplate":"https:\/\/akioras.com.br\/modeloargon\/?s={search_term_string}"},"query-input":"required name=search_term_string"}],"inLanguage":"pt-BR"},{"@type":"Organization","@id":"https:\/\/akioras.com.br\/modeloargon\/#organization","name":"Argon Solu\u00e7\u00f5es em Tecnologia","url":"https:\/\/akioras.com.br\/modeloargon\/","logo":{"@type":"ImageObject","inLanguage":"pt-BR","@id":"https:\/\/akioras.com.br\/modeloargon\/#\/schema\/logo\/image\/","url":"https:\/\/akioras.com.br\/modeloargon\/wp-content\/uploads\/2024\/01\/logoVilaPrudente.jpg","contentUrl":"https:\/\/akioras.com.br\/modeloargon\/wp-content\/uploads\/2024\/01\/logoVilaPrudente.jpg","width":310,"height":180,"caption":"Argon Solu\u00e7\u00f5es em Tecnologia"},"image":{"@id":"https:\/\/akioras.com.br\/modeloargon\/#\/schema\/logo\/image\/"}}]}},"_links":{"self":[{"href":"https:\/\/akioras.com.br\/modeloargon\/wp-json\/wp\/v2\/pages\/13","targetHints":{"allow":["GET"]}}],"collection":[{"href":"https:\/\/akioras.com.br\/modeloargon\/wp-json\/wp\/v2\/pages"}],"about":[{"href":"https:\/\/akioras.com.br\/modeloargon\/wp-json\/wp\/v2\/types\/page"}],"author":[{"embeddable":true,"href":"https:\/\/akioras.com.br\/modeloargon\/wp-json\/wp\/v2\/users\/1"}],"replies":[{"embeddable":true,"href":"https:\/\/akioras.com.br\/modeloargon\/wp-json\/wp\/v2\/comments?post=13"}],"version-history":[{"count":7,"href":"https:\/\/akioras.com.br\/modeloargon\/wp-json\/wp\/v2\/pages\/13\/revisions"}],"predecessor-version":[{"id":127,"href":"https:\/\/akioras.com.br\/modeloargon\/wp-json\/wp\/v2\/pages\/13\/revisions\/127"}],"wp:attachment":[{"href":"https:\/\/akioras.com.br\/modeloargon\/wp-json\/wp\/v2\/media?parent=13"}],"curies":[{"name":"wp","href":"https:\/\/api.w.org\/{rel}","templated":true}]}}