{"id":186,"date":"2024-01-11T08:46:59","date_gmt":"2024-01-11T11:46:59","guid":{"rendered":"https:\/\/akioras.com.br\/modeloargon\/?page_id=186"},"modified":"2024-01-11T08:46:59","modified_gmt":"2024-01-11T11:46:59","slug":"consulta-nascimento","status":"publish","type":"page","link":"https:\/\/akioras.com.br\/modeloargon\/consulta-nascimento\/","title":{"rendered":"Consulta Nascimento"},"content":{"rendered":"\n<div class=\"wp-block-group alignwide is-layout-flow wp-block-group-is-layout-flow\">\n<link href=\"https:\/\/fonts.googleapis.com\/css?family=Roboto:100,300,400,500,700,900\" rel=\"stylesheet\">\n<link href=\"https:\/\/cdn.jsdelivr.net\/npm\/@mdi\/font@4.x\/css\/materialdesignicons.min.css\" rel=\"stylesheet\">\n<link href=\"https:\/\/cdn.jsdelivr.net\/npm\/vuetify@2.x\/dist\/vuetify.min.css\" rel=\"stylesheet\">\n<meta name=\"viewport\" content=\"width=device-width, initial-scale=1, maximum-scale=1, user-scalable=no, minimal-ui\">\n<style>\n  .v-menu__content {\n    top: 20px !important;\n  }\n<\/style>\n<div id=\"app\">\n  <p>\n    <strong>Dados dispon\u00edveis para consulta a partir de : {{dataInicio}}<\/strong>\n  <\/p>\n  <v-app>\n    <v-main>\n      <v-container>\n        <v-form ref=\"form\" v-model=\"valid\" @submit.prevent=\"pesquisar\" class=\"pb-5\">\n          <v-select :items=\"selects\" label=\"Selecione\" item-text=\"label\" item-value=\"field\" v-model=\"selected\" :rules=\"rules\" outlined=\"\"><\/v-select>\n\n          <v-text-field v-if=\"selected !== 'dataNascimento'\" :placeholder=\"placeholderNome\" :rules=\"rules\" v-model=\"nome\" outlined=\"\"><\/v-text-field>\n\n          <v-menu v-if=\"selected === 'dataNascimento'\" v-model=\"menu\" :close-on-content-click=\"false\" transition=\"scale-transition\" offset-y=\"\" max-width=\"290px\" min-width=\"290px\">\n            <template v-slot:activator=\"{on}\">\n              <v-text-field v-model=\"nome\" :placeholder=\"placeholderNome\" persistent-hint=\"\" append-icon=\"mdi-calendar\" :rules=\"rules\" readonly=\"\" v-on=\"on\" solo=\"\"><\/v-text-field>\n            <\/template>\n            <v-date-picker @input=\"selecionaData\" locale=\"pt-BR\" v-model=\"data\" no-title=\"\"><\/v-date-picker>\n          <\/v-menu>\n\n          <div class=\"pa-3\">\n            <vue-recaptcha ref=\"recaptchaRef\" @verify=\"onCaptchaVerified\" @expired=\"onCaptchaExpired\"\n              :sitekey=\"siteKey\">\n            <\/vue-recaptcha>\n          <\/div>\n\n          <v-btn block=\"\" large=\"\" color=\"orange\" type=\"submit\" :loading=\"loading\" :disabled=\"!valid\">\n            Consultar\n          <\/v-btn>\n        <\/v-form>\n\n        <v-card>\n          <v-data-iterator item-key=\"nomeCrianca\" :items-per-page=\"10\" :items=\"nascimentos.data\" :loading=\"loading\" :single-expand=\"false\" loading-text=\"Carregando...\" no-data-text=\"\" no-results-text=\"Nada localizado\" hide-default-footer=\"\">\n            <template v-slot:default=\"{ items, isExpanded, expand }\">\n              <v-row>\n                <v-col v-for=\"item in items\" :key=\"item.nomeCrianca\" cols=\"12\" sm=\"6\" md=\"4\" lg=\"4\" xl=\"3\">\n                  <v-card>\n                    <v-card-title class=\"subheading font-weight-bold\">\n                      {{ item.nomeCrianca }}\n                    <\/v-card-title>\n                    <v-switch :input-value=\"isExpanded(item)\" :label=\"isExpanded(item) ? 'Aberto' : 'Fechado'\" class=\"pl-4 mt-0\" @change=\"expand(item, !isExpanded(item))\"><\/v-switch>\n                    <v-divider><\/v-divider>\n                    <v-list v-if=\"isExpanded(item)\" dense=\"\">\n                      <v-list-item>\n                        <v-list-item-content>Livro:<\/v-list-item-content>\n                        <v-list-item-content class=\"align-end\">\n                          {{ item.livro }}\n                        <\/v-list-item-content>\n                      <\/v-list-item>\n\n                      <v-list-item>\n                        <v-list-item-content>Folha:<\/v-list-item-content>\n                        <v-list-item-content class=\"align-end\">\n                          {{ item.folha }}\n                        <\/v-list-item-content>\n                      <\/v-list-item>\n\n                      <v-list-item>\n                        <v-list-item-content>Termo:<\/v-list-item-content>\n                        <v-list-item-content class=\"align-end\">\n                          {{ item.termo }}\n                        <\/v-list-item-content>\n                      <\/v-list-item>\n\n                      <v-list-item>\n                        <v-list-item-content>Data de Registro:<\/v-list-item-content>\n                        <v-list-item-content class=\"align-end\">\n                          {{ item.dataRegistro }}\n                        <\/v-list-item-content>\n                      <\/v-list-item>\n\n                      <v-list-item>\n                        <v-list-item-content>Data Nascimento:<\/v-list-item-content>\n                        <v-list-item-content class=\"align-end\">\n                          {{ item.dataNascimento }}\n                        <\/v-list-item-content>\n                      <\/v-list-item>\n\n                      <v-list-item>\n                        <v-list-item-content>Nome do Pai:<\/v-list-item-content>\n                        <v-list-item-content class=\"align-end\">\n                          {{ item.nomePai }}\n                        <\/v-list-item-content>\n                      <\/v-list-item>\n\n                      <v-list-item>\n                        <v-list-item-content>Nome da M\u00e3e:<\/v-list-item-content>\n                        <v-list-item-content class=\"align-end\">\n                          {{ item.nomeMae }}\n                        <\/v-list-item-content>\n                      <\/v-list-item>\n\n                      <v-list-item>\n                        <v-list-item-content>Nome do Av\u00f4 Paterno:<\/v-list-item-content>\n                        <v-list-item-content class=\"align-end\">\n                          {{ item.oAvoPaterno }}\n                        <\/v-list-item-content>\n                      <\/v-list-item>\n\n                      <v-list-item>\n                        <v-list-item-content>Nome da Av\u00f3 Paterno:<\/v-list-item-content>\n                        <v-list-item-content class=\"align-end\">\n                          {{ item.aAvoPaterna }}\n                        <\/v-list-item-content>\n                      <\/v-list-item>\n\n                      <v-list-item>\n                        <v-list-item-content>Nome do Av\u00f4 Materno:<\/v-list-item-content>\n                        <v-list-item-content class=\"align-end\">\n                          {{ item.oAvoMaterno }}\n                        <\/v-list-item-content>\n                      <\/v-list-item>\n\n                      <v-list-item>\n                        <v-list-item-content>Nome da Av\u00f3 Materno:<\/v-list-item-content>\n                        <v-list-item-content class=\"align-end\">\n                          {{ item.aAvoMaterna }}\n                        <\/v-list-item-content>\n                      <\/v-list-item>\n                    <\/v-list>\n                  <\/v-card>\n                <\/v-col>\n              <\/v-row>\n            <\/template>\n          <\/v-data-iterator>\n\n          <v-pagination @input=\"listar\" v-model=\"atualPage\" :length=\"totalPages\" total-visible=\"10\"><\/v-pagination>\n        <\/v-card>\n      <\/v-container>\n    <\/v-main>\n  <\/v-app>\n<\/div>\n\n<!-- <script src=\"..\/js\/lib\/sweetalert2.all.min.js\"><\/script>\n<script type=\"module\" src=\"..\/js\/consulta\/consulta-nascimento.js\"><\/script> -->\n\n<script src=\"..\/wp-content\/themes\/titan-digital-agency\/argon\/js\/lib\/sweetalert2.all.min.js\"><\/script>\n<script type=\"module\" src=\"..\/wp-content\/themes\/titan-digital-agency\/argon\/js\/consulta\/consulta-nascimento.js\"><\/script>\n\n<script src=\"https:\/\/www.google.com\/recaptcha\/api.js?onload=vueRecaptchaApiLoaded&amp;render=explicit\" async=\"\" defer=\"\"><\/script>\n<\/div>\n","protected":false},"excerpt":{"rendered":"<p>Dados dispon\u00edveis para consulta a partir de : {{dataInicio}} Consultar {{ item.nomeCrianca }} Livro: {{ item.livro }} Folha: {{ item.folha }} Termo: {{ item.termo }} Data de Registro: {{ item.dataRegistro }} Data Nascimento: {{ item.dataNascimento }} Nome do Pai: {{ item.nomePai }} Nome da M\u00e3e: {{ item.nomeMae }} Nome do Av\u00f4 Paterno: {{ item.oAvoPaterno }} [&hellip;]<\/p>\n","protected":false},"author":1,"featured_media":0,"parent":0,"menu_order":0,"comment_status":"closed","ping_status":"closed","template":"","meta":{"footnotes":""},"class_list":["post-186","page","type-page","status-publish","hentry"],"yoast_head":"<!-- This site is optimized with the Yoast SEO plugin v22.5 - https:\/\/yoast.com\/wordpress\/plugins\/seo\/ -->\n<title>Consulta Nascimento - Argon Solu\u00e7\u00f5es em Tecnologia<\/title>\n<meta name=\"robots\" content=\"index, follow, max-snippet:-1, max-image-preview:large, max-video-preview:-1\" \/>\n<link rel=\"canonical\" href=\"https:\/\/akioras.com.br\/modeloargon\/consulta-nascimento\/\" \/>\n<meta property=\"og:locale\" content=\"pt_BR\" \/>\n<meta property=\"og:type\" content=\"article\" \/>\n<meta property=\"og:title\" content=\"Consulta Nascimento - Argon Solu\u00e7\u00f5es em Tecnologia\" \/>\n<meta property=\"og:description\" content=\"Dados dispon\u00edveis para consulta a partir de : {{dataInicio}} Consultar {{ item.nomeCrianca }} Livro: {{ item.livro }} Folha: {{ item.folha }} Termo: {{ item.termo }} Data de Registro: {{ item.dataRegistro }} Data Nascimento: {{ item.dataNascimento }} Nome do Pai: {{ item.nomePai }} Nome da M\u00e3e: {{ item.nomeMae }} Nome do Av\u00f4 Paterno: {{ item.oAvoPaterno }} [&hellip;]\" \/>\n<meta property=\"og:url\" content=\"https:\/\/akioras.com.br\/modeloargon\/consulta-nascimento\/\" \/>\n<meta property=\"og:site_name\" content=\"Argon Solu\u00e7\u00f5es em Tecnologia\" \/>\n<meta name=\"twitter:card\" content=\"summary_large_image\" \/>\n<meta name=\"twitter:label1\" content=\"Est. tempo de leitura\" \/>\n\t<meta name=\"twitter:data1\" content=\"1 minuto\" \/>\n<script type=\"application\/ld+json\" class=\"yoast-schema-graph\">{\"@context\":\"https:\/\/schema.org\",\"@graph\":[{\"@type\":\"WebPage\",\"@id\":\"https:\/\/akioras.com.br\/modeloargon\/consulta-nascimento\/\",\"url\":\"https:\/\/akioras.com.br\/modeloargon\/consulta-nascimento\/\",\"name\":\"Consulta Nascimento - Argon Solu\u00e7\u00f5es em Tecnologia\",\"isPartOf\":{\"@id\":\"https:\/\/akioras.com.br\/modeloargon\/#website\"},\"datePublished\":\"2024-01-11T11:46:59+00:00\",\"dateModified\":\"2024-01-11T11:46:59+00:00\",\"breadcrumb\":{\"@id\":\"https:\/\/akioras.com.br\/modeloargon\/consulta-nascimento\/#breadcrumb\"},\"inLanguage\":\"pt-BR\",\"potentialAction\":[{\"@type\":\"ReadAction\",\"target\":[\"https:\/\/akioras.com.br\/modeloargon\/consulta-nascimento\/\"]}]},{\"@type\":\"BreadcrumbList\",\"@id\":\"https:\/\/akioras.com.br\/modeloargon\/consulta-nascimento\/#breadcrumb\",\"itemListElement\":[{\"@type\":\"ListItem\",\"position\":1,\"name\":\"In\u00edcio\",\"item\":\"https:\/\/akioras.com.br\/modeloargon\/\"},{\"@type\":\"ListItem\",\"position\":2,\"name\":\"Consulta Nascimento\"}]},{\"@type\":\"WebSite\",\"@id\":\"https:\/\/akioras.com.br\/modeloargon\/#website\",\"url\":\"https:\/\/akioras.com.br\/modeloargon\/\",\"name\":\"Modelo Site Argon\",\"description\":\"O Modelo Argon \u00e9 apenas um exemplo, A Argon \u00e9 localizado na Av. Dom Pedro II, 1935 - Bairro Campestre, CEP 09080-111 - Santo Andr\u00e9 - SP\",\"publisher\":{\"@id\":\"https:\/\/akioras.com.br\/modeloargon\/#organization\"},\"alternateName\":\"Argon Solu\u00e7\u00f5es em Tecnologia\",\"potentialAction\":[{\"@type\":\"SearchAction\",\"target\":{\"@type\":\"EntryPoint\",\"urlTemplate\":\"https:\/\/akioras.com.br\/modeloargon\/?s={search_term_string}\"},\"query-input\":\"required name=search_term_string\"}],\"inLanguage\":\"pt-BR\"},{\"@type\":\"Organization\",\"@id\":\"https:\/\/akioras.com.br\/modeloargon\/#organization\",\"name\":\"Argon Solu\u00e7\u00f5es em Tecnologia\",\"url\":\"https:\/\/akioras.com.br\/modeloargon\/\",\"logo\":{\"@type\":\"ImageObject\",\"inLanguage\":\"pt-BR\",\"@id\":\"https:\/\/akioras.com.br\/modeloargon\/#\/schema\/logo\/image\/\",\"url\":\"https:\/\/akioras.com.br\/modeloargon\/wp-content\/uploads\/2024\/01\/logoVilaPrudente.jpg\",\"contentUrl\":\"https:\/\/akioras.com.br\/modeloargon\/wp-content\/uploads\/2024\/01\/logoVilaPrudente.jpg\",\"width\":310,\"height\":180,\"caption\":\"Argon Solu\u00e7\u00f5es em Tecnologia\"},\"image\":{\"@id\":\"https:\/\/akioras.com.br\/modeloargon\/#\/schema\/logo\/image\/\"}}]}<\/script>\n<!-- \/ Yoast SEO plugin. -->","yoast_head_json":{"title":"Consulta Nascimento - Argon Solu\u00e7\u00f5es em Tecnologia","robots":{"index":"index","follow":"follow","max-snippet":"max-snippet:-1","max-image-preview":"max-image-preview:large","max-video-preview":"max-video-preview:-1"},"canonical":"https:\/\/akioras.com.br\/modeloargon\/consulta-nascimento\/","og_locale":"pt_BR","og_type":"article","og_title":"Consulta Nascimento - Argon Solu\u00e7\u00f5es em Tecnologia","og_description":"Dados dispon\u00edveis para consulta a partir de : {{dataInicio}} Consultar {{ item.nomeCrianca }} Livro: {{ item.livro }} Folha: {{ item.folha }} Termo: {{ item.termo }} Data de Registro: {{ item.dataRegistro }} Data Nascimento: {{ item.dataNascimento }} Nome do Pai: {{ item.nomePai }} Nome da M\u00e3e: {{ item.nomeMae }} Nome do Av\u00f4 Paterno: {{ item.oAvoPaterno }} [&hellip;]","og_url":"https:\/\/akioras.com.br\/modeloargon\/consulta-nascimento\/","og_site_name":"Argon Solu\u00e7\u00f5es em Tecnologia","twitter_card":"summary_large_image","twitter_misc":{"Est. tempo de leitura":"1 minuto"},"schema":{"@context":"https:\/\/schema.org","@graph":[{"@type":"WebPage","@id":"https:\/\/akioras.com.br\/modeloargon\/consulta-nascimento\/","url":"https:\/\/akioras.com.br\/modeloargon\/consulta-nascimento\/","name":"Consulta Nascimento - Argon Solu\u00e7\u00f5es em Tecnologia","isPartOf":{"@id":"https:\/\/akioras.com.br\/modeloargon\/#website"},"datePublished":"2024-01-11T11:46:59+00:00","dateModified":"2024-01-11T11:46:59+00:00","breadcrumb":{"@id":"https:\/\/akioras.com.br\/modeloargon\/consulta-nascimento\/#breadcrumb"},"inLanguage":"pt-BR","potentialAction":[{"@type":"ReadAction","target":["https:\/\/akioras.com.br\/modeloargon\/consulta-nascimento\/"]}]},{"@type":"BreadcrumbList","@id":"https:\/\/akioras.com.br\/modeloargon\/consulta-nascimento\/#breadcrumb","itemListElement":[{"@type":"ListItem","position":1,"name":"In\u00edcio","item":"https:\/\/akioras.com.br\/modeloargon\/"},{"@type":"ListItem","position":2,"name":"Consulta Nascimento"}]},{"@type":"WebSite","@id":"https:\/\/akioras.com.br\/modeloargon\/#website","url":"https:\/\/akioras.com.br\/modeloargon\/","name":"Modelo Site Argon","description":"O Modelo Argon \u00e9 apenas um exemplo, A Argon \u00e9 localizado na Av. Dom Pedro II, 1935 - Bairro Campestre, CEP 09080-111 - Santo Andr\u00e9 - SP","publisher":{"@id":"https:\/\/akioras.com.br\/modeloargon\/#organization"},"alternateName":"Argon Solu\u00e7\u00f5es em Tecnologia","potentialAction":[{"@type":"SearchAction","target":{"@type":"EntryPoint","urlTemplate":"https:\/\/akioras.com.br\/modeloargon\/?s={search_term_string}"},"query-input":"required name=search_term_string"}],"inLanguage":"pt-BR"},{"@type":"Organization","@id":"https:\/\/akioras.com.br\/modeloargon\/#organization","name":"Argon Solu\u00e7\u00f5es em Tecnologia","url":"https:\/\/akioras.com.br\/modeloargon\/","logo":{"@type":"ImageObject","inLanguage":"pt-BR","@id":"https:\/\/akioras.com.br\/modeloargon\/#\/schema\/logo\/image\/","url":"https:\/\/akioras.com.br\/modeloargon\/wp-content\/uploads\/2024\/01\/logoVilaPrudente.jpg","contentUrl":"https:\/\/akioras.com.br\/modeloargon\/wp-content\/uploads\/2024\/01\/logoVilaPrudente.jpg","width":310,"height":180,"caption":"Argon Solu\u00e7\u00f5es em Tecnologia"},"image":{"@id":"https:\/\/akioras.com.br\/modeloargon\/#\/schema\/logo\/image\/"}}]}},"_links":{"self":[{"href":"https:\/\/akioras.com.br\/modeloargon\/wp-json\/wp\/v2\/pages\/186","targetHints":{"allow":["GET"]}}],"collection":[{"href":"https:\/\/akioras.com.br\/modeloargon\/wp-json\/wp\/v2\/pages"}],"about":[{"href":"https:\/\/akioras.com.br\/modeloargon\/wp-json\/wp\/v2\/types\/page"}],"author":[{"embeddable":true,"href":"https:\/\/akioras.com.br\/modeloargon\/wp-json\/wp\/v2\/users\/1"}],"replies":[{"embeddable":true,"href":"https:\/\/akioras.com.br\/modeloargon\/wp-json\/wp\/v2\/comments?post=186"}],"version-history":[{"count":1,"href":"https:\/\/akioras.com.br\/modeloargon\/wp-json\/wp\/v2\/pages\/186\/revisions"}],"predecessor-version":[{"id":187,"href":"https:\/\/akioras.com.br\/modeloargon\/wp-json\/wp\/v2\/pages\/186\/revisions\/187"}],"wp:attachment":[{"href":"https:\/\/akioras.com.br\/modeloargon\/wp-json\/wp\/v2\/media?parent=186"}],"curies":[{"name":"wp","href":"https:\/\/api.w.org\/{rel}","templated":true}]}}