{"id":191,"date":"2024-01-11T08:51:30","date_gmt":"2024-01-11T11:51:30","guid":{"rendered":"https:\/\/akioras.com.br\/modeloargon\/?page_id=191"},"modified":"2024-01-11T08:52:05","modified_gmt":"2024-01-11T11:52:05","slug":"seja-um-mensalista","status":"publish","type":"page","link":"https:\/\/akioras.com.br\/modeloargon\/seja-um-mensalista\/","title":{"rendered":"Seja Um Mensalista"},"content":{"rendered":"\n<p><\/p>\n\n\n\n<div class=\"wp-block-group alignwide is-layout-flow wp-block-group-is-layout-flow\">\n<p>Servi\u00e7o de atendimento personalizado para empresas mensalistas.<\/p>\n\n\n\n<p><strong>Vantagens:<\/strong>&nbsp;Portadores pr\u00f3prios, identificados e uniformizados e pagamento mensal.<\/p>\n\n\n\n<p><strong>Garantimos os seguintes diferenciais:<\/strong><\/p>\n\n\n\n<ul class=\"wp-block-list\">\n<li>Seguran\u00e7a jur\u00eddica dos servi\u00e7os realizados;<\/li>\n\n\n\n<li>Portadores pr\u00f3prios para a retirada e entrega dos servi\u00e7os, sem quaisquer custos adicionais;<\/li>\n\n\n\n<li>Guich\u00ea exclusivo para atendimento de empresas conveniadas;<\/li>\n\n\n\n<li>Sistema informatizado de cobran\u00e7a banc\u00e1ria (no caso do cliente optar por fazer pagamento faturado);<\/li>\n\n\n\n<li>Emiss\u00e3o de relat\u00f3rios mensais para f\u00e1cil confer\u00eancia e flexibilidade para a data do pagamento mensal;<\/li>\n\n\n\n<li>Fornecimento de malotes individuais, evitando extravios ou perdas de documentos;<\/li>\n\n\n\n<li>Aberturas de firmas para os respons\u00e1veis pelas assinaturas da empresa, inclusive em dilig\u00eancia.<\/li>\n<\/ul>\n\n\n\n<div class=\"wp-block-group is-layout-flow wp-block-group-is-layout-flow\">\n<link href=\"https:\/\/fonts.googleapis.com\/css?family=Roboto:100,300,400,500,700,900\" rel=\"stylesheet\">\n<link href=\"https:\/\/cdn.jsdelivr.net\/npm\/@mdi\/font@4.x\/css\/materialdesignicons.min.css\" rel=\"stylesheet\">\n<link href=\"https:\/\/cdn.jsdelivr.net\/npm\/vuetify@2.x\/dist\/vuetify.min.css\" rel=\"stylesheet\">\n<meta name=\"viewport\" content=\"width=device-width, initial-scale=1, maximum-scale=1, user-scalable=no, minimal-ui\">\n<style>\n  #app > div:nth-child(2) {\n    top: 989px !important;\n  }\n\n  @media only screen and (max-width: 600px) {\n    #app > div:nth-child(2) {\n      top: 1813px !important;\n    }\n  }\n<\/style>\n\n<div id=\"app\">\n  <v-app>\n    <v-main>\n      <v-container>\n        <v-form ref=\"form\" v-model=\"valid\" @submit.prevent=\"submit\">\n          <v-row>\n            <v-col cols=\"12\" xs=\"12\" sm=\"6\">\n              <v-text-field label=\"Nome do Responsavel\/Solicitante\" :rules=\"rules.nomeResponsavel\" v-model=\"form.nomeResponsavel\" outlined=\"\"><\/v-text-field><\/v-col>\n\n            <v-col cols=\"12\" xs=\"12\" sm=\"6\">\n              <v-text-field label=\"CPF\" v-mask=\"'###.###.###-##'\" :rules=\"rules.cpfResponsavel\" v-model=\"form.cpfResponsavel\" outlined=\"\"><\/v-text-field><\/v-col>\n\n            <v-col cols=\"12\" xs=\"12\" sm=\"6\">\n              <v-text-field label=\"Telefone\" :rules=\"rules.telefoneResponsavel\" v-model=\"form.telefoneResponsavel\" outlined=\"\"><\/v-text-field><\/v-col>\n\n            <v-col cols=\"12\" xs=\"12\" sm=\"6\">\n              <v-text-field label=\"Email Respons\u00e1vel\" :rules=\"rules.emailResponsavel\" v-model=\"form.emailResponsavel\" outlined=\"\"><\/v-text-field><\/v-col>\n\n            <v-col cols=\"12\" xs=\"12\" sm=\"6\">\n              <v-text-field label=\"Nome da Empresa\" :rules=\"rules.nomeEmpresa\" v-model=\"form.nomeEmpresa\" outlined=\"\"><\/v-text-field><\/v-col>\n\n            <v-col cols=\"12\" xs=\"12\" sm=\"6\">\n              <v-text-field label=\"CNPJ\" v-mask=\"'##.###.###.####-##'\" :rules=\"rules.cnpjEmpresa\" v-model=\"form.cnpjEmpresa\" outlined=\"\"><\/v-text-field><\/v-col>\n\n            <v-col cols=\"12\" xs=\"12\" sm=\"6\">\n              <v-text-field label=\"CEP\" v-mask=\"'#####-###'\" :rules=\"rules.cepEmpresa\" v-model=\"form.cepEmpresa\" outlined=\"\" @input=\"buscarEndereco\"><\/v-text-field><\/v-col>\n\n            <v-col cols=\"12\" xs=\"12\" sm=\"6\">\n              <v-text-field label=\"Endere\u00e7o\" :rules=\"rules.enderecoEmpresa\" v-model=\"form.enderecoEmpresa\" outlined=\"\"><\/v-text-field><\/v-col>\n\n            <v-col cols=\"12\" xs=\"12\" sm=\"6\">\n              <v-text-field label=\"Bairro\" :rules=\"rules.bairroEmpresa\" v-model=\"form.bairroEmpresa\" outlined=\"\"><\/v-text-field><\/v-col>\n\n            <v-col cols=\"12\" xs=\"12\" sm=\"6\">\n              <v-text-field label=\"Cidade\" :rules=\"rules.cidadeEmpresa\" v-model=\"form.cidadeEmpresa\" outlined=\"\"><\/v-text-field><\/v-col>\n            <v-col cols=\"12\" xs=\"12\" sm=\"6\">\n              <v-select :items=\"ufs\" label=\"Estado\" v-model=\"form.ufEmpresa\" :rules=\"rules.ufEmpresa\" outlined=\"\"><\/v-select>\n            <\/v-col>\n          <\/v-row>\n          <v-btn type=\"submit\" color=\"orange\" elevation=\"2\" large=\"\" :loading=\"loading\">Efetuar pedido<\/v-btn>\n        <\/v-form>\n        <vue-recaptcha ref=\"recaptchaRef\" @verify=\"onCaptchaVerified\" @expired=\"onCaptchaExpired\" :sitekey=\"siteKey\" size=\"invisible\">\n        <\/vue-recaptcha>\n      <\/v-container>\n    <\/v-main>\n  <\/v-app>\n<\/div>\n\n<!-- <script src=\"..\/js\/lib\/sweetalert2.all.min.js\"><\/script>\n<script type=\"module\" src=\"..\/js\/pedido\/seja-mensalista.js\"><\/script> -->\n\n<script src=\"..\/wp-content\/themes\/titan-digital-agency\/argon\/js\/lib\/sweetalert2.all.min.js\"><\/script>\n<script type=\"module\" src=\"..\/wp-content\/themes\/titan-digital-agency\/argon\/js\/pedido\/seja-mensalista.js\"><\/script>\n\n<script src=\"https:\/\/www.google.com\/recaptcha\/api.js?onload=vueRecaptchaApiLoaded&amp;render=explicit\" async=\"\" defer=\"\"><\/script>\n<\/div>\n<\/div>\n","protected":false},"excerpt":{"rendered":"<p>Servi\u00e7o de atendimento personalizado para empresas mensalistas. Vantagens:&nbsp;Portadores pr\u00f3prios, identificados e uniformizados e pagamento mensal. Garantimos os seguintes diferenciais: Efetuar pedido<\/p>\n","protected":false},"author":1,"featured_media":0,"parent":0,"menu_order":0,"comment_status":"closed","ping_status":"closed","template":"","meta":{"footnotes":""},"class_list":["post-191","page","type-page","status-publish","hentry"],"yoast_head":"<!-- This site is optimized with the Yoast SEO plugin v22.5 - https:\/\/yoast.com\/wordpress\/plugins\/seo\/ -->\n<title>Seja Um Mensalista - Argon Solu\u00e7\u00f5es em Tecnologia<\/title>\n<meta name=\"robots\" content=\"index, follow, max-snippet:-1, max-image-preview:large, max-video-preview:-1\" \/>\n<link rel=\"canonical\" href=\"https:\/\/akioras.com.br\/modeloargon\/seja-um-mensalista\/\" \/>\n<meta property=\"og:locale\" content=\"pt_BR\" \/>\n<meta property=\"og:type\" content=\"article\" \/>\n<meta property=\"og:title\" content=\"Seja Um Mensalista - Argon Solu\u00e7\u00f5es em Tecnologia\" \/>\n<meta property=\"og:description\" content=\"Servi\u00e7o de atendimento personalizado para empresas mensalistas. Vantagens:&nbsp;Portadores pr\u00f3prios, identificados e uniformizados e pagamento mensal. Garantimos os seguintes diferenciais: Efetuar pedido\" \/>\n<meta property=\"og:url\" content=\"https:\/\/akioras.com.br\/modeloargon\/seja-um-mensalista\/\" \/>\n<meta property=\"og:site_name\" content=\"Argon Solu\u00e7\u00f5es em Tecnologia\" \/>\n<meta property=\"article:modified_time\" content=\"2024-01-11T11:52:05+00:00\" \/>\n<meta name=\"twitter:card\" content=\"summary_large_image\" \/>\n<meta name=\"twitter:label1\" content=\"Est. tempo de leitura\" \/>\n\t<meta name=\"twitter:data1\" content=\"1 minuto\" \/>\n<script type=\"application\/ld+json\" class=\"yoast-schema-graph\">{\"@context\":\"https:\/\/schema.org\",\"@graph\":[{\"@type\":\"WebPage\",\"@id\":\"https:\/\/akioras.com.br\/modeloargon\/seja-um-mensalista\/\",\"url\":\"https:\/\/akioras.com.br\/modeloargon\/seja-um-mensalista\/\",\"name\":\"Seja Um Mensalista - Argon Solu\u00e7\u00f5es em Tecnologia\",\"isPartOf\":{\"@id\":\"https:\/\/akioras.com.br\/modeloargon\/#website\"},\"datePublished\":\"2024-01-11T11:51:30+00:00\",\"dateModified\":\"2024-01-11T11:52:05+00:00\",\"breadcrumb\":{\"@id\":\"https:\/\/akioras.com.br\/modeloargon\/seja-um-mensalista\/#breadcrumb\"},\"inLanguage\":\"pt-BR\",\"potentialAction\":[{\"@type\":\"ReadAction\",\"target\":[\"https:\/\/akioras.com.br\/modeloargon\/seja-um-mensalista\/\"]}]},{\"@type\":\"BreadcrumbList\",\"@id\":\"https:\/\/akioras.com.br\/modeloargon\/seja-um-mensalista\/#breadcrumb\",\"itemListElement\":[{\"@type\":\"ListItem\",\"position\":1,\"name\":\"In\u00edcio\",\"item\":\"https:\/\/akioras.com.br\/modeloargon\/\"},{\"@type\":\"ListItem\",\"position\":2,\"name\":\"Seja Um Mensalista\"}]},{\"@type\":\"WebSite\",\"@id\":\"https:\/\/akioras.com.br\/modeloargon\/#website\",\"url\":\"https:\/\/akioras.com.br\/modeloargon\/\",\"name\":\"Modelo Site Argon\",\"description\":\"O Modelo Argon \u00e9 apenas um exemplo, A Argon \u00e9 localizado na Av. Dom Pedro II, 1935 - Bairro Campestre, CEP 09080-111 - Santo Andr\u00e9 - SP\",\"publisher\":{\"@id\":\"https:\/\/akioras.com.br\/modeloargon\/#organization\"},\"alternateName\":\"Argon Solu\u00e7\u00f5es em Tecnologia\",\"potentialAction\":[{\"@type\":\"SearchAction\",\"target\":{\"@type\":\"EntryPoint\",\"urlTemplate\":\"https:\/\/akioras.com.br\/modeloargon\/?s={search_term_string}\"},\"query-input\":\"required name=search_term_string\"}],\"inLanguage\":\"pt-BR\"},{\"@type\":\"Organization\",\"@id\":\"https:\/\/akioras.com.br\/modeloargon\/#organization\",\"name\":\"Argon Solu\u00e7\u00f5es em Tecnologia\",\"url\":\"https:\/\/akioras.com.br\/modeloargon\/\",\"logo\":{\"@type\":\"ImageObject\",\"inLanguage\":\"pt-BR\",\"@id\":\"https:\/\/akioras.com.br\/modeloargon\/#\/schema\/logo\/image\/\",\"url\":\"https:\/\/akioras.com.br\/modeloargon\/wp-content\/uploads\/2024\/01\/logoVilaPrudente.jpg\",\"contentUrl\":\"https:\/\/akioras.com.br\/modeloargon\/wp-content\/uploads\/2024\/01\/logoVilaPrudente.jpg\",\"width\":310,\"height\":180,\"caption\":\"Argon Solu\u00e7\u00f5es em Tecnologia\"},\"image\":{\"@id\":\"https:\/\/akioras.com.br\/modeloargon\/#\/schema\/logo\/image\/\"}}]}<\/script>\n<!-- \/ Yoast SEO plugin. -->","yoast_head_json":{"title":"Seja Um Mensalista - Argon Solu\u00e7\u00f5es em Tecnologia","robots":{"index":"index","follow":"follow","max-snippet":"max-snippet:-1","max-image-preview":"max-image-preview:large","max-video-preview":"max-video-preview:-1"},"canonical":"https:\/\/akioras.com.br\/modeloargon\/seja-um-mensalista\/","og_locale":"pt_BR","og_type":"article","og_title":"Seja Um Mensalista - Argon Solu\u00e7\u00f5es em Tecnologia","og_description":"Servi\u00e7o de atendimento personalizado para empresas mensalistas. Vantagens:&nbsp;Portadores pr\u00f3prios, identificados e uniformizados e pagamento mensal. Garantimos os seguintes diferenciais: Efetuar pedido","og_url":"https:\/\/akioras.com.br\/modeloargon\/seja-um-mensalista\/","og_site_name":"Argon Solu\u00e7\u00f5es em Tecnologia","article_modified_time":"2024-01-11T11:52:05+00:00","twitter_card":"summary_large_image","twitter_misc":{"Est. tempo de leitura":"1 minuto"},"schema":{"@context":"https:\/\/schema.org","@graph":[{"@type":"WebPage","@id":"https:\/\/akioras.com.br\/modeloargon\/seja-um-mensalista\/","url":"https:\/\/akioras.com.br\/modeloargon\/seja-um-mensalista\/","name":"Seja Um Mensalista - Argon Solu\u00e7\u00f5es em Tecnologia","isPartOf":{"@id":"https:\/\/akioras.com.br\/modeloargon\/#website"},"datePublished":"2024-01-11T11:51:30+00:00","dateModified":"2024-01-11T11:52:05+00:00","breadcrumb":{"@id":"https:\/\/akioras.com.br\/modeloargon\/seja-um-mensalista\/#breadcrumb"},"inLanguage":"pt-BR","potentialAction":[{"@type":"ReadAction","target":["https:\/\/akioras.com.br\/modeloargon\/seja-um-mensalista\/"]}]},{"@type":"BreadcrumbList","@id":"https:\/\/akioras.com.br\/modeloargon\/seja-um-mensalista\/#breadcrumb","itemListElement":[{"@type":"ListItem","position":1,"name":"In\u00edcio","item":"https:\/\/akioras.com.br\/modeloargon\/"},{"@type":"ListItem","position":2,"name":"Seja Um Mensalista"}]},{"@type":"WebSite","@id":"https:\/\/akioras.com.br\/modeloargon\/#website","url":"https:\/\/akioras.com.br\/modeloargon\/","name":"Modelo Site Argon","description":"O Modelo Argon \u00e9 apenas um exemplo, A Argon \u00e9 localizado na Av. Dom Pedro II, 1935 - Bairro Campestre, CEP 09080-111 - Santo Andr\u00e9 - SP","publisher":{"@id":"https:\/\/akioras.com.br\/modeloargon\/#organization"},"alternateName":"Argon Solu\u00e7\u00f5es em Tecnologia","potentialAction":[{"@type":"SearchAction","target":{"@type":"EntryPoint","urlTemplate":"https:\/\/akioras.com.br\/modeloargon\/?s={search_term_string}"},"query-input":"required name=search_term_string"}],"inLanguage":"pt-BR"},{"@type":"Organization","@id":"https:\/\/akioras.com.br\/modeloargon\/#organization","name":"Argon Solu\u00e7\u00f5es em Tecnologia","url":"https:\/\/akioras.com.br\/modeloargon\/","logo":{"@type":"ImageObject","inLanguage":"pt-BR","@id":"https:\/\/akioras.com.br\/modeloargon\/#\/schema\/logo\/image\/","url":"https:\/\/akioras.com.br\/modeloargon\/wp-content\/uploads\/2024\/01\/logoVilaPrudente.jpg","contentUrl":"https:\/\/akioras.com.br\/modeloargon\/wp-content\/uploads\/2024\/01\/logoVilaPrudente.jpg","width":310,"height":180,"caption":"Argon Solu\u00e7\u00f5es em Tecnologia"},"image":{"@id":"https:\/\/akioras.com.br\/modeloargon\/#\/schema\/logo\/image\/"}}]}},"_links":{"self":[{"href":"https:\/\/akioras.com.br\/modeloargon\/wp-json\/wp\/v2\/pages\/191","targetHints":{"allow":["GET"]}}],"collection":[{"href":"https:\/\/akioras.com.br\/modeloargon\/wp-json\/wp\/v2\/pages"}],"about":[{"href":"https:\/\/akioras.com.br\/modeloargon\/wp-json\/wp\/v2\/types\/page"}],"author":[{"embeddable":true,"href":"https:\/\/akioras.com.br\/modeloargon\/wp-json\/wp\/v2\/users\/1"}],"replies":[{"embeddable":true,"href":"https:\/\/akioras.com.br\/modeloargon\/wp-json\/wp\/v2\/comments?post=191"}],"version-history":[{"count":2,"href":"https:\/\/akioras.com.br\/modeloargon\/wp-json\/wp\/v2\/pages\/191\/revisions"}],"predecessor-version":[{"id":194,"href":"https:\/\/akioras.com.br\/modeloargon\/wp-json\/wp\/v2\/pages\/191\/revisions\/194"}],"wp:attachment":[{"href":"https:\/\/akioras.com.br\/modeloargon\/wp-json\/wp\/v2\/media?parent=191"}],"curies":[{"name":"wp","href":"https:\/\/api.w.org\/{rel}","templated":true}]}}