{"id":3,"date":"2023-12-26T09:20:06","date_gmt":"2023-12-26T12:20:06","guid":{"rendered":"https:\/\/akioras.com.br\/modeloargon\/?page_id=3"},"modified":"2024-01-11T08:32:04","modified_gmt":"2024-01-11T11:32:04","slug":"politica-de-privacidade","status":"publish","type":"page","link":"https:\/\/akioras.com.br\/modeloargon\/politica-de-privacidade\/","title":{"rendered":"Pol\u00edtica de Uso e Privacidade de Dados"},"content":{"rendered":"\n<div class=\"wp-block-group alignwide has-contrast-color has-text-color has-link-color wp-elements-ca50f606bfffb8e0e1a95ebb757ffce3 is-layout-flow wp-block-group-is-layout-flow\">\n<p>Dom\u00ednio: <a href=\"https:\/\/argon.com.br\" target=\"_blank\" rel=\"noreferrer noopener\">dominio.com.br<\/a><\/p>\n\n\n\n<h4 class=\"wp-block-heading has-contrast-color has-text-color has-link-color wp-elements-9f5f911e63d32b0ddc22c718a14a15ae\"><strong>Informa\u00e7\u00f5es gerais<\/strong><\/h4>\n\n\n\n<p>O site <a href=\"https:\/\/argon.com.br\">www.dominio.com.br<\/a> \u00e9 um produto oferecido pelo respons\u00e1vel legal do Oficial de Registro Civil das Pessoas Naturais ou simplesmente denominado \u201cCart\u00f3rio\u201d e sob sua responsabilidade aplica a pol\u00edtica de uso e privacidade de dados descrita neste link.<\/p>\n\n\n\n<h4 class=\"wp-block-heading\"><strong>Nossa pol\u00edtica<\/strong><\/h4>\n\n\n\n<p>O conte\u00fado deste site \u00e9 composto pela descri\u00e7\u00e3o de produtos, servi\u00e7os e informa\u00e7\u00f5es institucionais das atividades extrajudicias exercidas pelo Cart\u00f3rio.<\/p>\n\n\n\n<p>O Cart\u00f3rio atua na prote\u00e7\u00e3o da privacidade de dados pessoais dos usu\u00e1rios de seus produtos e servi\u00e7os. Quando esses dados s\u00e3o coletados de tal modo que podem identificar pessoas direta ou indiretamente, adota medidas de seguran\u00e7a que impedem a utiliza\u00e7\u00e3o para qualquer outro fim que n\u00e3o seja de estrito interesse de seus titulares e na persecu\u00e7\u00e3o da finalidade e interesse p\u00fablico inerentes \u00e0s atividades delegadas pelo Poder P\u00fablico competente.<\/p>\n\n\n\n<p>Ocasionalmente, os dados coletados dos usu\u00e1rios interessados na presta\u00e7\u00e3o de servi\u00e7os podem conter a identifica\u00e7\u00e3o de pessoas pelo nome, endere\u00e7o eletr\u00f4nico, telefone e endere\u00e7o de correspond\u00eancia. Tais informa\u00e7\u00f5es s\u00e3o utilizadas apenas para responder solicita\u00e7\u00f5es do requerente e n\u00e3o permanecem armazenados em bancos de dados.<\/p>\n\n\n\n<p>Em um local espec\u00edfico poder\u00e1 ser solicitada a digita\u00e7\u00e3o de dados de login para acesso a \u00e1rea restrita. Nesses casos, os dados coletados servem para garantir que ningu\u00e9m al\u00e9m do usu\u00e1rio cadastrado realiza o acesso sem autoriza\u00e7\u00e3o. Nesse ponto o site identifica seu endere\u00e7o IP, hor\u00e1rio de acesso, informa\u00e7\u00f5es de geolocaliza\u00e7\u00e3o e precisa obter seu n\u00famero de CPF ou CNPJ, endere\u00e7o de e-mail e senha. Esses \u00faltimos dados s\u00e3o previamente cadastrados mediante identifica\u00e7\u00e3o pessoal conferida pelos colaboradores determinados pelo Cart\u00f3rio.<\/p>\n\n\n\n<p>Para obter informa\u00e7\u00f5es a respeito de alguns servi\u00e7os, voc\u00ea pode preencher formul\u00e1rios onde s\u00e3o requisitados nomes de outras pessoas. Consideramos que esses dados informados por voc\u00ea s\u00e3o destinados ao uso privado e pessoal, sem finalidades comerciais, portanto n\u00e3o abrangidos pela legisla\u00e7\u00e3o de prote\u00e7\u00e3o de dados pessoais.<\/p>\n\n\n\n<p>O respons\u00e1vel legal resguarda os direitos autorais, licenciamento, marca, patente, divulga\u00e7\u00e3o e comercializa\u00e7\u00e3o de todas as pessoas jur\u00eddicas eventualmente mencionadas nas p\u00e1ginas deste dom\u00ednio.<\/p>\n\n\n\n<p>Este site utiliza \u201ccookies\u201d para melhorar a sua experi\u00eancia de navega\u00e7\u00e3o neste dom\u00ednio e coleta o m\u00ednimo poss\u00edvel de informa\u00e7\u00f5es na categoria de dados de analytics a fim de obter m\u00e9tricas de acesso. N\u00e3o h\u00e1 cookies com fun\u00e7\u00f5es de perfilamento pessoal.<\/p>\n\n\n\n<p>N\u00e3o recebemos pagamento de produtos e servi\u00e7os neste site.<\/p>\n\n\n\n<p>Voc\u00ea pode evitar a coleta de dados via cookies ajustando o seu navegador e obter maiores informa\u00e7\u00f5es sobre como os seus dados pessoais s\u00e3o tratados enviando um e-mail para\u00a0<a href=\"https:\/\/argon.com.br\">certidao@argon.com.br<\/a>.<\/p>\n\n\n\n<p>Esta pol\u00edtica pode ser alterada a qualquer momento e \u00e9 versionada com a data de sua divulga\u00e7\u00e3o: 09-12-2020.<\/p>\n<\/div>\n","protected":false},"excerpt":{"rendered":"<p>Dom\u00ednio: dominio.com.br Informa\u00e7\u00f5es gerais O site www.dominio.com.br \u00e9 um produto oferecido pelo respons\u00e1vel legal do Oficial de Registro Civil das Pessoas Naturais ou simplesmente denominado \u201cCart\u00f3rio\u201d e sob sua responsabilidade aplica a pol\u00edtica de uso e privacidade de dados descrita neste link. Nossa pol\u00edtica O conte\u00fado deste site \u00e9 composto pela descri\u00e7\u00e3o de produtos, servi\u00e7os [&hellip;]<\/p>\n","protected":false},"author":1,"featured_media":0,"parent":0,"menu_order":0,"comment_status":"closed","ping_status":"open","template":"","meta":{"footnotes":""},"class_list":["post-3","page","type-page","status-publish","hentry"],"yoast_head":"<!-- This site is optimized with the Yoast SEO plugin v22.5 - https:\/\/yoast.com\/wordpress\/plugins\/seo\/ -->\n<title>Pol\u00edtica de Privacidade - Modelo Argon<\/title>\n<meta name=\"description\" content=\"Pol\u00edtica de Privacidade do Site Modelo Argon localizado na Av. Dom Pedro II, 1935 - Bairro Campestre, CEP 09080-111\" \/>\n<meta name=\"robots\" content=\"index, follow, max-snippet:-1, max-image-preview:large, max-video-preview:-1\" \/>\n<link rel=\"canonical\" href=\"https:\/\/akioras.com.br\/modeloargon\/politica-de-privacidade\/\" \/>\n<meta property=\"og:locale\" content=\"pt_BR\" \/>\n<meta property=\"og:type\" content=\"article\" \/>\n<meta property=\"og:title\" content=\"Pol\u00edtica de Privacidade - Modelo Argon\" \/>\n<meta property=\"og:description\" content=\"Pol\u00edtica de Privacidade do Site Modelo Argon localizado na Av. Dom Pedro II, 1935 - Bairro Campestre, CEP 09080-111\" \/>\n<meta property=\"og:url\" content=\"https:\/\/akioras.com.br\/modeloargon\/politica-de-privacidade\/\" \/>\n<meta property=\"og:site_name\" content=\"Argon Solu\u00e7\u00f5es em Tecnologia\" \/>\n<meta property=\"article:modified_time\" content=\"2024-01-11T11:32:04+00:00\" \/>\n<meta name=\"twitter:card\" content=\"summary_large_image\" \/>\n<meta name=\"twitter:label1\" content=\"Est. tempo de leitura\" \/>\n\t<meta name=\"twitter:data1\" content=\"3 minutos\" \/>\n<script type=\"application\/ld+json\" class=\"yoast-schema-graph\">{\"@context\":\"https:\/\/schema.org\",\"@graph\":[{\"@type\":\"WebPage\",\"@id\":\"https:\/\/akioras.com.br\/modeloargon\/politica-de-privacidade\/\",\"url\":\"https:\/\/akioras.com.br\/modeloargon\/politica-de-privacidade\/\",\"name\":\"Pol\u00edtica de Privacidade - Modelo Argon\",\"isPartOf\":{\"@id\":\"https:\/\/akioras.com.br\/modeloargon\/#website\"},\"datePublished\":\"2023-12-26T12:20:06+00:00\",\"dateModified\":\"2024-01-11T11:32:04+00:00\",\"description\":\"Pol\u00edtica de Privacidade do Site Modelo Argon localizado na Av. Dom Pedro II, 1935 - Bairro Campestre, CEP 09080-111\",\"breadcrumb\":{\"@id\":\"https:\/\/akioras.com.br\/modeloargon\/politica-de-privacidade\/#breadcrumb\"},\"inLanguage\":\"pt-BR\",\"potentialAction\":[{\"@type\":\"ReadAction\",\"target\":[\"https:\/\/akioras.com.br\/modeloargon\/politica-de-privacidade\/\"]}]},{\"@type\":\"BreadcrumbList\",\"@id\":\"https:\/\/akioras.com.br\/modeloargon\/politica-de-privacidade\/#breadcrumb\",\"itemListElement\":[{\"@type\":\"ListItem\",\"position\":1,\"name\":\"In\u00edcio\",\"item\":\"https:\/\/akioras.com.br\/modeloargon\/\"},{\"@type\":\"ListItem\",\"position\":2,\"name\":\"Pol\u00edtica de Uso e Privacidade de Dados\"}]},{\"@type\":\"WebSite\",\"@id\":\"https:\/\/akioras.com.br\/modeloargon\/#website\",\"url\":\"https:\/\/akioras.com.br\/modeloargon\/\",\"name\":\"Modelo Site Argon\",\"description\":\"O Modelo Argon \u00e9 apenas um exemplo, A Argon \u00e9 localizado na Av. Dom Pedro II, 1935 - Bairro Campestre, CEP 09080-111 - Santo Andr\u00e9 - SP\",\"publisher\":{\"@id\":\"https:\/\/akioras.com.br\/modeloargon\/#organization\"},\"alternateName\":\"Argon Solu\u00e7\u00f5es em Tecnologia\",\"potentialAction\":[{\"@type\":\"SearchAction\",\"target\":{\"@type\":\"EntryPoint\",\"urlTemplate\":\"https:\/\/akioras.com.br\/modeloargon\/?s={search_term_string}\"},\"query-input\":\"required name=search_term_string\"}],\"inLanguage\":\"pt-BR\"},{\"@type\":\"Organization\",\"@id\":\"https:\/\/akioras.com.br\/modeloargon\/#organization\",\"name\":\"Argon Solu\u00e7\u00f5es em Tecnologia\",\"url\":\"https:\/\/akioras.com.br\/modeloargon\/\",\"logo\":{\"@type\":\"ImageObject\",\"inLanguage\":\"pt-BR\",\"@id\":\"https:\/\/akioras.com.br\/modeloargon\/#\/schema\/logo\/image\/\",\"url\":\"https:\/\/akioras.com.br\/modeloargon\/wp-content\/uploads\/2024\/01\/logoVilaPrudente.jpg\",\"contentUrl\":\"https:\/\/akioras.com.br\/modeloargon\/wp-content\/uploads\/2024\/01\/logoVilaPrudente.jpg\",\"width\":310,\"height\":180,\"caption\":\"Argon Solu\u00e7\u00f5es em Tecnologia\"},\"image\":{\"@id\":\"https:\/\/akioras.com.br\/modeloargon\/#\/schema\/logo\/image\/\"}}]}<\/script>\n<!-- \/ Yoast SEO plugin. -->","yoast_head_json":{"title":"Pol\u00edtica de Privacidade - Modelo Argon","description":"Pol\u00edtica de Privacidade do Site Modelo Argon localizado na Av. Dom Pedro II, 1935 - Bairro Campestre, CEP 09080-111","robots":{"index":"index","follow":"follow","max-snippet":"max-snippet:-1","max-image-preview":"max-image-preview:large","max-video-preview":"max-video-preview:-1"},"canonical":"https:\/\/akioras.com.br\/modeloargon\/politica-de-privacidade\/","og_locale":"pt_BR","og_type":"article","og_title":"Pol\u00edtica de Privacidade - Modelo Argon","og_description":"Pol\u00edtica de Privacidade do Site Modelo Argon localizado na Av. Dom Pedro II, 1935 - Bairro Campestre, CEP 09080-111","og_url":"https:\/\/akioras.com.br\/modeloargon\/politica-de-privacidade\/","og_site_name":"Argon Solu\u00e7\u00f5es em Tecnologia","article_modified_time":"2024-01-11T11:32:04+00:00","twitter_card":"summary_large_image","twitter_misc":{"Est. tempo de leitura":"3 minutos"},"schema":{"@context":"https:\/\/schema.org","@graph":[{"@type":"WebPage","@id":"https:\/\/akioras.com.br\/modeloargon\/politica-de-privacidade\/","url":"https:\/\/akioras.com.br\/modeloargon\/politica-de-privacidade\/","name":"Pol\u00edtica de Privacidade - Modelo Argon","isPartOf":{"@id":"https:\/\/akioras.com.br\/modeloargon\/#website"},"datePublished":"2023-12-26T12:20:06+00:00","dateModified":"2024-01-11T11:32:04+00:00","description":"Pol\u00edtica de Privacidade do Site Modelo Argon localizado na Av. Dom Pedro II, 1935 - Bairro Campestre, CEP 09080-111","breadcrumb":{"@id":"https:\/\/akioras.com.br\/modeloargon\/politica-de-privacidade\/#breadcrumb"},"inLanguage":"pt-BR","potentialAction":[{"@type":"ReadAction","target":["https:\/\/akioras.com.br\/modeloargon\/politica-de-privacidade\/"]}]},{"@type":"BreadcrumbList","@id":"https:\/\/akioras.com.br\/modeloargon\/politica-de-privacidade\/#breadcrumb","itemListElement":[{"@type":"ListItem","position":1,"name":"In\u00edcio","item":"https:\/\/akioras.com.br\/modeloargon\/"},{"@type":"ListItem","position":2,"name":"Pol\u00edtica de Uso e Privacidade de Dados"}]},{"@type":"WebSite","@id":"https:\/\/akioras.com.br\/modeloargon\/#website","url":"https:\/\/akioras.com.br\/modeloargon\/","name":"Modelo Site Argon","description":"O Modelo Argon \u00e9 apenas um exemplo, A Argon \u00e9 localizado na Av. Dom Pedro II, 1935 - Bairro Campestre, CEP 09080-111 - Santo Andr\u00e9 - SP","publisher":{"@id":"https:\/\/akioras.com.br\/modeloargon\/#organization"},"alternateName":"Argon Solu\u00e7\u00f5es em Tecnologia","potentialAction":[{"@type":"SearchAction","target":{"@type":"EntryPoint","urlTemplate":"https:\/\/akioras.com.br\/modeloargon\/?s={search_term_string}"},"query-input":"required name=search_term_string"}],"inLanguage":"pt-BR"},{"@type":"Organization","@id":"https:\/\/akioras.com.br\/modeloargon\/#organization","name":"Argon Solu\u00e7\u00f5es em Tecnologia","url":"https:\/\/akioras.com.br\/modeloargon\/","logo":{"@type":"ImageObject","inLanguage":"pt-BR","@id":"https:\/\/akioras.com.br\/modeloargon\/#\/schema\/logo\/image\/","url":"https:\/\/akioras.com.br\/modeloargon\/wp-content\/uploads\/2024\/01\/logoVilaPrudente.jpg","contentUrl":"https:\/\/akioras.com.br\/modeloargon\/wp-content\/uploads\/2024\/01\/logoVilaPrudente.jpg","width":310,"height":180,"caption":"Argon Solu\u00e7\u00f5es em Tecnologia"},"image":{"@id":"https:\/\/akioras.com.br\/modeloargon\/#\/schema\/logo\/image\/"}}]}},"_links":{"self":[{"href":"https:\/\/akioras.com.br\/modeloargon\/wp-json\/wp\/v2\/pages\/3","targetHints":{"allow":["GET"]}}],"collection":[{"href":"https:\/\/akioras.com.br\/modeloargon\/wp-json\/wp\/v2\/pages"}],"about":[{"href":"https:\/\/akioras.com.br\/modeloargon\/wp-json\/wp\/v2\/types\/page"}],"author":[{"embeddable":true,"href":"https:\/\/akioras.com.br\/modeloargon\/wp-json\/wp\/v2\/users\/1"}],"replies":[{"embeddable":true,"href":"https:\/\/akioras.com.br\/modeloargon\/wp-json\/wp\/v2\/comments?post=3"}],"version-history":[{"count":5,"href":"https:\/\/akioras.com.br\/modeloargon\/wp-json\/wp\/v2\/pages\/3\/revisions"}],"predecessor-version":[{"id":174,"href":"https:\/\/akioras.com.br\/modeloargon\/wp-json\/wp\/v2\/pages\/3\/revisions\/174"}],"wp:attachment":[{"href":"https:\/\/akioras.com.br\/modeloargon\/wp-json\/wp\/v2\/media?parent=3"}],"curies":[{"name":"wp","href":"https:\/\/api.w.org\/{rel}","templated":true}]}}