{"id":53,"date":"2024-01-03T18:15:45","date_gmt":"2024-01-03T21:15:45","guid":{"rendered":"https:\/\/akioras.com.br\/modeloargon\/?page_id=53"},"modified":"2024-01-11T08:28:22","modified_gmt":"2024-01-11T11:28:22","slug":"reconhecimento-de-firma","status":"publish","type":"page","link":"https:\/\/akioras.com.br\/modeloargon\/reconhecimento-de-firma\/","title":{"rendered":"Reconhecimento de Firma"},"content":{"rendered":"\n<div class=\"wp-block-group alignwide has-contrast-color has-text-color has-link-color wp-elements-b0b6a0f8dece6371a605bf21ceab2a87 is-layout-flow wp-block-group-is-layout-flow\">\n<p><strong>EXIG\u00caNCIA LEGAL<\/strong><\/p>\n\n\n\n<p>Conforme Lei 8.935\/94 e Normas de Servi\u00e7o da Corregedoria Geral da Justi\u00e7a do Estado de S\u00e3o Paulo, Tomo II, Cap\u00edtulo XVI.<\/p>\n\n\n\n<p>Existem dois tipos de reconhecimento de firmas:<\/p>\n\n\n\n<p>1. Por autenticidade: Quando o Oficial identifica o pr\u00f3prio signat\u00e1rio, portando um documento de identifica\u00e7\u00e3o, e este assina em sua presen\u00e7a, e tamb\u00e9m assina o livro de Termo de Comparecimento da Serventia.<\/p>\n\n\n\n<p>2. Por semelhan\u00e7a: O Oficial confere a assinatura a ser reconhecida, com a que se encontra depositada em seus arquivos (cart\u00e3o de assinatura).<\/p>\n\n\n\n<p><strong>IMPORTANTE SABER:<\/strong><\/p>\n\n\n\n<p>Para abertura de firmas, \u00e9 necess\u00e1rio comparecer e apresentar documento original, em bom estado e recente, cuja foto permita a identifica\u00e7\u00e3o do seu portador.<strong>Documentos permitidos:<\/strong><\/p>\n\n\n\n<ul class=\"wp-block-list\">\n<li>Registro Geral;<\/li>\n\n\n\n<li>Carteira Nacional de Habilita\u00e7\u00e3o, modelo atual, institu\u00eddo pela Lei n.\u00ba 9.503\/97;<\/li>\n\n\n\n<li>Carteira de exerc\u00edcio profissional expedida pelos entes criados por Lei Federal, nos termos da Lei n.\u00ba 6.206\/75;<\/li>\n\n\n\n<li>Passaporte, que, na hip\u00f3tese de estrangeiro, deve estar com o prazo do visto n\u00e3o expirado;<\/li>\n\n\n\n<li>Carteira de Trabalho e Previd\u00eancia Social, modelo atual, informatizado, e carteira de identifica\u00e7\u00e3o funcional dos Magistrados, membros do Minist\u00e9rio P\u00fablico e da Defensoria P\u00fablica.<\/li>\n<\/ul>\n\n\n\n<p><strong>INFORMA\u00c7\u00d5ES ADICIONAIS:<\/strong><\/p>\n\n\n\n<p><strong>Valores V\u00e1lidos em 2023:<\/strong><\/p>\n\n\n\n<ul class=\"wp-block-list\">\n<li>sem valor econ\u00f4mico \u2013 R$ 8,00<\/li>\n\n\n\n<li>com valor econ\u00f4mico \u2013 R$ 12,20<\/li>\n\n\n\n<li>firma aut\u00eantica \u2013 R$ 20,40<\/li>\n<\/ul>\n\n\n\n<p><strong>Transfer\u00eancias de Propriedade de Ve\u00edculos:<\/strong><\/p>\n\n\n\n<ul class=\"wp-block-list\">\n<li>o propriet\u00e1rio do ve\u00edculo (vendedor) dever\u00e1 comparecer ao cart\u00f3rio com o DUT para realiza\u00e7\u00e3o do ato;<\/li>\n\n\n\n<li>o Detran exige o reconhecimento de firma do comprador;<\/li>\n\n\n\n<li>n\u00e3o \u00e9 necess\u00e1rio o comparecimento de ambos para realiza\u00e7\u00e3o do ato.<\/li>\n<\/ul>\n\n\n\n<p><\/p>\n\n\n\n<p><strong>Contatos:<\/strong><br>E-mail:\u00a0<a href=\"mailto:firmas@cartoriovilaprudente.com.br\">firmas@argon.com.br<\/a><br>Telefone: (11) 99999-9999<br><a href=\"https:\/\/akioras.com.br\/modeloargon\/fale-conosco\/\">Fale Conosco!<\/a><\/p>\n\n\n\n<h4 class=\"wp-block-heading\">Veja nossos outros servi\u00e7os:<\/h4>\n\n\n\n<p><a href=\"https:\/\/akioras.com.br\/modeloargon\/apostilamento\/\">Apostilamento<\/a><br><a href=\"https:\/\/akioras.com.br\/modeloargon\/procuracoes\/\" target=\"_blank\" rel=\"noreferrer noopener\">Procura\u00e7\u00f5es<\/a><br><a href=\"https:\/\/akioras.com.br\/modeloargon\/autenticacao\/\">Autentica\u00e7\u00f5es<\/a><\/p>\n\n\n\n<h4 class=\"wp-block-heading\">Veja nossa tabela de custas para o tabelionato de Notas:<\/h4>\n\n\n\n<p><a href=\"https:\/\/cnbsp.org.br\/tabelas-de-custas-e-emolumentos\/#1618854980325-ac7d5176-a6c3\" target=\"_blank\" rel=\"noreferrer noopener\">Tabela de Custas Notas 2024<\/a><\/p>\n<\/div>\n","protected":false},"excerpt":{"rendered":"<p>EXIG\u00caNCIA LEGAL Conforme Lei 8.935\/94 e Normas de Servi\u00e7o da Corregedoria Geral da Justi\u00e7a do Estado de S\u00e3o Paulo, Tomo II, Cap\u00edtulo XVI. Existem dois tipos de reconhecimento de firmas: 1. Por autenticidade: Quando o Oficial identifica o pr\u00f3prio signat\u00e1rio, portando um documento de identifica\u00e7\u00e3o, e este assina em sua presen\u00e7a, e tamb\u00e9m assina o [&hellip;]<\/p>\n","protected":false},"author":1,"featured_media":0,"parent":0,"menu_order":0,"comment_status":"closed","ping_status":"closed","template":"","meta":{"footnotes":""},"class_list":["post-53","page","type-page","status-publish","hentry"],"yoast_head":"<!-- This site is optimized with the Yoast SEO plugin v22.5 - https:\/\/yoast.com\/wordpress\/plugins\/seo\/ -->\n<title>Reconhecimento de Firma - Argon Solu\u00e7\u00f5es em Tecnologia<\/title>\n<meta name=\"description\" content=\"Reconhecimento de firma \u00e9 o procedimento de atestar a autoria da assinatura presente em um documento. Confirmando assim sua veracidade!\" \/>\n<meta name=\"robots\" content=\"index, follow, max-snippet:-1, max-image-preview:large, max-video-preview:-1\" \/>\n<link rel=\"canonical\" href=\"https:\/\/akioras.com.br\/modeloargon\/reconhecimento-de-firma\/\" \/>\n<meta property=\"og:locale\" content=\"pt_BR\" \/>\n<meta property=\"og:type\" content=\"article\" \/>\n<meta property=\"og:title\" content=\"Reconhecimento de Firma - Argon Solu\u00e7\u00f5es em Tecnologia\" \/>\n<meta property=\"og:description\" content=\"Reconhecimento de firma \u00e9 o procedimento de atestar a autoria da assinatura presente em um documento. Confirmando assim sua veracidade!\" \/>\n<meta property=\"og:url\" content=\"https:\/\/akioras.com.br\/modeloargon\/reconhecimento-de-firma\/\" \/>\n<meta property=\"og:site_name\" content=\"Argon Solu\u00e7\u00f5es em Tecnologia\" \/>\n<meta property=\"article:modified_time\" content=\"2024-01-11T11:28:22+00:00\" \/>\n<meta name=\"twitter:card\" content=\"summary_large_image\" \/>\n<meta name=\"twitter:label1\" content=\"Est. tempo de leitura\" \/>\n\t<meta name=\"twitter:data1\" content=\"2 minutos\" \/>\n<script type=\"application\/ld+json\" class=\"yoast-schema-graph\">{\"@context\":\"https:\/\/schema.org\",\"@graph\":[{\"@type\":\"WebPage\",\"@id\":\"https:\/\/akioras.com.br\/modeloargon\/reconhecimento-de-firma\/\",\"url\":\"https:\/\/akioras.com.br\/modeloargon\/reconhecimento-de-firma\/\",\"name\":\"Reconhecimento de Firma - Argon Solu\u00e7\u00f5es em Tecnologia\",\"isPartOf\":{\"@id\":\"https:\/\/akioras.com.br\/modeloargon\/#website\"},\"datePublished\":\"2024-01-03T21:15:45+00:00\",\"dateModified\":\"2024-01-11T11:28:22+00:00\",\"description\":\"Reconhecimento de firma \u00e9 o procedimento de atestar a autoria da assinatura presente em um documento. Confirmando assim sua veracidade!\",\"breadcrumb\":{\"@id\":\"https:\/\/akioras.com.br\/modeloargon\/reconhecimento-de-firma\/#breadcrumb\"},\"inLanguage\":\"pt-BR\",\"potentialAction\":[{\"@type\":\"ReadAction\",\"target\":[\"https:\/\/akioras.com.br\/modeloargon\/reconhecimento-de-firma\/\"]}]},{\"@type\":\"BreadcrumbList\",\"@id\":\"https:\/\/akioras.com.br\/modeloargon\/reconhecimento-de-firma\/#breadcrumb\",\"itemListElement\":[{\"@type\":\"ListItem\",\"position\":1,\"name\":\"In\u00edcio\",\"item\":\"https:\/\/akioras.com.br\/modeloargon\/\"},{\"@type\":\"ListItem\",\"position\":2,\"name\":\"Reconhecimento de Firma\"}]},{\"@type\":\"WebSite\",\"@id\":\"https:\/\/akioras.com.br\/modeloargon\/#website\",\"url\":\"https:\/\/akioras.com.br\/modeloargon\/\",\"name\":\"Modelo Site Argon\",\"description\":\"O Modelo Argon \u00e9 apenas um exemplo, A Argon \u00e9 localizado na Av. Dom Pedro II, 1935 - Bairro Campestre, CEP 09080-111 - Santo Andr\u00e9 - SP\",\"publisher\":{\"@id\":\"https:\/\/akioras.com.br\/modeloargon\/#organization\"},\"alternateName\":\"Argon Solu\u00e7\u00f5es em Tecnologia\",\"potentialAction\":[{\"@type\":\"SearchAction\",\"target\":{\"@type\":\"EntryPoint\",\"urlTemplate\":\"https:\/\/akioras.com.br\/modeloargon\/?s={search_term_string}\"},\"query-input\":\"required name=search_term_string\"}],\"inLanguage\":\"pt-BR\"},{\"@type\":\"Organization\",\"@id\":\"https:\/\/akioras.com.br\/modeloargon\/#organization\",\"name\":\"Argon Solu\u00e7\u00f5es em Tecnologia\",\"url\":\"https:\/\/akioras.com.br\/modeloargon\/\",\"logo\":{\"@type\":\"ImageObject\",\"inLanguage\":\"pt-BR\",\"@id\":\"https:\/\/akioras.com.br\/modeloargon\/#\/schema\/logo\/image\/\",\"url\":\"https:\/\/akioras.com.br\/modeloargon\/wp-content\/uploads\/2024\/01\/logoVilaPrudente.jpg\",\"contentUrl\":\"https:\/\/akioras.com.br\/modeloargon\/wp-content\/uploads\/2024\/01\/logoVilaPrudente.jpg\",\"width\":310,\"height\":180,\"caption\":\"Argon Solu\u00e7\u00f5es em Tecnologia\"},\"image\":{\"@id\":\"https:\/\/akioras.com.br\/modeloargon\/#\/schema\/logo\/image\/\"}}]}<\/script>\n<!-- \/ Yoast SEO plugin. -->","yoast_head_json":{"title":"Reconhecimento de Firma - Argon Solu\u00e7\u00f5es em Tecnologia","description":"Reconhecimento de firma \u00e9 o procedimento de atestar a autoria da assinatura presente em um documento. Confirmando assim sua veracidade!","robots":{"index":"index","follow":"follow","max-snippet":"max-snippet:-1","max-image-preview":"max-image-preview:large","max-video-preview":"max-video-preview:-1"},"canonical":"https:\/\/akioras.com.br\/modeloargon\/reconhecimento-de-firma\/","og_locale":"pt_BR","og_type":"article","og_title":"Reconhecimento de Firma - Argon Solu\u00e7\u00f5es em Tecnologia","og_description":"Reconhecimento de firma \u00e9 o procedimento de atestar a autoria da assinatura presente em um documento. Confirmando assim sua veracidade!","og_url":"https:\/\/akioras.com.br\/modeloargon\/reconhecimento-de-firma\/","og_site_name":"Argon Solu\u00e7\u00f5es em Tecnologia","article_modified_time":"2024-01-11T11:28:22+00:00","twitter_card":"summary_large_image","twitter_misc":{"Est. tempo de leitura":"2 minutos"},"schema":{"@context":"https:\/\/schema.org","@graph":[{"@type":"WebPage","@id":"https:\/\/akioras.com.br\/modeloargon\/reconhecimento-de-firma\/","url":"https:\/\/akioras.com.br\/modeloargon\/reconhecimento-de-firma\/","name":"Reconhecimento de Firma - Argon Solu\u00e7\u00f5es em Tecnologia","isPartOf":{"@id":"https:\/\/akioras.com.br\/modeloargon\/#website"},"datePublished":"2024-01-03T21:15:45+00:00","dateModified":"2024-01-11T11:28:22+00:00","description":"Reconhecimento de firma \u00e9 o procedimento de atestar a autoria da assinatura presente em um documento. Confirmando assim sua veracidade!","breadcrumb":{"@id":"https:\/\/akioras.com.br\/modeloargon\/reconhecimento-de-firma\/#breadcrumb"},"inLanguage":"pt-BR","potentialAction":[{"@type":"ReadAction","target":["https:\/\/akioras.com.br\/modeloargon\/reconhecimento-de-firma\/"]}]},{"@type":"BreadcrumbList","@id":"https:\/\/akioras.com.br\/modeloargon\/reconhecimento-de-firma\/#breadcrumb","itemListElement":[{"@type":"ListItem","position":1,"name":"In\u00edcio","item":"https:\/\/akioras.com.br\/modeloargon\/"},{"@type":"ListItem","position":2,"name":"Reconhecimento de Firma"}]},{"@type":"WebSite","@id":"https:\/\/akioras.com.br\/modeloargon\/#website","url":"https:\/\/akioras.com.br\/modeloargon\/","name":"Modelo Site Argon","description":"O Modelo Argon \u00e9 apenas um exemplo, A Argon \u00e9 localizado na Av. Dom Pedro II, 1935 - Bairro Campestre, CEP 09080-111 - Santo Andr\u00e9 - SP","publisher":{"@id":"https:\/\/akioras.com.br\/modeloargon\/#organization"},"alternateName":"Argon Solu\u00e7\u00f5es em Tecnologia","potentialAction":[{"@type":"SearchAction","target":{"@type":"EntryPoint","urlTemplate":"https:\/\/akioras.com.br\/modeloargon\/?s={search_term_string}"},"query-input":"required name=search_term_string"}],"inLanguage":"pt-BR"},{"@type":"Organization","@id":"https:\/\/akioras.com.br\/modeloargon\/#organization","name":"Argon Solu\u00e7\u00f5es em Tecnologia","url":"https:\/\/akioras.com.br\/modeloargon\/","logo":{"@type":"ImageObject","inLanguage":"pt-BR","@id":"https:\/\/akioras.com.br\/modeloargon\/#\/schema\/logo\/image\/","url":"https:\/\/akioras.com.br\/modeloargon\/wp-content\/uploads\/2024\/01\/logoVilaPrudente.jpg","contentUrl":"https:\/\/akioras.com.br\/modeloargon\/wp-content\/uploads\/2024\/01\/logoVilaPrudente.jpg","width":310,"height":180,"caption":"Argon Solu\u00e7\u00f5es em Tecnologia"},"image":{"@id":"https:\/\/akioras.com.br\/modeloargon\/#\/schema\/logo\/image\/"}}]}},"_links":{"self":[{"href":"https:\/\/akioras.com.br\/modeloargon\/wp-json\/wp\/v2\/pages\/53","targetHints":{"allow":["GET"]}}],"collection":[{"href":"https:\/\/akioras.com.br\/modeloargon\/wp-json\/wp\/v2\/pages"}],"about":[{"href":"https:\/\/akioras.com.br\/modeloargon\/wp-json\/wp\/v2\/types\/page"}],"author":[{"embeddable":true,"href":"https:\/\/akioras.com.br\/modeloargon\/wp-json\/wp\/v2\/users\/1"}],"replies":[{"embeddable":true,"href":"https:\/\/akioras.com.br\/modeloargon\/wp-json\/wp\/v2\/comments?post=53"}],"version-history":[{"count":3,"href":"https:\/\/akioras.com.br\/modeloargon\/wp-json\/wp\/v2\/pages\/53\/revisions"}],"predecessor-version":[{"id":169,"href":"https:\/\/akioras.com.br\/modeloargon\/wp-json\/wp\/v2\/pages\/53\/revisions\/169"}],"wp:attachment":[{"href":"https:\/\/akioras.com.br\/modeloargon\/wp-json\/wp\/v2\/media?parent=53"}],"curies":[{"name":"wp","href":"https:\/\/api.w.org\/{rel}","templated":true}]}}