{"id":55,"date":"2024-01-03T18:16:16","date_gmt":"2024-01-03T21:16:16","guid":{"rendered":"https:\/\/akioras.com.br\/modeloargon\/?page_id=55"},"modified":"2024-01-11T08:29:02","modified_gmt":"2024-01-11T11:29:02","slug":"procuracao","status":"publish","type":"page","link":"https:\/\/akioras.com.br\/modeloargon\/procuracao\/","title":{"rendered":"Procura\u00e7\u00f5es"},"content":{"rendered":"\n<div class=\"wp-block-group alignwide has-contrast-color has-text-color has-link-color wp-elements-83e5a5764caec74d49934cb2511a8575 is-layout-flow wp-block-group-is-layout-flow\">\n<p><strong>EXIG\u00caNCIA LEGAL<\/strong> <strong>PROCURA\u00c7\u00d5ES<\/strong><\/p>\n\n\n\n<p>Lei 8.935\/94, Normas de Servi\u00e7o da Corregedoria Geral da Justi\u00e7a do Estado de S\u00e3o Paulo, Tomo II, Cap\u00edtulo XVI, e Artigo 653 do C\u00f3digo Civil.<br><br><strong>IMPORTANTE SABER:<\/strong><\/p>\n\n\n\n<p><strong>OUTORGANTE:<\/strong>&nbsp;No ato da lavratura, o outorgante dever\u00e1 apresentar-se munido de documento de identifica\u00e7\u00e3o original e do Cadastro de Pessoas F\u00edsicas do Minist\u00e9rio da Fazenda (CPF).<\/p>\n\n\n\n<p>No caso de Pessoa Jur\u00eddica, \u00e9 necess\u00e1rio comparecer a pessoa que assina pela empresa, munida do Contrato Social ou Estatuto, ou o Registro da empresa no Cart\u00f3rio de T\u00edtulos e Documentos (\u00faltima altera\u00e7\u00e3o, desde que consolidado), e dos seus documentos de identidade (RG e CPF). As c\u00f3pias dos documentos ficar\u00e3o arquivadas no cart\u00f3rio.<\/p>\n\n\n\n<p><strong>OUTORGADO:<\/strong>&nbsp;recomenda-se que a parte porte o documento de identidade (RG, CNH, etc) e o Cadastro de Pessoas F\u00edsicas do Minist\u00e9rio da Fazenda (CPF).<\/p>\n\n\n\n<p><strong>INFORMA\u00c7\u00d5ES ADICIONAIS:<\/strong><\/p>\n\n\n\n<p><strong>Valores V\u00e1lidos em em 2023:<\/strong><\/p>\n\n\n\n<ul class=\"wp-block-list\">\n<li>Procura\u00e7\u00e3o com valor econ\u00f4mico \u2013 R$ 292,64 (at\u00e9 4 outorgantes)<\/li>\n\n\n\n<li>Procura\u00e7\u00e3o sem valor econ\u00f4mico \u2013 R$ 146,35 (at\u00e9 4 outorgantes)<\/li>\n\n\n\n<li>Procura\u00e7\u00e3o para o foro em geral: \u2013 R$ 109,76 (at\u00e9 4 outorgantes)<\/li>\n\n\n\n<li>Certid\u00e3o \u2013 R$ 83,40<\/li>\n\n\n\n<li>Procura\u00e7\u00e3o para fins previdenci\u00e1rios \u2013 gratuito<\/li>\n<\/ul>\n\n\n\n<p><strong>Contatos:<\/strong><br>E-mail:\u00a0<a href=\"mailto:procuracao@cartoriovilaprudente.com.br\">procuracao@argon.com.br<\/a><br>Telefone: (11)2271-3300, ramal 3307<\/p>\n\n\n\n<h4 class=\"wp-block-heading\">Veja nossos outros servi\u00e7os:<\/h4>\n\n\n\n<p><a href=\"https:\/\/akioras.com.br\/modeloargon\/reconhecimento-de-firma\/\" target=\"_blank\" rel=\"noreferrer noopener\">Reconhecimento de Firmas<\/a><br><a href=\"https:\/\/akioras.com.br\/modeloargon\/autenticacao\/\">Autentica\u00e7\u00f5es<\/a><br><a href=\"https:\/\/akioras.com.br\/modeloargon\/apostilamento\/\" target=\"_blank\" rel=\"noreferrer noopener\">Apostilamento<\/a><\/p>\n\n\n\n<h4 class=\"wp-block-heading\">Veja nossa tabela de custas para o tabelionato de Notas:<\/h4>\n\n\n\n<p><a href=\"https:\/\/cnbsp.org.br\/tabelas-de-custas-e-emolumentos\/#1618854980325-ac7d5176-a6c3\" target=\"_blank\" rel=\"noreferrer noopener\">Tabela de Custas Notas 2024<\/a><\/p>\n<\/div>\n","protected":false},"excerpt":{"rendered":"<p>EXIG\u00caNCIA LEGAL PROCURA\u00c7\u00d5ES Lei 8.935\/94, Normas de Servi\u00e7o da Corregedoria Geral da Justi\u00e7a do Estado de S\u00e3o Paulo, Tomo II, Cap\u00edtulo XVI, e Artigo 653 do C\u00f3digo Civil. IMPORTANTE SABER: OUTORGANTE:&nbsp;No ato da lavratura, o outorgante dever\u00e1 apresentar-se munido de documento de identifica\u00e7\u00e3o original e do Cadastro de Pessoas F\u00edsicas do Minist\u00e9rio da Fazenda (CPF). [&hellip;]<\/p>\n","protected":false},"author":1,"featured_media":0,"parent":0,"menu_order":0,"comment_status":"closed","ping_status":"closed","template":"","meta":{"footnotes":""},"class_list":["post-55","page","type-page","status-publish","hentry"],"yoast_head":"<!-- This site is optimized with the Yoast SEO plugin v22.5 - https:\/\/yoast.com\/wordpress\/plugins\/seo\/ -->\n<title>Procura\u00e7\u00e3o - Argon Solu\u00e7\u00f5es em Tecnologia<\/title>\n<meta name=\"description\" content=\"Procura\u00e7\u00e3o \u00e9 o ato pelo qual uma pessoa confere poderes a outra para agir em seu nome. A procura\u00e7\u00e3o pode ser particular ou p\u00fablica.\" \/>\n<meta name=\"robots\" content=\"index, follow, max-snippet:-1, max-image-preview:large, max-video-preview:-1\" \/>\n<link rel=\"canonical\" href=\"https:\/\/akioras.com.br\/modeloargon\/procuracao\/\" \/>\n<meta property=\"og:locale\" content=\"pt_BR\" \/>\n<meta property=\"og:type\" content=\"article\" \/>\n<meta property=\"og:title\" content=\"Procura\u00e7\u00e3o - Argon Solu\u00e7\u00f5es em Tecnologia\" \/>\n<meta property=\"og:description\" content=\"Procura\u00e7\u00e3o \u00e9 o ato pelo qual uma pessoa confere poderes a outra para agir em seu nome. A procura\u00e7\u00e3o pode ser particular ou p\u00fablica.\" \/>\n<meta property=\"og:url\" content=\"https:\/\/akioras.com.br\/modeloargon\/procuracao\/\" \/>\n<meta property=\"og:site_name\" content=\"Argon Solu\u00e7\u00f5es em Tecnologia\" \/>\n<meta property=\"article:modified_time\" content=\"2024-01-11T11:29:02+00:00\" \/>\n<meta name=\"twitter:card\" content=\"summary_large_image\" \/>\n<meta name=\"twitter:label1\" content=\"Est. tempo de leitura\" \/>\n\t<meta name=\"twitter:data1\" content=\"2 minutos\" \/>\n<script type=\"application\/ld+json\" class=\"yoast-schema-graph\">{\"@context\":\"https:\/\/schema.org\",\"@graph\":[{\"@type\":\"WebPage\",\"@id\":\"https:\/\/akioras.com.br\/modeloargon\/procuracao\/\",\"url\":\"https:\/\/akioras.com.br\/modeloargon\/procuracao\/\",\"name\":\"Procura\u00e7\u00e3o - Argon Solu\u00e7\u00f5es em Tecnologia\",\"isPartOf\":{\"@id\":\"https:\/\/akioras.com.br\/modeloargon\/#website\"},\"datePublished\":\"2024-01-03T21:16:16+00:00\",\"dateModified\":\"2024-01-11T11:29:02+00:00\",\"description\":\"Procura\u00e7\u00e3o \u00e9 o ato pelo qual uma pessoa confere poderes a outra para agir em seu nome. A procura\u00e7\u00e3o pode ser particular ou p\u00fablica.\",\"breadcrumb\":{\"@id\":\"https:\/\/akioras.com.br\/modeloargon\/procuracao\/#breadcrumb\"},\"inLanguage\":\"pt-BR\",\"potentialAction\":[{\"@type\":\"ReadAction\",\"target\":[\"https:\/\/akioras.com.br\/modeloargon\/procuracao\/\"]}]},{\"@type\":\"BreadcrumbList\",\"@id\":\"https:\/\/akioras.com.br\/modeloargon\/procuracao\/#breadcrumb\",\"itemListElement\":[{\"@type\":\"ListItem\",\"position\":1,\"name\":\"In\u00edcio\",\"item\":\"https:\/\/akioras.com.br\/modeloargon\/\"},{\"@type\":\"ListItem\",\"position\":2,\"name\":\"Procura\u00e7\u00f5es\"}]},{\"@type\":\"WebSite\",\"@id\":\"https:\/\/akioras.com.br\/modeloargon\/#website\",\"url\":\"https:\/\/akioras.com.br\/modeloargon\/\",\"name\":\"Modelo Site Argon\",\"description\":\"O Modelo Argon \u00e9 apenas um exemplo, A Argon \u00e9 localizado na Av. Dom Pedro II, 1935 - Bairro Campestre, CEP 09080-111 - Santo Andr\u00e9 - SP\",\"publisher\":{\"@id\":\"https:\/\/akioras.com.br\/modeloargon\/#organization\"},\"alternateName\":\"Argon Solu\u00e7\u00f5es em Tecnologia\",\"potentialAction\":[{\"@type\":\"SearchAction\",\"target\":{\"@type\":\"EntryPoint\",\"urlTemplate\":\"https:\/\/akioras.com.br\/modeloargon\/?s={search_term_string}\"},\"query-input\":\"required name=search_term_string\"}],\"inLanguage\":\"pt-BR\"},{\"@type\":\"Organization\",\"@id\":\"https:\/\/akioras.com.br\/modeloargon\/#organization\",\"name\":\"Argon Solu\u00e7\u00f5es em Tecnologia\",\"url\":\"https:\/\/akioras.com.br\/modeloargon\/\",\"logo\":{\"@type\":\"ImageObject\",\"inLanguage\":\"pt-BR\",\"@id\":\"https:\/\/akioras.com.br\/modeloargon\/#\/schema\/logo\/image\/\",\"url\":\"https:\/\/akioras.com.br\/modeloargon\/wp-content\/uploads\/2024\/01\/logoVilaPrudente.jpg\",\"contentUrl\":\"https:\/\/akioras.com.br\/modeloargon\/wp-content\/uploads\/2024\/01\/logoVilaPrudente.jpg\",\"width\":310,\"height\":180,\"caption\":\"Argon Solu\u00e7\u00f5es em Tecnologia\"},\"image\":{\"@id\":\"https:\/\/akioras.com.br\/modeloargon\/#\/schema\/logo\/image\/\"}}]}<\/script>\n<!-- \/ Yoast SEO plugin. -->","yoast_head_json":{"title":"Procura\u00e7\u00e3o - Argon Solu\u00e7\u00f5es em Tecnologia","description":"Procura\u00e7\u00e3o \u00e9 o ato pelo qual uma pessoa confere poderes a outra para agir em seu nome. A procura\u00e7\u00e3o pode ser particular ou p\u00fablica.","robots":{"index":"index","follow":"follow","max-snippet":"max-snippet:-1","max-image-preview":"max-image-preview:large","max-video-preview":"max-video-preview:-1"},"canonical":"https:\/\/akioras.com.br\/modeloargon\/procuracao\/","og_locale":"pt_BR","og_type":"article","og_title":"Procura\u00e7\u00e3o - Argon Solu\u00e7\u00f5es em Tecnologia","og_description":"Procura\u00e7\u00e3o \u00e9 o ato pelo qual uma pessoa confere poderes a outra para agir em seu nome. A procura\u00e7\u00e3o pode ser particular ou p\u00fablica.","og_url":"https:\/\/akioras.com.br\/modeloargon\/procuracao\/","og_site_name":"Argon Solu\u00e7\u00f5es em Tecnologia","article_modified_time":"2024-01-11T11:29:02+00:00","twitter_card":"summary_large_image","twitter_misc":{"Est. tempo de leitura":"2 minutos"},"schema":{"@context":"https:\/\/schema.org","@graph":[{"@type":"WebPage","@id":"https:\/\/akioras.com.br\/modeloargon\/procuracao\/","url":"https:\/\/akioras.com.br\/modeloargon\/procuracao\/","name":"Procura\u00e7\u00e3o - Argon Solu\u00e7\u00f5es em Tecnologia","isPartOf":{"@id":"https:\/\/akioras.com.br\/modeloargon\/#website"},"datePublished":"2024-01-03T21:16:16+00:00","dateModified":"2024-01-11T11:29:02+00:00","description":"Procura\u00e7\u00e3o \u00e9 o ato pelo qual uma pessoa confere poderes a outra para agir em seu nome. A procura\u00e7\u00e3o pode ser particular ou p\u00fablica.","breadcrumb":{"@id":"https:\/\/akioras.com.br\/modeloargon\/procuracao\/#breadcrumb"},"inLanguage":"pt-BR","potentialAction":[{"@type":"ReadAction","target":["https:\/\/akioras.com.br\/modeloargon\/procuracao\/"]}]},{"@type":"BreadcrumbList","@id":"https:\/\/akioras.com.br\/modeloargon\/procuracao\/#breadcrumb","itemListElement":[{"@type":"ListItem","position":1,"name":"In\u00edcio","item":"https:\/\/akioras.com.br\/modeloargon\/"},{"@type":"ListItem","position":2,"name":"Procura\u00e7\u00f5es"}]},{"@type":"WebSite","@id":"https:\/\/akioras.com.br\/modeloargon\/#website","url":"https:\/\/akioras.com.br\/modeloargon\/","name":"Modelo Site Argon","description":"O Modelo Argon \u00e9 apenas um exemplo, A Argon \u00e9 localizado na Av. Dom Pedro II, 1935 - Bairro Campestre, CEP 09080-111 - Santo Andr\u00e9 - SP","publisher":{"@id":"https:\/\/akioras.com.br\/modeloargon\/#organization"},"alternateName":"Argon Solu\u00e7\u00f5es em Tecnologia","potentialAction":[{"@type":"SearchAction","target":{"@type":"EntryPoint","urlTemplate":"https:\/\/akioras.com.br\/modeloargon\/?s={search_term_string}"},"query-input":"required name=search_term_string"}],"inLanguage":"pt-BR"},{"@type":"Organization","@id":"https:\/\/akioras.com.br\/modeloargon\/#organization","name":"Argon Solu\u00e7\u00f5es em Tecnologia","url":"https:\/\/akioras.com.br\/modeloargon\/","logo":{"@type":"ImageObject","inLanguage":"pt-BR","@id":"https:\/\/akioras.com.br\/modeloargon\/#\/schema\/logo\/image\/","url":"https:\/\/akioras.com.br\/modeloargon\/wp-content\/uploads\/2024\/01\/logoVilaPrudente.jpg","contentUrl":"https:\/\/akioras.com.br\/modeloargon\/wp-content\/uploads\/2024\/01\/logoVilaPrudente.jpg","width":310,"height":180,"caption":"Argon Solu\u00e7\u00f5es em Tecnologia"},"image":{"@id":"https:\/\/akioras.com.br\/modeloargon\/#\/schema\/logo\/image\/"}}]}},"_links":{"self":[{"href":"https:\/\/akioras.com.br\/modeloargon\/wp-json\/wp\/v2\/pages\/55","targetHints":{"allow":["GET"]}}],"collection":[{"href":"https:\/\/akioras.com.br\/modeloargon\/wp-json\/wp\/v2\/pages"}],"about":[{"href":"https:\/\/akioras.com.br\/modeloargon\/wp-json\/wp\/v2\/types\/page"}],"author":[{"embeddable":true,"href":"https:\/\/akioras.com.br\/modeloargon\/wp-json\/wp\/v2\/users\/1"}],"replies":[{"embeddable":true,"href":"https:\/\/akioras.com.br\/modeloargon\/wp-json\/wp\/v2\/comments?post=55"}],"version-history":[{"count":3,"href":"https:\/\/akioras.com.br\/modeloargon\/wp-json\/wp\/v2\/pages\/55\/revisions"}],"predecessor-version":[{"id":170,"href":"https:\/\/akioras.com.br\/modeloargon\/wp-json\/wp\/v2\/pages\/55\/revisions\/170"}],"wp:attachment":[{"href":"https:\/\/akioras.com.br\/modeloargon\/wp-json\/wp\/v2\/media?parent=55"}],"curies":[{"name":"wp","href":"https:\/\/api.w.org\/{rel}","templated":true}]}}