{"id":57,"date":"2024-01-03T18:16:32","date_gmt":"2024-01-03T21:16:32","guid":{"rendered":"https:\/\/akioras.com.br\/modeloargon\/?page_id=57"},"modified":"2024-01-11T08:36:09","modified_gmt":"2024-01-11T11:36:09","slug":"apostilamento","status":"publish","type":"page","link":"https:\/\/akioras.com.br\/modeloargon\/apostilamento\/","title":{"rendered":"Apostilamento"},"content":{"rendered":"\n<div class=\"wp-block-group alignwide has-contrast-color has-text-color has-link-color wp-elements-7b2c8f64b9847d6f5de647f5e5acf785 is-layout-flow wp-block-group-is-layout-flow\">\n<p><strong>EXIG\u00caNCIA LEGAL<\/strong> <strong>APOSTILAMENTO<\/strong><\/p>\n\n\n\n<p>O Conselho Nacional de Justi\u00e7a (CNJ) \u00e9 o respons\u00e1vel por coordenar e regulamentar a aplica\u00e7\u00e3o da Conven\u00e7\u00e3o da Apostila da Haia no Brasil, pois entrou em vigor em agosto de 2016. O tratado, assinado no segundo semestre de 2015 pelo Brasil, tem o objetivo de agilizar e simplificar a legaliza\u00e7\u00e3o de documentos entre os 112 pa\u00edses signat\u00e1rios, em suma, permitindo o reconhecimento m\u00fatuo de documentos brasileiros no exterior e de documentos estrangeiros no Brasil. Em 14 de novembro de 2017, o CNJ expediu o Provimento 62 regulamentando a aposi\u00e7\u00e3o da apostila.<\/p>\n\n\n\n<p><strong>IMPORTANTE SABER:<\/strong><\/p>\n\n\n\n<p><strong>A Conven\u00e7\u00e3o aplica-se aos atos p\u00fablicos lavrados e apresentados em um dos pa\u00edses signat\u00e1rios. Consideram-se atos p\u00fablicos:<\/strong><\/p>\n\n\n\n<p>\u2013 Documentos provenientes de uma autoridade ou de um funcion\u00e1rio dependente de qualquer jurisdi\u00e7\u00e3o do pa\u00eds, compreendidos os provenientes do Minist\u00e9rio P\u00fablico, de um escriv\u00e3o de direito ou de um oficial de dilig\u00eancias;<\/p>\n\n\n\n<p>\u2013 Documentos administrativos;<\/p>\n\n\n\n<p>\u2013 Atos notariais;<\/p>\n\n\n\n<p>\u2013 Declara\u00e7\u00f5es oficiais tais como men\u00e7\u00f5es de registo, vistos para data determinada e reconhecimento de assinatura, inseridos em atos de natureza privada.<\/p>\n\n\n\n<p><strong>A Conven\u00e7\u00e3o n\u00e3o se aplica a:<\/strong><\/p>\n\n\n\n<p>\u2013 Documentos elaborados pelos agentes diplom\u00e1ticos ou consulares;<\/p>\n\n\n\n<p>\u2013 Documentos administrativos relacionados diretamente com uma opera\u00e7\u00e3o comercial ou aduaneira.<\/p>\n\n\n\n<p>A veracidade da assinatura, qualidade e autenticidade podem ser atestadas apenas pelo selo ou carimbo concedido pela autoridade competente do pa\u00eds de origem do documento. A exig\u00eancia desta formalidade fica dispensada caso as leis, regulamentos ou costumes em vigor no pa\u00eds onde o ato foi celebrado afastem, simplifiquem ou dispensem a legaliza\u00e7\u00e3o do ato.<\/p>\n\n\n\n<p><strong>Fonte: CNJ<\/strong><\/p>\n\n\n\n<p><a href=\"http:\/\/www.cnj.jus.br\/poder-judiciario\/relacoes-internacionais\/convencao-da-apostila-da-haia\" target=\"_blank\" rel=\"noreferrer noopener\">http:\/\/www.cnj.jus.br\/poder-judiciario\/relacoes-internacionais\/convencao-da-apostila-da-haia<\/a><\/p>\n\n\n\n<p><strong>INFORMA\u00c7\u00d5ES ADICIONAIS:<\/strong><br>A c\u00f3pia de um documento pode ser apostilada, desde que a mesma seja autenticada.<\/p>\n\n\n\n<p><strong>Valores V\u00e1lidos em 2023:<\/strong><br>R$ 146,35 por documento (ex: contrato de loca\u00e7\u00e3o com mais de uma pagina, vale esse valor para o documento inteiro)<\/p>\n\n\n\n<p><strong>Contatos:<\/strong><br>E-mail:\u00a0<a href=\"http:\/\/argon.com.br\">procuracao@argon.com.br<\/a><br>Telefone: (11)2271-3300, ramal 3307<br><a href=\"https:\/\/akioras.com.br\/modeloargon\/fale-conosco\/\">Fale Conosco!<\/a><\/p>\n\n\n\n<h4 class=\"wp-block-heading\">Veja nossos outros servi\u00e7os:<\/h4>\n\n\n\n<p><a href=\"https:\/\/akioras.com.br\/modeloargon\/reconhecimento-de-firma\/\" target=\"_blank\" rel=\"noreferrer noopener\">Reconhecimento de Firmas<\/a><br><a href=\"https:\/\/akioras.com.br\/modeloargon\/procuracoes\/\" target=\"_blank\" rel=\"noreferrer noopener\">Procura\u00e7\u00f5es<\/a><br><a href=\"https:\/\/akioras.com.br\/modeloargon\/autenticacao\/\">Autentica\u00e7\u00f5es<\/a><\/p>\n\n\n\n<h4 class=\"wp-block-heading\">Veja nossa tabela de custas para o tabelionato de Notas:<\/h4>\n\n\n\n<p><a href=\"https:\/\/cnbsp.org.br\/tabelas-de-custas-e-emolumentos\/#1618854980325-ac7d5176-a6c3\" target=\"_blank\" rel=\"noreferrer noopener\">Tabela de Custas Notas 2024<\/a><\/p>\n<\/div>\n","protected":false},"excerpt":{"rendered":"<p>EXIG\u00caNCIA LEGAL APOSTILAMENTO O Conselho Nacional de Justi\u00e7a (CNJ) \u00e9 o respons\u00e1vel por coordenar e regulamentar a aplica\u00e7\u00e3o da Conven\u00e7\u00e3o da Apostila da Haia no Brasil, pois entrou em vigor em agosto de 2016. O tratado, assinado no segundo semestre de 2015 pelo Brasil, tem o objetivo de agilizar e simplificar a legaliza\u00e7\u00e3o de documentos [&hellip;]<\/p>\n","protected":false},"author":1,"featured_media":0,"parent":0,"menu_order":0,"comment_status":"closed","ping_status":"closed","template":"","meta":{"footnotes":""},"class_list":["post-57","page","type-page","status-publish","hentry"],"yoast_head":"<!-- This site is optimized with the Yoast SEO plugin v22.5 - https:\/\/yoast.com\/wordpress\/plugins\/seo\/ -->\n<title>Apostilamento - Argon Solu\u00e7\u00f5es em Tecnologia<\/title>\n<meta name=\"description\" content=\"O Modelo Argon \u00e9 apenas um exemplo, A Argon \u00e9 localizado na Av. Dom Pedro II, 1935 - Bairro Campestre, CEP 09080-111 - Santo Andr\u00e9 - SP\" \/>\n<meta name=\"robots\" content=\"index, follow, max-snippet:-1, max-image-preview:large, max-video-preview:-1\" \/>\n<link rel=\"canonical\" href=\"https:\/\/akioras.com.br\/modeloargon\/apostilamento\/\" \/>\n<meta property=\"og:locale\" content=\"pt_BR\" \/>\n<meta property=\"og:type\" content=\"article\" \/>\n<meta property=\"og:title\" content=\"Apostilamento - Argon Solu\u00e7\u00f5es em Tecnologia\" \/>\n<meta property=\"og:description\" content=\"O Modelo Argon \u00e9 apenas um exemplo, A Argon \u00e9 localizado na Av. Dom Pedro II, 1935 - Bairro Campestre, CEP 09080-111 - Santo Andr\u00e9 - SP\" \/>\n<meta property=\"og:url\" content=\"https:\/\/akioras.com.br\/modeloargon\/apostilamento\/\" \/>\n<meta property=\"og:site_name\" content=\"Argon Solu\u00e7\u00f5es em Tecnologia\" \/>\n<meta property=\"article:modified_time\" content=\"2024-01-11T11:36:09+00:00\" \/>\n<meta name=\"twitter:card\" content=\"summary_large_image\" \/>\n<meta name=\"twitter:label1\" content=\"Est. tempo de leitura\" \/>\n\t<meta name=\"twitter:data1\" content=\"2 minutos\" \/>\n<script type=\"application\/ld+json\" class=\"yoast-schema-graph\">{\"@context\":\"https:\/\/schema.org\",\"@graph\":[{\"@type\":\"WebPage\",\"@id\":\"https:\/\/akioras.com.br\/modeloargon\/apostilamento\/\",\"url\":\"https:\/\/akioras.com.br\/modeloargon\/apostilamento\/\",\"name\":\"Apostilamento - Argon Solu\u00e7\u00f5es em Tecnologia\",\"isPartOf\":{\"@id\":\"https:\/\/akioras.com.br\/modeloargon\/#website\"},\"datePublished\":\"2024-01-03T21:16:32+00:00\",\"dateModified\":\"2024-01-11T11:36:09+00:00\",\"description\":\"O Modelo Argon \u00e9 apenas um exemplo, A Argon \u00e9 localizado na Av. Dom Pedro II, 1935 - Bairro Campestre, CEP 09080-111 - Santo Andr\u00e9 - SP\",\"breadcrumb\":{\"@id\":\"https:\/\/akioras.com.br\/modeloargon\/apostilamento\/#breadcrumb\"},\"inLanguage\":\"pt-BR\",\"potentialAction\":[{\"@type\":\"ReadAction\",\"target\":[\"https:\/\/akioras.com.br\/modeloargon\/apostilamento\/\"]}]},{\"@type\":\"BreadcrumbList\",\"@id\":\"https:\/\/akioras.com.br\/modeloargon\/apostilamento\/#breadcrumb\",\"itemListElement\":[{\"@type\":\"ListItem\",\"position\":1,\"name\":\"In\u00edcio\",\"item\":\"https:\/\/akioras.com.br\/modeloargon\/\"},{\"@type\":\"ListItem\",\"position\":2,\"name\":\"Apostilamento\"}]},{\"@type\":\"WebSite\",\"@id\":\"https:\/\/akioras.com.br\/modeloargon\/#website\",\"url\":\"https:\/\/akioras.com.br\/modeloargon\/\",\"name\":\"Modelo Site Argon\",\"description\":\"O Modelo Argon \u00e9 apenas um exemplo, A Argon \u00e9 localizado na Av. Dom Pedro II, 1935 - Bairro Campestre, CEP 09080-111 - Santo Andr\u00e9 - SP\",\"publisher\":{\"@id\":\"https:\/\/akioras.com.br\/modeloargon\/#organization\"},\"alternateName\":\"Argon Solu\u00e7\u00f5es em Tecnologia\",\"potentialAction\":[{\"@type\":\"SearchAction\",\"target\":{\"@type\":\"EntryPoint\",\"urlTemplate\":\"https:\/\/akioras.com.br\/modeloargon\/?s={search_term_string}\"},\"query-input\":\"required name=search_term_string\"}],\"inLanguage\":\"pt-BR\"},{\"@type\":\"Organization\",\"@id\":\"https:\/\/akioras.com.br\/modeloargon\/#organization\",\"name\":\"Argon Solu\u00e7\u00f5es em Tecnologia\",\"url\":\"https:\/\/akioras.com.br\/modeloargon\/\",\"logo\":{\"@type\":\"ImageObject\",\"inLanguage\":\"pt-BR\",\"@id\":\"https:\/\/akioras.com.br\/modeloargon\/#\/schema\/logo\/image\/\",\"url\":\"https:\/\/akioras.com.br\/modeloargon\/wp-content\/uploads\/2024\/01\/logoVilaPrudente.jpg\",\"contentUrl\":\"https:\/\/akioras.com.br\/modeloargon\/wp-content\/uploads\/2024\/01\/logoVilaPrudente.jpg\",\"width\":310,\"height\":180,\"caption\":\"Argon Solu\u00e7\u00f5es em Tecnologia\"},\"image\":{\"@id\":\"https:\/\/akioras.com.br\/modeloargon\/#\/schema\/logo\/image\/\"}}]}<\/script>\n<!-- \/ Yoast SEO plugin. -->","yoast_head_json":{"title":"Apostilamento - Argon Solu\u00e7\u00f5es em Tecnologia","description":"O Modelo Argon \u00e9 apenas um exemplo, A Argon \u00e9 localizado na Av. Dom Pedro II, 1935 - Bairro Campestre, CEP 09080-111 - Santo Andr\u00e9 - SP","robots":{"index":"index","follow":"follow","max-snippet":"max-snippet:-1","max-image-preview":"max-image-preview:large","max-video-preview":"max-video-preview:-1"},"canonical":"https:\/\/akioras.com.br\/modeloargon\/apostilamento\/","og_locale":"pt_BR","og_type":"article","og_title":"Apostilamento - Argon Solu\u00e7\u00f5es em Tecnologia","og_description":"O Modelo Argon \u00e9 apenas um exemplo, A Argon \u00e9 localizado na Av. Dom Pedro II, 1935 - Bairro Campestre, CEP 09080-111 - Santo Andr\u00e9 - SP","og_url":"https:\/\/akioras.com.br\/modeloargon\/apostilamento\/","og_site_name":"Argon Solu\u00e7\u00f5es em Tecnologia","article_modified_time":"2024-01-11T11:36:09+00:00","twitter_card":"summary_large_image","twitter_misc":{"Est. tempo de leitura":"2 minutos"},"schema":{"@context":"https:\/\/schema.org","@graph":[{"@type":"WebPage","@id":"https:\/\/akioras.com.br\/modeloargon\/apostilamento\/","url":"https:\/\/akioras.com.br\/modeloargon\/apostilamento\/","name":"Apostilamento - Argon Solu\u00e7\u00f5es em Tecnologia","isPartOf":{"@id":"https:\/\/akioras.com.br\/modeloargon\/#website"},"datePublished":"2024-01-03T21:16:32+00:00","dateModified":"2024-01-11T11:36:09+00:00","description":"O Modelo Argon \u00e9 apenas um exemplo, A Argon \u00e9 localizado na Av. Dom Pedro II, 1935 - Bairro Campestre, CEP 09080-111 - Santo Andr\u00e9 - SP","breadcrumb":{"@id":"https:\/\/akioras.com.br\/modeloargon\/apostilamento\/#breadcrumb"},"inLanguage":"pt-BR","potentialAction":[{"@type":"ReadAction","target":["https:\/\/akioras.com.br\/modeloargon\/apostilamento\/"]}]},{"@type":"BreadcrumbList","@id":"https:\/\/akioras.com.br\/modeloargon\/apostilamento\/#breadcrumb","itemListElement":[{"@type":"ListItem","position":1,"name":"In\u00edcio","item":"https:\/\/akioras.com.br\/modeloargon\/"},{"@type":"ListItem","position":2,"name":"Apostilamento"}]},{"@type":"WebSite","@id":"https:\/\/akioras.com.br\/modeloargon\/#website","url":"https:\/\/akioras.com.br\/modeloargon\/","name":"Modelo Site Argon","description":"O Modelo Argon \u00e9 apenas um exemplo, A Argon \u00e9 localizado na Av. Dom Pedro II, 1935 - Bairro Campestre, CEP 09080-111 - Santo Andr\u00e9 - SP","publisher":{"@id":"https:\/\/akioras.com.br\/modeloargon\/#organization"},"alternateName":"Argon Solu\u00e7\u00f5es em Tecnologia","potentialAction":[{"@type":"SearchAction","target":{"@type":"EntryPoint","urlTemplate":"https:\/\/akioras.com.br\/modeloargon\/?s={search_term_string}"},"query-input":"required name=search_term_string"}],"inLanguage":"pt-BR"},{"@type":"Organization","@id":"https:\/\/akioras.com.br\/modeloargon\/#organization","name":"Argon Solu\u00e7\u00f5es em Tecnologia","url":"https:\/\/akioras.com.br\/modeloargon\/","logo":{"@type":"ImageObject","inLanguage":"pt-BR","@id":"https:\/\/akioras.com.br\/modeloargon\/#\/schema\/logo\/image\/","url":"https:\/\/akioras.com.br\/modeloargon\/wp-content\/uploads\/2024\/01\/logoVilaPrudente.jpg","contentUrl":"https:\/\/akioras.com.br\/modeloargon\/wp-content\/uploads\/2024\/01\/logoVilaPrudente.jpg","width":310,"height":180,"caption":"Argon Solu\u00e7\u00f5es em Tecnologia"},"image":{"@id":"https:\/\/akioras.com.br\/modeloargon\/#\/schema\/logo\/image\/"}}]}},"_links":{"self":[{"href":"https:\/\/akioras.com.br\/modeloargon\/wp-json\/wp\/v2\/pages\/57","targetHints":{"allow":["GET"]}}],"collection":[{"href":"https:\/\/akioras.com.br\/modeloargon\/wp-json\/wp\/v2\/pages"}],"about":[{"href":"https:\/\/akioras.com.br\/modeloargon\/wp-json\/wp\/v2\/types\/page"}],"author":[{"embeddable":true,"href":"https:\/\/akioras.com.br\/modeloargon\/wp-json\/wp\/v2\/users\/1"}],"replies":[{"embeddable":true,"href":"https:\/\/akioras.com.br\/modeloargon\/wp-json\/wp\/v2\/comments?post=57"}],"version-history":[{"count":3,"href":"https:\/\/akioras.com.br\/modeloargon\/wp-json\/wp\/v2\/pages\/57\/revisions"}],"predecessor-version":[{"id":178,"href":"https:\/\/akioras.com.br\/modeloargon\/wp-json\/wp\/v2\/pages\/57\/revisions\/178"}],"wp:attachment":[{"href":"https:\/\/akioras.com.br\/modeloargon\/wp-json\/wp\/v2\/media?parent=57"}],"curies":[{"name":"wp","href":"https:\/\/api.w.org\/{rel}","templated":true}]}}