{"id":66,"date":"2024-01-04T11:35:57","date_gmt":"2024-01-04T14:35:57","guid":{"rendered":"https:\/\/akioras.com.br\/modeloargon\/?page_id=66"},"modified":"2024-01-11T08:35:08","modified_gmt":"2024-01-11T11:35:08","slug":"casamento","status":"publish","type":"page","link":"https:\/\/akioras.com.br\/modeloargon\/casamento\/","title":{"rendered":"Casamento"},"content":{"rendered":"\n<div class=\"wp-block-group alignwide is-layout-flow wp-block-group-is-layout-flow\">\n<div class=\"wp-block-group is-content-justification-left is-layout-flex wp-container-core-group-is-layout-b010ceb7 wp-block-group-is-layout-flex\">\n<p>Sabia que agora voc\u00ea pode pedir uma certid\u00e3o de casamento pelo nosso site?<\/p>\n\n\n\n<div class=\"wp-block-buttons is-layout-flex wp-block-buttons-is-layout-flex\">\n<div class=\"wp-block-button\"><a class=\"wp-block-button__link has-base-color has-text-color has-link-color wp-element-button\" href=\"https:\/\/akioras.com.br\/modeloargon\/pedido-certidao-de-casamento\/\">Pe\u00e7a agora!<\/a><\/div>\n<\/div>\n<\/div>\n<\/div>\n\n\n\n<div class=\"wp-block-group alignwide has-contrast-color has-text-color has-link-color wp-elements-adf34eab9cf994c32996de242f054748 is-layout-flow wp-block-group-is-layout-flow\">\n<p><strong>IMPORTANTE SABER:<\/strong><\/p>\n\n\n\n<p><strong>Os noivos dever\u00e3o comparecer ao cart\u00f3rio, acompanhados de 2 testemunhas, no m\u00ednimo, 30 dias antes e, no m\u00e1ximo, 90 dias antes da data pretendida do casamento, com os seguintes documentos:<\/strong><\/p>\n\n\n\n<p>a) Documento de identidade dos noivos e das 2 testemunhas (se casados apresentar Certid\u00e3o de Casamento atualizada e se divorciados a certid\u00e3o com a averba\u00e7\u00e3o do div\u00f3rcio);<br>b) Certid\u00e3o de Nascimento (emitida h\u00e1, no m\u00e1ximo, 90 dias);<br>c) Caso de noivo divorciado, apresentar Certid\u00e3o de Casamento com Averba\u00e7\u00e3o de Div\u00f3rcio (emitida h\u00e1, no m\u00e1ximo, 90 dias);<br>d) Caso de noivo vi\u00favo, apresentar Certid\u00e3o de Casamento (emitida h\u00e1, no m\u00e1ximo, 90 dias) e Certid\u00e3o de \u00d3bito do c\u00f4njuge falecido;<br>e) Caso de noivo maior de 16 anos e menor de 18 anos, dever\u00e3o comparecer os pais ou representantes legais para prestar anu\u00eancia, com os respectivos documentos de identidade.<\/p>\n\n\n\n<h5 class=\"wp-block-heading\"><strong>Documentos necess\u00e1rios para estrangeiro:<\/strong><\/h5>\n\n\n\n<p>a) Solteiro: RNE e CPF, Certid\u00e3o de Nascimento (emitida h\u00e1, no m\u00e1ximo, 90 dias), todos originais;<br>b) Se maior de 16 anos e menor de 18, comparecer juntamente com os pais, que dever\u00e3o apresentar-se com os documentos originais Apresentar, ainda, comprovante de resid\u00eancia e passaporte, com foto, numera\u00e7\u00e3o e visto de entrada no pa\u00eds dentro do prazo;<br>c) Se divorciado: Apresentar a certid\u00e3o de casamento (emitida h\u00e1, no m\u00e1ximo, 90 dias), com averba\u00e7\u00e3o do div\u00f3rcio;<br>d) Se vi\u00favo: Apresentar certid\u00e3o de \u00f3bito do c\u00f4njuge e de casamento (emitida h\u00e1, no m\u00e1ximo, 90 dias), com a anota\u00e7\u00e3o do \u00f3bito.<\/p>\n\n\n\n<h6 class=\"wp-block-heading\"><strong>Observa\u00e7\u00f5es:<\/strong><\/h6>\n\n\n\n<p>\u2013 Documentos estrangeiros dever\u00e3o ser apostilados. Caso o pa\u00eds de origem do documento n\u00e3o perten\u00e7a \u00e0 Conven\u00e7\u00e3o de Haia, dever\u00e3o vir com o visto do Consulado Brasileiro do pa\u00eds de origem;<br>\u2013 Dever\u00e3o, tamb\u00e9m, ser traduzidos para o portugu\u00eas, por tradutor juramentado, e registrados no Cart\u00f3rio de T\u00edtulos e Documentos;<br>\u2013 Documentos emitidos pelos Consulados dever\u00e3o ter a firma do C\u00f4nsul reconhecida e ser registrados no Cart\u00f3rio de T\u00edtulos e Documentos;<br>\u2013 as testemunhas poder\u00e3o ser os padrinhos, inclusive os pais;<\/p>\n\n\n\n<h6 class=\"wp-block-heading\"><strong>INFORMA\u00c7\u00d5ES ADICIONAIS:<\/strong><\/h6>\n\n\n\n<p>\u2013 Para casamentos realizados fora da sede do cart\u00f3rio, o procedimento de habilita\u00e7\u00e3o \u00e9 o mesmo e a certid\u00e3o ser\u00e1 entregue no ato;<br>\u2013 Para casamentos religiosos com efeito civil: os noivos dever\u00e3o trazer ao cart\u00f3rio, al\u00e9m dos documentos acima, o requerimento da igreja. Ap\u00f3s a realiza\u00e7\u00e3o da cerim\u00f4nia, os noivos ter\u00e3o, no m\u00e1ximo, 90 dias para trazer o termo da celebra\u00e7\u00e3o para emiss\u00e3o da certid\u00e3o. Contudo, caso isso n\u00e3o ocorra, o casamento ficar\u00e1 ineficaz.<\/p>\n\n\n\n<h6 class=\"wp-block-heading\"><strong>ATENDIMENTO\/AGENDAMENTO:<\/strong><\/h6>\n\n\n\n<p>Para dar entrada na habilita\u00e7\u00e3o do casamento, \u00e9 necess\u00e1rio o comparecimento dos nubentes e das duas testemunhas*, munidos da documenta\u00e7\u00e3o necess\u00e1ria. O atendimento \u00e9 feito de segunda-feira a s\u00e1bado, mediante&nbsp;agendamento pr\u00e9vio, que dever\u00e1 ser solicitado pelo link abaixo. Clicando no link, abrir\u00e1 nossa plataforma de agendamento, o AKIORAS. Fa\u00e7a seu cadastro inicial, clique em \u201cNovo Agendamento\u201d, opte por \u201cHabilita\u00e7\u00e3o de Casamento\u201d, preencha o formul\u00e1rio e aguarde nosso contato.<\/p>\n\n\n\n<p>*Aten\u00e7\u00e3o:\u00a0\u00c9 dispensado o comparecimento das testemunhas para dar entrada, desde que os noivos apresentem, no ato da habilita\u00e7\u00e3o, o atestado testemunhal devidamente assinado e com firma reconhecida, juntamente com uma c\u00f3pia simples do documento de identifica\u00e7\u00e3o de ambas\u00a0<strong>(Fa\u00e7a o download do atestado testemunhal\u00a0<a href=\"#\">clique aqui<\/a>)<\/strong><\/p>\n\n\n\n<h4 class=\"wp-block-heading\">Veja nossos outros servi\u00e7os:<\/h4>\n\n\n\n<p><a href=\"https:\/\/akioras.com.br\/modeloargon\/nascimento\/\">Nascimento<\/a><br><a href=\"https:\/\/akioras.com.br\/modeloargon\/obito\/\">\u00d3bito<\/a><\/p>\n\n\n\n<h4 class=\"wp-block-heading\">Veja nossa tabela de custas para Registro Civil:<\/h4>\n\n\n\n<p><a href=\"https:\/\/arpensp.org.br\/arquivos\/uploads\/tabela-de-custas-2024-iss-integrante-2pdf-c3a9df6b7ec80b5b.pdf\">Tabela de Custas Registro Civil 2024<\/a><\/p>\n<\/div>\n","protected":false},"excerpt":{"rendered":"<p>Sabia que agora voc\u00ea pode pedir uma certid\u00e3o de casamento pelo nosso site? IMPORTANTE SABER: Os noivos dever\u00e3o comparecer ao cart\u00f3rio, acompanhados de 2 testemunhas, no m\u00ednimo, 30 dias antes e, no m\u00e1ximo, 90 dias antes da data pretendida do casamento, com os seguintes documentos: a) Documento de identidade dos noivos e das 2 testemunhas [&hellip;]<\/p>\n","protected":false},"author":1,"featured_media":0,"parent":0,"menu_order":0,"comment_status":"closed","ping_status":"closed","template":"","meta":{"footnotes":""},"class_list":["post-66","page","type-page","status-publish","hentry"],"yoast_head":"<!-- This site is optimized with the Yoast SEO plugin v22.5 - https:\/\/yoast.com\/wordpress\/plugins\/seo\/ -->\n<title>Casamento - Argon Solu\u00e7\u00f5es em Tecnologia<\/title>\n<meta name=\"description\" content=\"O Modelo Argon \u00e9 apenas um exemplo, A Argon \u00e9 localizado na Av. Dom Pedro II, 1935 - Bairro Campestre, CEP 09080-111 - Santo Andr\u00e9 - SP\" \/>\n<meta name=\"robots\" content=\"index, follow, max-snippet:-1, max-image-preview:large, max-video-preview:-1\" \/>\n<link rel=\"canonical\" href=\"https:\/\/akioras.com.br\/modeloargon\/casamento\/\" \/>\n<meta property=\"og:locale\" content=\"pt_BR\" \/>\n<meta property=\"og:type\" content=\"article\" \/>\n<meta property=\"og:title\" content=\"Casamento - Argon Solu\u00e7\u00f5es em Tecnologia\" \/>\n<meta property=\"og:description\" content=\"O Modelo Argon \u00e9 apenas um exemplo, A Argon \u00e9 localizado na Av. Dom Pedro II, 1935 - Bairro Campestre, CEP 09080-111 - Santo Andr\u00e9 - SP\" \/>\n<meta property=\"og:url\" content=\"https:\/\/akioras.com.br\/modeloargon\/casamento\/\" \/>\n<meta property=\"og:site_name\" content=\"Argon Solu\u00e7\u00f5es em Tecnologia\" \/>\n<meta property=\"article:modified_time\" content=\"2024-01-11T11:35:08+00:00\" \/>\n<meta name=\"twitter:card\" content=\"summary_large_image\" \/>\n<meta name=\"twitter:label1\" content=\"Est. tempo de leitura\" \/>\n\t<meta name=\"twitter:data1\" content=\"4 minutos\" \/>\n<script type=\"application\/ld+json\" class=\"yoast-schema-graph\">{\"@context\":\"https:\/\/schema.org\",\"@graph\":[{\"@type\":\"WebPage\",\"@id\":\"https:\/\/akioras.com.br\/modeloargon\/casamento\/\",\"url\":\"https:\/\/akioras.com.br\/modeloargon\/casamento\/\",\"name\":\"Casamento - Argon Solu\u00e7\u00f5es em Tecnologia\",\"isPartOf\":{\"@id\":\"https:\/\/akioras.com.br\/modeloargon\/#website\"},\"datePublished\":\"2024-01-04T14:35:57+00:00\",\"dateModified\":\"2024-01-11T11:35:08+00:00\",\"description\":\"O Modelo Argon \u00e9 apenas um exemplo, A Argon \u00e9 localizado na Av. Dom Pedro II, 1935 - Bairro Campestre, CEP 09080-111 - Santo Andr\u00e9 - SP\",\"breadcrumb\":{\"@id\":\"https:\/\/akioras.com.br\/modeloargon\/casamento\/#breadcrumb\"},\"inLanguage\":\"pt-BR\",\"potentialAction\":[{\"@type\":\"ReadAction\",\"target\":[\"https:\/\/akioras.com.br\/modeloargon\/casamento\/\"]}]},{\"@type\":\"BreadcrumbList\",\"@id\":\"https:\/\/akioras.com.br\/modeloargon\/casamento\/#breadcrumb\",\"itemListElement\":[{\"@type\":\"ListItem\",\"position\":1,\"name\":\"In\u00edcio\",\"item\":\"https:\/\/akioras.com.br\/modeloargon\/\"},{\"@type\":\"ListItem\",\"position\":2,\"name\":\"Casamento\"}]},{\"@type\":\"WebSite\",\"@id\":\"https:\/\/akioras.com.br\/modeloargon\/#website\",\"url\":\"https:\/\/akioras.com.br\/modeloargon\/\",\"name\":\"Modelo Site Argon\",\"description\":\"O Modelo Argon \u00e9 apenas um exemplo, A Argon \u00e9 localizado na Av. Dom Pedro II, 1935 - Bairro Campestre, CEP 09080-111 - Santo Andr\u00e9 - SP\",\"publisher\":{\"@id\":\"https:\/\/akioras.com.br\/modeloargon\/#organization\"},\"alternateName\":\"Argon Solu\u00e7\u00f5es em Tecnologia\",\"potentialAction\":[{\"@type\":\"SearchAction\",\"target\":{\"@type\":\"EntryPoint\",\"urlTemplate\":\"https:\/\/akioras.com.br\/modeloargon\/?s={search_term_string}\"},\"query-input\":\"required name=search_term_string\"}],\"inLanguage\":\"pt-BR\"},{\"@type\":\"Organization\",\"@id\":\"https:\/\/akioras.com.br\/modeloargon\/#organization\",\"name\":\"Argon Solu\u00e7\u00f5es em Tecnologia\",\"url\":\"https:\/\/akioras.com.br\/modeloargon\/\",\"logo\":{\"@type\":\"ImageObject\",\"inLanguage\":\"pt-BR\",\"@id\":\"https:\/\/akioras.com.br\/modeloargon\/#\/schema\/logo\/image\/\",\"url\":\"https:\/\/akioras.com.br\/modeloargon\/wp-content\/uploads\/2024\/01\/logoVilaPrudente.jpg\",\"contentUrl\":\"https:\/\/akioras.com.br\/modeloargon\/wp-content\/uploads\/2024\/01\/logoVilaPrudente.jpg\",\"width\":310,\"height\":180,\"caption\":\"Argon Solu\u00e7\u00f5es em Tecnologia\"},\"image\":{\"@id\":\"https:\/\/akioras.com.br\/modeloargon\/#\/schema\/logo\/image\/\"}}]}<\/script>\n<!-- \/ Yoast SEO plugin. -->","yoast_head_json":{"title":"Casamento - Argon Solu\u00e7\u00f5es em Tecnologia","description":"O Modelo Argon \u00e9 apenas um exemplo, A Argon \u00e9 localizado na Av. Dom Pedro II, 1935 - Bairro Campestre, CEP 09080-111 - Santo Andr\u00e9 - SP","robots":{"index":"index","follow":"follow","max-snippet":"max-snippet:-1","max-image-preview":"max-image-preview:large","max-video-preview":"max-video-preview:-1"},"canonical":"https:\/\/akioras.com.br\/modeloargon\/casamento\/","og_locale":"pt_BR","og_type":"article","og_title":"Casamento - Argon Solu\u00e7\u00f5es em Tecnologia","og_description":"O Modelo Argon \u00e9 apenas um exemplo, A Argon \u00e9 localizado na Av. Dom Pedro II, 1935 - Bairro Campestre, CEP 09080-111 - Santo Andr\u00e9 - SP","og_url":"https:\/\/akioras.com.br\/modeloargon\/casamento\/","og_site_name":"Argon Solu\u00e7\u00f5es em Tecnologia","article_modified_time":"2024-01-11T11:35:08+00:00","twitter_card":"summary_large_image","twitter_misc":{"Est. tempo de leitura":"4 minutos"},"schema":{"@context":"https:\/\/schema.org","@graph":[{"@type":"WebPage","@id":"https:\/\/akioras.com.br\/modeloargon\/casamento\/","url":"https:\/\/akioras.com.br\/modeloargon\/casamento\/","name":"Casamento - Argon Solu\u00e7\u00f5es em Tecnologia","isPartOf":{"@id":"https:\/\/akioras.com.br\/modeloargon\/#website"},"datePublished":"2024-01-04T14:35:57+00:00","dateModified":"2024-01-11T11:35:08+00:00","description":"O Modelo Argon \u00e9 apenas um exemplo, A Argon \u00e9 localizado na Av. Dom Pedro II, 1935 - Bairro Campestre, CEP 09080-111 - Santo Andr\u00e9 - SP","breadcrumb":{"@id":"https:\/\/akioras.com.br\/modeloargon\/casamento\/#breadcrumb"},"inLanguage":"pt-BR","potentialAction":[{"@type":"ReadAction","target":["https:\/\/akioras.com.br\/modeloargon\/casamento\/"]}]},{"@type":"BreadcrumbList","@id":"https:\/\/akioras.com.br\/modeloargon\/casamento\/#breadcrumb","itemListElement":[{"@type":"ListItem","position":1,"name":"In\u00edcio","item":"https:\/\/akioras.com.br\/modeloargon\/"},{"@type":"ListItem","position":2,"name":"Casamento"}]},{"@type":"WebSite","@id":"https:\/\/akioras.com.br\/modeloargon\/#website","url":"https:\/\/akioras.com.br\/modeloargon\/","name":"Modelo Site Argon","description":"O Modelo Argon \u00e9 apenas um exemplo, A Argon \u00e9 localizado na Av. Dom Pedro II, 1935 - Bairro Campestre, CEP 09080-111 - Santo Andr\u00e9 - SP","publisher":{"@id":"https:\/\/akioras.com.br\/modeloargon\/#organization"},"alternateName":"Argon Solu\u00e7\u00f5es em Tecnologia","potentialAction":[{"@type":"SearchAction","target":{"@type":"EntryPoint","urlTemplate":"https:\/\/akioras.com.br\/modeloargon\/?s={search_term_string}"},"query-input":"required name=search_term_string"}],"inLanguage":"pt-BR"},{"@type":"Organization","@id":"https:\/\/akioras.com.br\/modeloargon\/#organization","name":"Argon Solu\u00e7\u00f5es em Tecnologia","url":"https:\/\/akioras.com.br\/modeloargon\/","logo":{"@type":"ImageObject","inLanguage":"pt-BR","@id":"https:\/\/akioras.com.br\/modeloargon\/#\/schema\/logo\/image\/","url":"https:\/\/akioras.com.br\/modeloargon\/wp-content\/uploads\/2024\/01\/logoVilaPrudente.jpg","contentUrl":"https:\/\/akioras.com.br\/modeloargon\/wp-content\/uploads\/2024\/01\/logoVilaPrudente.jpg","width":310,"height":180,"caption":"Argon Solu\u00e7\u00f5es em Tecnologia"},"image":{"@id":"https:\/\/akioras.com.br\/modeloargon\/#\/schema\/logo\/image\/"}}]}},"_links":{"self":[{"href":"https:\/\/akioras.com.br\/modeloargon\/wp-json\/wp\/v2\/pages\/66","targetHints":{"allow":["GET"]}}],"collection":[{"href":"https:\/\/akioras.com.br\/modeloargon\/wp-json\/wp\/v2\/pages"}],"about":[{"href":"https:\/\/akioras.com.br\/modeloargon\/wp-json\/wp\/v2\/types\/page"}],"author":[{"embeddable":true,"href":"https:\/\/akioras.com.br\/modeloargon\/wp-json\/wp\/v2\/users\/1"}],"replies":[{"embeddable":true,"href":"https:\/\/akioras.com.br\/modeloargon\/wp-json\/wp\/v2\/comments?post=66"}],"version-history":[{"count":5,"href":"https:\/\/akioras.com.br\/modeloargon\/wp-json\/wp\/v2\/pages\/66\/revisions"}],"predecessor-version":[{"id":155,"href":"https:\/\/akioras.com.br\/modeloargon\/wp-json\/wp\/v2\/pages\/66\/revisions\/155"}],"wp:attachment":[{"href":"https:\/\/akioras.com.br\/modeloargon\/wp-json\/wp\/v2\/media?parent=66"}],"curies":[{"name":"wp","href":"https:\/\/api.w.org\/{rel}","templated":true}]}}