{"id":67,"date":"2024-01-04T11:24:35","date_gmt":"2024-01-04T14:24:35","guid":{"rendered":"https:\/\/akioras.com.br\/modeloargon\/?page_id=67"},"modified":"2024-01-11T08:33:36","modified_gmt":"2024-01-11T11:33:36","slug":"nascimento","status":"publish","type":"page","link":"https:\/\/akioras.com.br\/modeloargon\/nascimento\/","title":{"rendered":"Nascimento"},"content":{"rendered":"\n<div class=\"wp-block-group alignwide is-layout-flow wp-block-group-is-layout-flow\">\n<div class=\"wp-block-group is-content-justification-left is-layout-flex wp-container-core-group-is-layout-b010ceb7 wp-block-group-is-layout-flex\">\n<p>Sabia que agora voc\u00ea pode pedir uma certid\u00e3o de nascimento pelo nosso site?<\/p>\n\n\n\n<div class=\"wp-block-buttons is-layout-flex wp-block-buttons-is-layout-flex\">\n<div class=\"wp-block-button\"><a class=\"wp-block-button__link has-base-color has-text-color has-link-color wp-element-button\" href=\"https:\/\/akioras.com.br\/modeloargon\/pedido-certidao-de-nascimento\/\">Pe\u00e7a agora!<\/a><\/div>\n<\/div>\n<\/div>\n<\/div>\n\n\n\n<div class=\"wp-block-group alignwide has-contrast-color has-text-color has-link-color wp-elements-a4825f20ddc0069a115c015fac90884d is-layout-flow wp-block-group-is-layout-flow\">\n<p><strong>O REGISTRO DE NASCIMENTO \u00c9 GRATUITO<\/strong><\/p>\n\n\n\n<p><strong>EXIG\u00caNCIA LEGAL<\/strong><\/p>\n\n\n\n<p>Leis 6.015\/1973 e 8.560\/1992, Normas de Servi\u00e7o da Corregedoria Geral da Justi\u00e7a do Estado de S\u00e3o Paulo, Tomo II, Cap\u00edtulo XVII.<\/p>\n\n\n\n<p><strong>IMPORTANTE SABER:<\/strong><\/p>\n\n\n\n<p><strong>No caso de pais n\u00e3o casados ou em uni\u00e3o est\u00e1vel<\/strong><\/p>\n\n\n\n<p>a) genitores comparecem, pessoalmente, ou por interm\u00e9dio de procurador com poderes espec\u00edficos, ao Registro Civil das Pessoas Naturais, para efetuar o assento, do qual constar\u00e1 o nome dos genitores e dos respectivos av\u00f3s;<\/p>\n\n\n\n<p>b) apenas a m\u00e3e comparece com declara\u00e7\u00e3o de reconhecimento ou anu\u00eancia do pai \u00e0 efetiva\u00e7\u00e3o do registro;<\/p>\n\n\n\n<p>c) apenas o pai comparece, mas munido da Declara\u00e7\u00e3o de Nascido Vivo (DN) \u2013 Via amarela do hospital -, ou declara\u00e7\u00e3o m\u00e9dica que confirme a maternidade, com firma reconhecida.<strong>No caso de pais casados ou em uni\u00e3o est\u00e1vel<\/strong><\/p>\n\n\n\n<p>Basta o comparecimento de um dos genitores munido de certid\u00e3o de casamento, certid\u00e3o de convers\u00e3o de uni\u00e3o est\u00e1vel em casamento, escritura p\u00fablica de uni\u00e3o est\u00e1vel ou senten\u00e7a em que foi reconhecida a uni\u00e3o est\u00e1vel do casal.<strong>NOTA<\/strong><\/p>\n\n\n\n<p><strong>\u2013<\/strong>&nbsp;Em qualquer caso, o comparecente deve apresentar o documento original de identidade atual e em bom estado, al\u00e9m da Declara\u00e7\u00e3o de Nascido Vivo (DN) \u2013 Via amarela do hospital.<\/p>\n\n\n\n<p><strong>\u2013<\/strong>&nbsp;Quando se tratar de r\u00e9u preso, ter\u00e1 validade a declara\u00e7\u00e3o, procura\u00e7\u00e3o ou anu\u00eancia, em que a assinatura tenha sido abonada pelo diretor do pres\u00eddio ou autoridade policial competente.<strong>Prazos:<\/strong><\/p>\n\n\n\n<p>Quando o pai declarante: 15 dias<\/p>\n\n\n\n<p>Quando a m\u00e3e declarante: 60 dias<\/p>\n\n\n\n<p>Quando ambos ( pai e m\u00e3e) declarantes: 60 dias<\/p>\n\n\n\n<h4 class=\"wp-block-heading\">Veja nossos outros servi\u00e7os:<\/h4>\n\n\n\n<p><a href=\"https:\/\/akioras.com.br\/modeloargon\/casamento\/\">Casamento<\/a><br><a href=\"https:\/\/akioras.com.br\/modeloargon\/obito\/\">\u00d3bito<\/a><\/p>\n\n\n\n<h4 class=\"wp-block-heading\">Veja nossa tabela de custas para Registro Civil:<\/h4>\n\n\n\n<p><a href=\"https:\/\/arpensp.org.br\/arquivos\/uploads\/tabela-de-custas-2024-iss-integrante-2pdf-c3a9df6b7ec80b5b.pdf\">Tabela de Custas Registro Civil 2024<\/a><\/p>\n<\/div>\n","protected":false},"excerpt":{"rendered":"<p>Sabia que agora voc\u00ea pode pedir uma certid\u00e3o de nascimento pelo nosso site? O REGISTRO DE NASCIMENTO \u00c9 GRATUITO EXIG\u00caNCIA LEGAL Leis 6.015\/1973 e 8.560\/1992, Normas de Servi\u00e7o da Corregedoria Geral da Justi\u00e7a do Estado de S\u00e3o Paulo, Tomo II, Cap\u00edtulo XVII. IMPORTANTE SABER: No caso de pais n\u00e3o casados ou em uni\u00e3o est\u00e1vel a) [&hellip;]<\/p>\n","protected":false},"author":1,"featured_media":0,"parent":0,"menu_order":0,"comment_status":"closed","ping_status":"closed","template":"","meta":{"footnotes":""},"class_list":["post-67","page","type-page","status-publish","hentry"],"yoast_head":"<!-- This site is optimized with the Yoast SEO plugin v22.5 - https:\/\/yoast.com\/wordpress\/plugins\/seo\/ -->\n<title>Registro e Certid\u00e3o de Nascimento - Argon Solu\u00e7\u00f5es em Tecnologia<\/title>\n<meta name=\"description\" content=\"O Modelo Argon \u00e9 apenas um exemplo, A Argon \u00e9 localizado na Av. Dom Pedro II, 1935 - Bairro Campestre, CEP 09080-111 - Santo Andr\u00e9 - SP\" \/>\n<meta name=\"robots\" content=\"index, follow, max-snippet:-1, max-image-preview:large, max-video-preview:-1\" \/>\n<link rel=\"canonical\" href=\"https:\/\/akioras.com.br\/modeloargon\/nascimento\/\" \/>\n<meta property=\"og:locale\" content=\"pt_BR\" \/>\n<meta property=\"og:type\" content=\"article\" \/>\n<meta property=\"og:title\" content=\"Registro e Certid\u00e3o de Nascimento - Argon Solu\u00e7\u00f5es em Tecnologia\" \/>\n<meta property=\"og:description\" content=\"O Modelo Argon \u00e9 apenas um exemplo, A Argon \u00e9 localizado na Av. Dom Pedro II, 1935 - Bairro Campestre, CEP 09080-111 - Santo Andr\u00e9 - SP\" \/>\n<meta property=\"og:url\" content=\"https:\/\/akioras.com.br\/modeloargon\/nascimento\/\" \/>\n<meta property=\"og:site_name\" content=\"Argon Solu\u00e7\u00f5es em Tecnologia\" \/>\n<meta property=\"article:modified_time\" content=\"2024-01-11T11:33:36+00:00\" \/>\n<meta name=\"twitter:card\" content=\"summary_large_image\" \/>\n<meta name=\"twitter:label1\" content=\"Est. tempo de leitura\" \/>\n\t<meta name=\"twitter:data1\" content=\"2 minutos\" \/>\n<script type=\"application\/ld+json\" class=\"yoast-schema-graph\">{\"@context\":\"https:\/\/schema.org\",\"@graph\":[{\"@type\":\"WebPage\",\"@id\":\"https:\/\/akioras.com.br\/modeloargon\/nascimento\/\",\"url\":\"https:\/\/akioras.com.br\/modeloargon\/nascimento\/\",\"name\":\"Registro e Certid\u00e3o de Nascimento - Argon Solu\u00e7\u00f5es em Tecnologia\",\"isPartOf\":{\"@id\":\"https:\/\/akioras.com.br\/modeloargon\/#website\"},\"datePublished\":\"2024-01-04T14:24:35+00:00\",\"dateModified\":\"2024-01-11T11:33:36+00:00\",\"description\":\"O Modelo Argon \u00e9 apenas um exemplo, A Argon \u00e9 localizado na Av. Dom Pedro II, 1935 - Bairro Campestre, CEP 09080-111 - Santo Andr\u00e9 - SP\",\"breadcrumb\":{\"@id\":\"https:\/\/akioras.com.br\/modeloargon\/nascimento\/#breadcrumb\"},\"inLanguage\":\"pt-BR\",\"potentialAction\":[{\"@type\":\"ReadAction\",\"target\":[\"https:\/\/akioras.com.br\/modeloargon\/nascimento\/\"]}]},{\"@type\":\"BreadcrumbList\",\"@id\":\"https:\/\/akioras.com.br\/modeloargon\/nascimento\/#breadcrumb\",\"itemListElement\":[{\"@type\":\"ListItem\",\"position\":1,\"name\":\"In\u00edcio\",\"item\":\"https:\/\/akioras.com.br\/modeloargon\/\"},{\"@type\":\"ListItem\",\"position\":2,\"name\":\"Nascimento\"}]},{\"@type\":\"WebSite\",\"@id\":\"https:\/\/akioras.com.br\/modeloargon\/#website\",\"url\":\"https:\/\/akioras.com.br\/modeloargon\/\",\"name\":\"Modelo Site Argon\",\"description\":\"O Modelo Argon \u00e9 apenas um exemplo, A Argon \u00e9 localizado na Av. Dom Pedro II, 1935 - Bairro Campestre, CEP 09080-111 - Santo Andr\u00e9 - SP\",\"publisher\":{\"@id\":\"https:\/\/akioras.com.br\/modeloargon\/#organization\"},\"alternateName\":\"Argon Solu\u00e7\u00f5es em Tecnologia\",\"potentialAction\":[{\"@type\":\"SearchAction\",\"target\":{\"@type\":\"EntryPoint\",\"urlTemplate\":\"https:\/\/akioras.com.br\/modeloargon\/?s={search_term_string}\"},\"query-input\":\"required name=search_term_string\"}],\"inLanguage\":\"pt-BR\"},{\"@type\":\"Organization\",\"@id\":\"https:\/\/akioras.com.br\/modeloargon\/#organization\",\"name\":\"Argon Solu\u00e7\u00f5es em Tecnologia\",\"url\":\"https:\/\/akioras.com.br\/modeloargon\/\",\"logo\":{\"@type\":\"ImageObject\",\"inLanguage\":\"pt-BR\",\"@id\":\"https:\/\/akioras.com.br\/modeloargon\/#\/schema\/logo\/image\/\",\"url\":\"https:\/\/akioras.com.br\/modeloargon\/wp-content\/uploads\/2024\/01\/logoVilaPrudente.jpg\",\"contentUrl\":\"https:\/\/akioras.com.br\/modeloargon\/wp-content\/uploads\/2024\/01\/logoVilaPrudente.jpg\",\"width\":310,\"height\":180,\"caption\":\"Argon Solu\u00e7\u00f5es em Tecnologia\"},\"image\":{\"@id\":\"https:\/\/akioras.com.br\/modeloargon\/#\/schema\/logo\/image\/\"}}]}<\/script>\n<!-- \/ Yoast SEO plugin. -->","yoast_head_json":{"title":"Registro e Certid\u00e3o de Nascimento - Argon Solu\u00e7\u00f5es em Tecnologia","description":"O Modelo Argon \u00e9 apenas um exemplo, A Argon \u00e9 localizado na Av. Dom Pedro II, 1935 - Bairro Campestre, CEP 09080-111 - Santo Andr\u00e9 - SP","robots":{"index":"index","follow":"follow","max-snippet":"max-snippet:-1","max-image-preview":"max-image-preview:large","max-video-preview":"max-video-preview:-1"},"canonical":"https:\/\/akioras.com.br\/modeloargon\/nascimento\/","og_locale":"pt_BR","og_type":"article","og_title":"Registro e Certid\u00e3o de Nascimento - Argon Solu\u00e7\u00f5es em Tecnologia","og_description":"O Modelo Argon \u00e9 apenas um exemplo, A Argon \u00e9 localizado na Av. Dom Pedro II, 1935 - Bairro Campestre, CEP 09080-111 - Santo Andr\u00e9 - SP","og_url":"https:\/\/akioras.com.br\/modeloargon\/nascimento\/","og_site_name":"Argon Solu\u00e7\u00f5es em Tecnologia","article_modified_time":"2024-01-11T11:33:36+00:00","twitter_card":"summary_large_image","twitter_misc":{"Est. tempo de leitura":"2 minutos"},"schema":{"@context":"https:\/\/schema.org","@graph":[{"@type":"WebPage","@id":"https:\/\/akioras.com.br\/modeloargon\/nascimento\/","url":"https:\/\/akioras.com.br\/modeloargon\/nascimento\/","name":"Registro e Certid\u00e3o de Nascimento - Argon Solu\u00e7\u00f5es em Tecnologia","isPartOf":{"@id":"https:\/\/akioras.com.br\/modeloargon\/#website"},"datePublished":"2024-01-04T14:24:35+00:00","dateModified":"2024-01-11T11:33:36+00:00","description":"O Modelo Argon \u00e9 apenas um exemplo, A Argon \u00e9 localizado na Av. Dom Pedro II, 1935 - Bairro Campestre, CEP 09080-111 - Santo Andr\u00e9 - SP","breadcrumb":{"@id":"https:\/\/akioras.com.br\/modeloargon\/nascimento\/#breadcrumb"},"inLanguage":"pt-BR","potentialAction":[{"@type":"ReadAction","target":["https:\/\/akioras.com.br\/modeloargon\/nascimento\/"]}]},{"@type":"BreadcrumbList","@id":"https:\/\/akioras.com.br\/modeloargon\/nascimento\/#breadcrumb","itemListElement":[{"@type":"ListItem","position":1,"name":"In\u00edcio","item":"https:\/\/akioras.com.br\/modeloargon\/"},{"@type":"ListItem","position":2,"name":"Nascimento"}]},{"@type":"WebSite","@id":"https:\/\/akioras.com.br\/modeloargon\/#website","url":"https:\/\/akioras.com.br\/modeloargon\/","name":"Modelo Site Argon","description":"O Modelo Argon \u00e9 apenas um exemplo, A Argon \u00e9 localizado na Av. Dom Pedro II, 1935 - Bairro Campestre, CEP 09080-111 - Santo Andr\u00e9 - SP","publisher":{"@id":"https:\/\/akioras.com.br\/modeloargon\/#organization"},"alternateName":"Argon Solu\u00e7\u00f5es em Tecnologia","potentialAction":[{"@type":"SearchAction","target":{"@type":"EntryPoint","urlTemplate":"https:\/\/akioras.com.br\/modeloargon\/?s={search_term_string}"},"query-input":"required name=search_term_string"}],"inLanguage":"pt-BR"},{"@type":"Organization","@id":"https:\/\/akioras.com.br\/modeloargon\/#organization","name":"Argon Solu\u00e7\u00f5es em Tecnologia","url":"https:\/\/akioras.com.br\/modeloargon\/","logo":{"@type":"ImageObject","inLanguage":"pt-BR","@id":"https:\/\/akioras.com.br\/modeloargon\/#\/schema\/logo\/image\/","url":"https:\/\/akioras.com.br\/modeloargon\/wp-content\/uploads\/2024\/01\/logoVilaPrudente.jpg","contentUrl":"https:\/\/akioras.com.br\/modeloargon\/wp-content\/uploads\/2024\/01\/logoVilaPrudente.jpg","width":310,"height":180,"caption":"Argon Solu\u00e7\u00f5es em Tecnologia"},"image":{"@id":"https:\/\/akioras.com.br\/modeloargon\/#\/schema\/logo\/image\/"}}]}},"_links":{"self":[{"href":"https:\/\/akioras.com.br\/modeloargon\/wp-json\/wp\/v2\/pages\/67","targetHints":{"allow":["GET"]}}],"collection":[{"href":"https:\/\/akioras.com.br\/modeloargon\/wp-json\/wp\/v2\/pages"}],"about":[{"href":"https:\/\/akioras.com.br\/modeloargon\/wp-json\/wp\/v2\/types\/page"}],"author":[{"embeddable":true,"href":"https:\/\/akioras.com.br\/modeloargon\/wp-json\/wp\/v2\/users\/1"}],"replies":[{"embeddable":true,"href":"https:\/\/akioras.com.br\/modeloargon\/wp-json\/wp\/v2\/comments?post=67"}],"version-history":[{"count":5,"href":"https:\/\/akioras.com.br\/modeloargon\/wp-json\/wp\/v2\/pages\/67\/revisions"}],"predecessor-version":[{"id":156,"href":"https:\/\/akioras.com.br\/modeloargon\/wp-json\/wp\/v2\/pages\/67\/revisions\/156"}],"wp:attachment":[{"href":"https:\/\/akioras.com.br\/modeloargon\/wp-json\/wp\/v2\/media?parent=67"}],"curies":[{"name":"wp","href":"https:\/\/api.w.org\/{rel}","templated":true}]}}