{"id":82,"date":"2024-01-04T12:29:48","date_gmt":"2024-01-04T15:29:48","guid":{"rendered":"https:\/\/akioras.com.br\/modeloargon\/?page_id=82"},"modified":"2024-01-11T08:33:53","modified_gmt":"2024-01-11T11:33:53","slug":"login-mensalista","status":"publish","type":"page","link":"https:\/\/akioras.com.br\/modeloargon\/login-mensalista\/","title":{"rendered":"Login Mensalista"},"content":{"rendered":"\n<div class=\"wp-block-group alignwide has-contrast-color has-text-color has-link-color wp-elements-0fb5d0fd29634609a490b542f00fa2a0 is-layout-flow wp-block-group-is-layout-flow\">\n<link href=\"https:\/\/fonts.googleapis.com\/css?family=Roboto:100,300,400,500,700,900\" rel=\"stylesheet\">\n<link href=\"https:\/\/cdn.jsdelivr.net\/npm\/@mdi\/font@4.x\/css\/materialdesignicons.min.css\" rel=\"stylesheet\">\n<link href=\"https:\/\/cdn.jsdelivr.net\/npm\/vuetify@2.x\/dist\/vuetify.min.css\" rel=\"stylesheet\">\n<meta name=\"viewport\" content=\"width=device-width, initial-scale=1, maximum-scale=1, user-scalable=no, minimal-ui\">\n<style>\n    .page-builder {\n        margin: 0px;\n        padding: 0px !important;\n    }\n\n    .v-menu__content {\n        top: 20px !important;\n    }\n<\/style>\n\n<div id=\"app\">\n    <v-app id=\"inspire\">\n\n        <v-app-bar app=\"\" color=\"white\" v-if=\"isLogged\" shrink-on-scroll=\"\">\n\n            <v-toolbar-title>\n                <v-avatar class=\"hidden-sm-and-down\" color=\"grey darken-1 shrink\" size=\"32\"><\/v-avatar>\n                {{userName}}\n            <\/v-toolbar-title>\n\n            <v-spacer><\/v-spacer>\n\n            <v-btn icon=\"\" @click=\"logOut\">\n                <v-icon>mdi-logout-variant<\/v-icon>\n            <\/v-btn>\n\n            <template v-slot:extension=\"\">\n                <v-tabs centered=\"\" color=\"grey darken-1\" v-model=\"tab\">\n                    <v-tab v-for=\"link in links\" :key=\"link.title\" @click=\"to(link.component)\">\n                        {{ link.title }}\n                    <\/v-tab>\n                <\/v-tabs>\n            <\/template>\n\n        <\/v-app-bar>\n\n        <v-main class=\"grey lighten-3\">\n\n            <v-container fluid=\"\">\n                <v-row align=\"center\" justify=\"center\">\n                    <v-col cols=\"12\">\n                        <component :is=\"load\"><\/component>\n                    <\/v-col>\n                <\/v-row>\n            <\/v-container>\n\n        <\/v-main>\n    <\/v-app>\n<\/div>\n\n<script src=\"..\/wp-content\/themes\/titan-digital-agency\/argon\/js\/lib\/sweetalert2.all.min.js\"><\/script>\n<script type=\"module\" src=\"..\/wp-content\/themes\/titan-digital-agency\/argon\/js\/mensalista\/mensalista.js\"><\/script>\n\n<!-- <script src=\"\/wp-content\/themes\/appointment-pro\/js\/argon\/lib\/sweetalert2.all.min.js\"><\/script>\n\n<script type=\"module\" src=\"\/wp-content\/themes\/appointment-pro\/js\/argon\/mensalista\/mensalista.js\"><\/script> -->\n\n\n\n<div style=\"height:32px\" aria-hidden=\"true\" class=\"wp-block-spacer\"><\/div>\n\n\n\n<h4 class=\"wp-block-heading\">Caso tenha alguma d\u00favida entre em contato conosco!<\/h4>\n\n\n\n<p><a href=\"https:\/\/akioras.com.br\/modeloargon\/fale-conosco\/\">Fale Conosco.<\/a><\/p>\n<\/div>\n","protected":false},"excerpt":{"rendered":"<p>{{userName}} mdi-logout-variant {{ link.title }} Caso tenha alguma d\u00favida entre em contato conosco! Fale Conosco.<\/p>\n","protected":false},"author":1,"featured_media":0,"parent":0,"menu_order":0,"comment_status":"closed","ping_status":"closed","template":"","meta":{"footnotes":""},"class_list":["post-82","page","type-page","status-publish","hentry"],"yoast_head":"<!-- This site is optimized with the Yoast SEO plugin v22.5 - https:\/\/yoast.com\/wordpress\/plugins\/seo\/ -->\n<title>Login Mensalista - Argon Solu\u00e7\u00f5es em Tecnologia<\/title>\n<meta name=\"description\" content=\"O Modelo Argon \u00e9 apenas um exemplo, A Argon \u00e9 localizado na Av. Dom Pedro II, 1935 - Bairro Campestre, CEP 09080-111 - Santo Andr\u00e9 - SP\" \/>\n<meta name=\"robots\" content=\"index, follow, max-snippet:-1, max-image-preview:large, max-video-preview:-1\" \/>\n<link rel=\"canonical\" href=\"https:\/\/akioras.com.br\/modeloargon\/login-mensalista\/\" \/>\n<meta property=\"og:locale\" content=\"pt_BR\" \/>\n<meta property=\"og:type\" content=\"article\" \/>\n<meta property=\"og:title\" content=\"Login Mensalista - Argon Solu\u00e7\u00f5es em Tecnologia\" \/>\n<meta property=\"og:description\" content=\"O Modelo Argon \u00e9 apenas um exemplo, A Argon \u00e9 localizado na Av. Dom Pedro II, 1935 - Bairro Campestre, CEP 09080-111 - Santo Andr\u00e9 - SP\" \/>\n<meta property=\"og:url\" content=\"https:\/\/akioras.com.br\/modeloargon\/login-mensalista\/\" \/>\n<meta property=\"og:site_name\" content=\"Argon Solu\u00e7\u00f5es em Tecnologia\" \/>\n<meta property=\"article:modified_time\" content=\"2024-01-11T11:33:53+00:00\" \/>\n<meta name=\"twitter:card\" content=\"summary_large_image\" \/>\n<meta name=\"twitter:label1\" content=\"Est. tempo de leitura\" \/>\n\t<meta name=\"twitter:data1\" content=\"1 minuto\" \/>\n<script type=\"application\/ld+json\" class=\"yoast-schema-graph\">{\"@context\":\"https:\/\/schema.org\",\"@graph\":[{\"@type\":\"WebPage\",\"@id\":\"https:\/\/akioras.com.br\/modeloargon\/login-mensalista\/\",\"url\":\"https:\/\/akioras.com.br\/modeloargon\/login-mensalista\/\",\"name\":\"Login Mensalista - Argon Solu\u00e7\u00f5es em Tecnologia\",\"isPartOf\":{\"@id\":\"https:\/\/akioras.com.br\/modeloargon\/#website\"},\"datePublished\":\"2024-01-04T15:29:48+00:00\",\"dateModified\":\"2024-01-11T11:33:53+00:00\",\"description\":\"O Modelo Argon \u00e9 apenas um exemplo, A Argon \u00e9 localizado na Av. Dom Pedro II, 1935 - Bairro Campestre, CEP 09080-111 - Santo Andr\u00e9 - SP\",\"breadcrumb\":{\"@id\":\"https:\/\/akioras.com.br\/modeloargon\/login-mensalista\/#breadcrumb\"},\"inLanguage\":\"pt-BR\",\"potentialAction\":[{\"@type\":\"ReadAction\",\"target\":[\"https:\/\/akioras.com.br\/modeloargon\/login-mensalista\/\"]}]},{\"@type\":\"BreadcrumbList\",\"@id\":\"https:\/\/akioras.com.br\/modeloargon\/login-mensalista\/#breadcrumb\",\"itemListElement\":[{\"@type\":\"ListItem\",\"position\":1,\"name\":\"In\u00edcio\",\"item\":\"https:\/\/akioras.com.br\/modeloargon\/\"},{\"@type\":\"ListItem\",\"position\":2,\"name\":\"Login Mensalista\"}]},{\"@type\":\"WebSite\",\"@id\":\"https:\/\/akioras.com.br\/modeloargon\/#website\",\"url\":\"https:\/\/akioras.com.br\/modeloargon\/\",\"name\":\"Modelo Site Argon\",\"description\":\"O Modelo Argon \u00e9 apenas um exemplo, A Argon \u00e9 localizado na Av. Dom Pedro II, 1935 - Bairro Campestre, CEP 09080-111 - Santo Andr\u00e9 - SP\",\"publisher\":{\"@id\":\"https:\/\/akioras.com.br\/modeloargon\/#organization\"},\"alternateName\":\"Argon Solu\u00e7\u00f5es em Tecnologia\",\"potentialAction\":[{\"@type\":\"SearchAction\",\"target\":{\"@type\":\"EntryPoint\",\"urlTemplate\":\"https:\/\/akioras.com.br\/modeloargon\/?s={search_term_string}\"},\"query-input\":\"required name=search_term_string\"}],\"inLanguage\":\"pt-BR\"},{\"@type\":\"Organization\",\"@id\":\"https:\/\/akioras.com.br\/modeloargon\/#organization\",\"name\":\"Argon Solu\u00e7\u00f5es em Tecnologia\",\"url\":\"https:\/\/akioras.com.br\/modeloargon\/\",\"logo\":{\"@type\":\"ImageObject\",\"inLanguage\":\"pt-BR\",\"@id\":\"https:\/\/akioras.com.br\/modeloargon\/#\/schema\/logo\/image\/\",\"url\":\"https:\/\/akioras.com.br\/modeloargon\/wp-content\/uploads\/2024\/01\/logoVilaPrudente.jpg\",\"contentUrl\":\"https:\/\/akioras.com.br\/modeloargon\/wp-content\/uploads\/2024\/01\/logoVilaPrudente.jpg\",\"width\":310,\"height\":180,\"caption\":\"Argon Solu\u00e7\u00f5es em Tecnologia\"},\"image\":{\"@id\":\"https:\/\/akioras.com.br\/modeloargon\/#\/schema\/logo\/image\/\"}}]}<\/script>\n<!-- \/ Yoast SEO plugin. -->","yoast_head_json":{"title":"Login Mensalista - Argon Solu\u00e7\u00f5es em Tecnologia","description":"O Modelo Argon \u00e9 apenas um exemplo, A Argon \u00e9 localizado na Av. Dom Pedro II, 1935 - Bairro Campestre, CEP 09080-111 - Santo Andr\u00e9 - SP","robots":{"index":"index","follow":"follow","max-snippet":"max-snippet:-1","max-image-preview":"max-image-preview:large","max-video-preview":"max-video-preview:-1"},"canonical":"https:\/\/akioras.com.br\/modeloargon\/login-mensalista\/","og_locale":"pt_BR","og_type":"article","og_title":"Login Mensalista - Argon Solu\u00e7\u00f5es em Tecnologia","og_description":"O Modelo Argon \u00e9 apenas um exemplo, A Argon \u00e9 localizado na Av. Dom Pedro II, 1935 - Bairro Campestre, CEP 09080-111 - Santo Andr\u00e9 - SP","og_url":"https:\/\/akioras.com.br\/modeloargon\/login-mensalista\/","og_site_name":"Argon Solu\u00e7\u00f5es em Tecnologia","article_modified_time":"2024-01-11T11:33:53+00:00","twitter_card":"summary_large_image","twitter_misc":{"Est. tempo de leitura":"1 minuto"},"schema":{"@context":"https:\/\/schema.org","@graph":[{"@type":"WebPage","@id":"https:\/\/akioras.com.br\/modeloargon\/login-mensalista\/","url":"https:\/\/akioras.com.br\/modeloargon\/login-mensalista\/","name":"Login Mensalista - Argon Solu\u00e7\u00f5es em Tecnologia","isPartOf":{"@id":"https:\/\/akioras.com.br\/modeloargon\/#website"},"datePublished":"2024-01-04T15:29:48+00:00","dateModified":"2024-01-11T11:33:53+00:00","description":"O Modelo Argon \u00e9 apenas um exemplo, A Argon \u00e9 localizado na Av. Dom Pedro II, 1935 - Bairro Campestre, CEP 09080-111 - Santo Andr\u00e9 - SP","breadcrumb":{"@id":"https:\/\/akioras.com.br\/modeloargon\/login-mensalista\/#breadcrumb"},"inLanguage":"pt-BR","potentialAction":[{"@type":"ReadAction","target":["https:\/\/akioras.com.br\/modeloargon\/login-mensalista\/"]}]},{"@type":"BreadcrumbList","@id":"https:\/\/akioras.com.br\/modeloargon\/login-mensalista\/#breadcrumb","itemListElement":[{"@type":"ListItem","position":1,"name":"In\u00edcio","item":"https:\/\/akioras.com.br\/modeloargon\/"},{"@type":"ListItem","position":2,"name":"Login Mensalista"}]},{"@type":"WebSite","@id":"https:\/\/akioras.com.br\/modeloargon\/#website","url":"https:\/\/akioras.com.br\/modeloargon\/","name":"Modelo Site Argon","description":"O Modelo Argon \u00e9 apenas um exemplo, A Argon \u00e9 localizado na Av. Dom Pedro II, 1935 - Bairro Campestre, CEP 09080-111 - Santo Andr\u00e9 - SP","publisher":{"@id":"https:\/\/akioras.com.br\/modeloargon\/#organization"},"alternateName":"Argon Solu\u00e7\u00f5es em Tecnologia","potentialAction":[{"@type":"SearchAction","target":{"@type":"EntryPoint","urlTemplate":"https:\/\/akioras.com.br\/modeloargon\/?s={search_term_string}"},"query-input":"required name=search_term_string"}],"inLanguage":"pt-BR"},{"@type":"Organization","@id":"https:\/\/akioras.com.br\/modeloargon\/#organization","name":"Argon Solu\u00e7\u00f5es em Tecnologia","url":"https:\/\/akioras.com.br\/modeloargon\/","logo":{"@type":"ImageObject","inLanguage":"pt-BR","@id":"https:\/\/akioras.com.br\/modeloargon\/#\/schema\/logo\/image\/","url":"https:\/\/akioras.com.br\/modeloargon\/wp-content\/uploads\/2024\/01\/logoVilaPrudente.jpg","contentUrl":"https:\/\/akioras.com.br\/modeloargon\/wp-content\/uploads\/2024\/01\/logoVilaPrudente.jpg","width":310,"height":180,"caption":"Argon Solu\u00e7\u00f5es em Tecnologia"},"image":{"@id":"https:\/\/akioras.com.br\/modeloargon\/#\/schema\/logo\/image\/"}}]}},"_links":{"self":[{"href":"https:\/\/akioras.com.br\/modeloargon\/wp-json\/wp\/v2\/pages\/82","targetHints":{"allow":["GET"]}}],"collection":[{"href":"https:\/\/akioras.com.br\/modeloargon\/wp-json\/wp\/v2\/pages"}],"about":[{"href":"https:\/\/akioras.com.br\/modeloargon\/wp-json\/wp\/v2\/types\/page"}],"author":[{"embeddable":true,"href":"https:\/\/akioras.com.br\/modeloargon\/wp-json\/wp\/v2\/users\/1"}],"replies":[{"embeddable":true,"href":"https:\/\/akioras.com.br\/modeloargon\/wp-json\/wp\/v2\/comments?post=82"}],"version-history":[{"count":7,"href":"https:\/\/akioras.com.br\/modeloargon\/wp-json\/wp\/v2\/pages\/82\/revisions"}],"predecessor-version":[{"id":165,"href":"https:\/\/akioras.com.br\/modeloargon\/wp-json\/wp\/v2\/pages\/82\/revisions\/165"}],"wp:attachment":[{"href":"https:\/\/akioras.com.br\/modeloargon\/wp-json\/wp\/v2\/media?parent=82"}],"curies":[{"name":"wp","href":"https:\/\/api.w.org\/{rel}","templated":true}]}}